{"id":769,"date":"2009-02-17T02:28:14","date_gmt":"2009-02-17T00:28:14","guid":{"rendered":"http:\/\/www.orav.ee\/?page_id=769"},"modified":"2020-10-09T14:59:25","modified_gmt":"2020-10-09T12:59:25","slug":"kontakt-2","status":"publish","type":"page","link":"https:\/\/orav.ee\/?page_id=769","title":{"rendered":"kontakt"},"content":{"rendered":"<p style=\"text-align: justify;\"><strong>orav.ee suguv\u00f5salehe<\/strong> eesm\u00e4rk on tugevdada sugulaste omavahelisi sidemeid, luua v\u00f5imalusi kokkusaamisteks ja anda \u00fclevaadet sugulaste tegemistest. Hetkel kajastame kodulehel eesootavaid s\u00fcndmuseid, suguv\u00f5sa kokkutulekuid, jagame infot s\u00fcnnip\u00e4evadest ja pulma- aastap\u00e4evadest. Kindlasti pakub p\u00f5nevat avastamist sugulaste l\u00fchikirjelduste lehek\u00fclg, suguv\u00f5saga seotud videod ja orav.ee fotoalbum.<\/p>\n<p style=\"text-align: justify;\">Siinkohal tahaksin t\u00e4nada k\u00f5iki, kes on toetanud suguv\u00f5salehe tegevust ja andnud j\u00f5udu edaspidiseks. Erilised T\u00e4nud sinule <a title=\"Tiia Randma\" href=\"https:\/\/www.orav.ee\/?page_id=250\"><strong>Tiia Randma<\/strong><\/a>, kes sa olid abiks <a title=\"orav.ee suguv\u00f5saliikmed\" href=\"https:\/\/www.orav.ee\/?page_id=23\">suguv\u00f5saliikmete<\/a> l\u00fchikirjelduste koostamisel. T\u00e4nan ka k\u00f5iki suguv\u00f5salehe rahalisi toetajaid.<\/p>\n\n\n<div style=\"height:20px\" aria-hidden=\"true\" class=\"wp-block-spacer\"><\/div>\n\n\n<p style=\"text-align: justify;\"><em>Koduleht pole kaugeltki valmis ja ideid mida kasutada on palju. Samas on alati teretulnud ka k\u00f5igi sugulaste ettepanekud ja soovitused, kuidas orav.ee suguv\u00f5salehte veelgi huvitavamaks muuta. Ettepanekute, soovituste ja lehele info lisamiseks saada e-mail aadressile: <a href=\"mailto:info@orav.ee\">info@orav.ee<\/a><\/em><\/p>","protected":false},"excerpt":{"rendered":"<p>orav.ee suguv\u00f5salehe eesm\u00e4rk on tugevdada sugulaste omavahelisi sidemeid, luua v\u00f5imalusi kokkusaamisteks ja anda \u00fclevaadet sugulaste tegemistest. Hetkel kajastame kodulehel eesootavaid s\u00fcndmuseid, suguv\u00f5sa kokkutulekuid, jagame infot s\u00fcnnip\u00e4evadest ja pulma- aastap\u00e4evadest. Kindlasti pakub p\u00f5nevat avastamist sugulaste l\u00fchikirjelduste lehek\u00fclg, suguv\u00f5saga seotud videod ja orav.ee fotoalbum. Siinkohal tahaksin t\u00e4nada k\u00f5iki, kes on toetanud suguv\u00f5salehe tegevust ja andnud j\u00f5udu edaspidiseks.&hellip;<a href=\"https:\/\/orav.ee\/?page_id=769\" class=\"button\">Read more <span class=\"screen-reader-text\">kontakt<\/span><\/a><\/p>\n","protected":false},"author":1,"featured_media":0,"parent":0,"menu_order":5,"comment_status":"closed","ping_status":"closed","template":"","meta":{"_acf_changed":false,"footnotes":""},"class_list":["post-769","page","type-page","status-publish","hentry"],"acf":[],"_links":{"self":[{"href":"https:\/\/orav.ee\/index.php?rest_route=\/wp\/v2\/pages\/769","targetHints":{"allow":["GET"]}}],"collection":[{"href":"https:\/\/orav.ee\/index.php?rest_route=\/wp\/v2\/pages"}],"about":[{"href":"https:\/\/orav.ee\/index.php?rest_route=\/wp\/v2\/types\/page"}],"author":[{"embeddable":true,"href":"https:\/\/orav.ee\/index.php?rest_route=\/wp\/v2\/users\/1"}],"replies":[{"embeddable":true,"href":"https:\/\/orav.ee\/index.php?rest_route=%2Fwp%2Fv2%2Fcomments&post=769"}],"version-history":[{"count":40,"href":"https:\/\/orav.ee\/index.php?rest_route=\/wp\/v2\/pages\/769\/revisions"}],"predecessor-version":[{"id":3099,"href":"https:\/\/orav.ee\/index.php?rest_route=\/wp\/v2\/pages\/769\/revisions\/3099"}],"wp:attachment":[{"href":"https:\/\/orav.ee\/index.php?rest_route=%2Fwp%2Fv2%2Fmedia&parent=769"}],"curies":[{"name":"wp","href":"https:\/\/api.w.org\/{rel}","templated":true}]}}