{"id":319,"date":"2008-12-01T20:40:46","date_gmt":"2008-12-01T18:40:46","guid":{"rendered":"http:\/\/raino.orav.ee\/?page_id=319"},"modified":"2020-09-14T09:45:45","modified_gmt":"2020-09-14T07:45:45","slug":"detsember-joulukuu","status":"publish","type":"page","link":"https:\/\/orav.ee\/?page_id=319","title":{"rendered":"detsember | j\u00f5ulukuu"},"content":{"rendered":"<p style=\"font-family: Georgia,Times New Roman,Times,serif; font-size: larger; font-weight: bold;\" align=\"left\">\n<p style=\"font-family: Georgia,Times New Roman,Times,serif; font-size: larger; font-weight: bold;\" align=\"left\">PULMA- AASTAP\u00c4EVAD<\/p>\n<table style=\"height: 42px;\" width=\"273\" border=\"0\">\n<tbody>\n<tr>\n<td align=\"right\"><strong> <\/strong><strong>Johannes ja Miia Orav<\/strong><\/td>\n<td align=\"left\"><span class=\"copyright\">| <\/span><em>24. detsember 1946<\/em><\/td>\n<\/tr>\n<tr>\n<td align=\"right\"><strong> <\/strong><strong><\/strong><strong>Kalle ja Sirje Orav<\/strong><\/td>\n<td align=\"left\"><span class=\"copyright\">| <\/span><em>27. detsember 1975<\/em><\/td>\n<\/tr>\n<\/tbody>\n<\/table>\n<p style=\"font-family: Georgia,Times New Roman,Times,serif; font-size: larger; font-weight: bold;\" align=\"left\">\n<p style=\"font-family: Georgia,Times New Roman,Times,serif; font-size: larger; font-weight: bold;\" align=\"left\">M\u00c4LESTAGEM LAHKUNUID<\/p>\n<table style=\"height: 24px;\" width=\"437\" border=\"0\">\n<tbody>\n<tr>\n<td align=\"right\"><strong> <\/strong><a title=\"Miia Orav\" href=\"http:\/\/www.orav.ee\/?page_id=221\"><strong>Miia Orav<\/strong><\/a><\/td>\n<td align=\"left\"><span class=\"copyright\">| <\/span><em>11. detsember 2002<\/em><\/td>\n<\/tr>\n<\/tbody>\n<\/table>\n<p style=\"font-family: Georgia,Times New Roman,Times,serif; font-size: larger; font-weight: bold;\" align=\"left\">\n<p style=\"font-family: Georgia,Times New Roman,Times,serif; font-size: larger; font-weight: bold;\" align=\"left\">S\u00dcNNIP\u00c4EVAD<\/p>\n<table style=\"height: 124px;\" width=\"413\" border=\"0\">\n<tbody>\n<tr>\n<td align=\"right\"><strong> <\/strong><a title=\"Maaja Karjus\" href=\"http:\/\/www.orav.ee\/?page_id=241\"><strong>Maaja Karjus<\/strong><\/a><\/td>\n<td align=\"left\"><span class=\"copyright\">| <\/span><em>11. detsember 1957<\/em><\/td>\n<\/tr>\n<tr>\n<td align=\"right\"><strong> <\/strong><a title=\"Miia- Eliise Pors\" href=\"http:\/\/www.orav.ee\/?page_id=238\"><strong>Miia Eliise Pors<\/strong><\/a><\/td>\n<td align=\"left\"><span class=\"copyright\">| <\/span><em>11. detsember 2002<\/em><\/td>\n<\/tr>\n<tr>\n<td align=\"right\"><strong> <\/strong><a title=\"Rasmus Jakk\" href=\"http:\/\/www.orav.ee\/?page_id=232\"><strong>Rasmus Jakk<\/strong><\/a><\/td>\n<td align=\"left\"><span class=\"copyright\">| <\/span><em>12. detsember 2005<\/em><\/td>\n<\/tr>\n<tr>\n<td align=\"right\"><strong> <\/strong><a title=\"Heiki Randma\" href=\"http:\/\/www.orav.ee\/?page_id=252\"><strong>Heiki Randma<\/strong><\/a><\/td>\n<td align=\"left\"><span class=\"copyright\">| <\/span><em>16. detsember 1956<\/em><\/td>\n<\/tr>\n<tr>\n<td align=\"right\"><strong>Andrus Roosma<\/strong><\/td>\n<td align=\"left\"><span class=\"copyright\">| <\/span><em>17. detsember 1955, kell 07:00<\/em><\/td>\n<\/tr>\n<tr>\n<td align=\"right\"><strong>Hannes Roosma<\/strong><\/td>\n<td align=\"left\"><span class=\"copyright\">| <\/span><em>20. detsember 1979<\/em><\/td>\n<\/tr>\n<\/tbody>\n<\/table>\n<p style=\"font-family: Georgia,Times New Roman,Times,serif; font-size: larger; font-weight: bold;\" align=\"left\">\n<p style=\"font-family: Georgia,Times New Roman,Times,serif; font-size: larger; font-weight: bold;\" align=\"left\">NIMEP\u00c4EVAD<\/p>\n<table style=\"height: 44px;\" width=\"302\" border=\"0\">\n<tbody>\n<tr>\n<td align=\"right\"><strong><a title=\"Raido Sildoja\" href=\"http:\/\/www.orav.ee\/?page_id=225\">Raido Sildoja<\/a><br \/>\n<\/strong><\/td>\n<td align=\"left\"><span class=\"copyright\">| <\/span><em>09. detsember<br \/>\n<\/em><\/td>\n<\/tr>\n<tr>\n<td align=\"right\"><strong>Luise Tipse<br \/>\n<\/strong><\/td>\n<td align=\"left\"><span class=\"copyright\">| <\/span><em>13. detsember<br \/>\n<\/em><\/td>\n<\/tr>\n<\/tbody>\n<\/table>\n<p align=\"left\"><em><br \/>\n<\/em><\/p>\n<p align=\"left\"><em><br \/>\n<\/em><\/p>\n","protected":false},"excerpt":{"rendered":"<p>PULMA- AASTAP\u00c4EVAD Johannes ja Miia Orav | 24. detsember 1946 Kalle ja Sirje Orav | 27. detsember 1975 M\u00c4LESTAGEM LAHKUNUID Miia Orav | 11. detsember 2002 S\u00dcNNIP\u00c4EVAD Maaja Karjus | 11. detsember 1957 Miia Eliise Pors | 11. detsember 2002 Rasmus Jakk | 12. detsember 2005 Heiki Randma | 16. detsember 1956 Andrus Roosma |&hellip;<a href=\"https:\/\/orav.ee\/?page_id=319\" class=\"button\">Read more <span class=\"screen-reader-text\">detsember | j\u00f5ulukuu<\/span><\/a><\/p>\n","protected":false},"author":1,"featured_media":0,"parent":278,"menu_order":12,"comment_status":"closed","ping_status":"closed","template":"","meta":{"_acf_changed":false,"footnotes":""},"class_list":["post-319","page","type-page","status-publish","hentry"],"acf":[],"_links":{"self":[{"href":"https:\/\/orav.ee\/index.php?rest_route=\/wp\/v2\/pages\/319","targetHints":{"allow":["GET"]}}],"collection":[{"href":"https:\/\/orav.ee\/index.php?rest_route=\/wp\/v2\/pages"}],"about":[{"href":"https:\/\/orav.ee\/index.php?rest_route=\/wp\/v2\/types\/page"}],"author":[{"embeddable":true,"href":"https:\/\/orav.ee\/index.php?rest_route=\/wp\/v2\/users\/1"}],"replies":[{"embeddable":true,"href":"https:\/\/orav.ee\/index.php?rest_route=%2Fwp%2Fv2%2Fcomments&post=319"}],"version-history":[{"count":15,"href":"https:\/\/orav.ee\/index.php?rest_route=\/wp\/v2\/pages\/319\/revisions"}],"predecessor-version":[{"id":2666,"href":"https:\/\/orav.ee\/index.php?rest_route=\/wp\/v2\/pages\/319\/revisions\/2666"}],"up":[{"embeddable":true,"href":"https:\/\/orav.ee\/index.php?rest_route=\/wp\/v2\/pages\/278"}],"wp:attachment":[{"href":"https:\/\/orav.ee\/index.php?rest_route=%2Fwp%2Fv2%2Fmedia&parent=319"}],"curies":[{"name":"wp","href":"https:\/\/api.w.org\/{rel}","templated":true}]}}