{"id":316,"date":"2008-12-01T20:36:43","date_gmt":"2008-12-01T18:36:43","guid":{"rendered":"http:\/\/raino.orav.ee\/?page_id=316"},"modified":"2020-09-14T09:46:03","modified_gmt":"2020-09-14T07:46:03","slug":"september-sugiskuu","status":"publish","type":"page","link":"https:\/\/orav.ee\/?page_id=316","title":{"rendered":"september | s\u00fcgiskuu"},"content":{"rendered":"<p style=\"font-family: Georgia,Times New Roman,Times,serif; font-size: larger; font-weight: bold;\" align=\"left\">\n<p style=\"font-family: Georgia,Times New Roman,Times,serif; font-size: larger; font-weight: bold;\" align=\"left\">M\u00c4LESTAGEM LAHKUNUID<\/p>\n<table style=\"height: 44px;\" width=\"327\" border=\"0\">\n<tbody>\n<tr>\n<td align=\"right\"><strong><a title=\"Johannes Orav\" href=\"http:\/\/www.orav.ee\/?page_id=222\">Johannes Orav<\/a><br \/>\n<\/strong><\/td>\n<td align=\"left\"><span class=\"copyright\">| <\/span><em>03. september 1997<br \/>\n<\/em><\/td>\n<\/tr>\n<tr>\n<td align=\"right\"><strong> Joannes Oraw<\/strong><\/td>\n<td align=\"left\"><span class=\"copyright\">| <\/span><em>25. september 1919<\/em><\/td>\n<\/tr>\n<\/tbody>\n<\/table>\n<p style=\"font-family: Georgia,Times New Roman,Times,serif; font-size: larger; font-weight: bold;\" align=\"left\">\n<p style=\"font-family: Georgia,Times New Roman,Times,serif; font-size: larger; font-weight: bold;\" align=\"left\">S\u00dcNNIP\u00c4EVAD<\/p>\n<table style=\"height: 64px;\" width=\"436\" border=\"0\">\n<tbody>\n<tr>\n<td align=\"right\"><strong>Tasur Uuk<\/strong><\/td>\n<td align=\"left\"><span class=\"copyright\">| <\/span><em>09. september 1990<\/em><\/td>\n<\/tr>\n<tr>\n<td align=\"right\"><strong>Valli Helin<\/strong><\/td>\n<td align=\"left\"><span class=\"copyright\">| <\/span><em>10. september 1953<\/em><\/td>\n<\/tr>\n<tr>\n<td align=\"right\"><strong>Taivo Nigol<br \/>\n<\/strong><\/td>\n<td align=\"left\"><span class=\"copyright\">| <\/span><em>18. september 1977<\/em><\/td>\n<\/tr>\n<tr>\n<td align=\"right\"><strong>Janek Paimre<\/strong><\/td>\n<td align=\"left\"><span class=\"copyright\">| <\/span><em>19. september 1993<\/em><\/td>\n<\/tr>\n<tr>\n<td align=\"right\"><strong>Toomas Aade<\/strong><\/td>\n<td align=\"left\"><span class=\"copyright\">| <\/span><em>23. september 1971<\/em><\/td>\n<\/tr>\n<tr>\n<td align=\"right\"><a title=\"Anu Veemees\" href=\"http:\/\/www.orav.ee\/?page_id=213\"><strong>Anu Veemees<\/strong><\/a><\/td>\n<td align=\"left\"><span class=\"copyright\">| <\/span><em>25. september 1977, kell 19:45<br \/>\n<\/em><\/td>\n<\/tr>\n<\/tbody>\n<\/table>\n<p style=\"font-family: Georgia,Times New Roman,Times,serif; font-size: larger; font-weight: bold;\" align=\"left\">\n<p style=\"font-family: Georgia,Times New Roman,Times,serif; font-size: larger; font-weight: bold;\" align=\"left\">NIMEP\u00c4EVAD<\/p>\n<table style=\"height: 86px;\" width=\"243\" border=\"0\">\n<tbody>\n<tr>\n<td align=\"right\"><strong> <a title=\"Meeli Jakk\" href=\"http:\/\/www.orav.ee\/?page_id=215\">Meeli Jakk<\/a><\/strong><\/td>\n<td align=\"left\"><span class=\"copyright\">| <\/span><em>12. september<br \/>\n<\/em><\/td>\n<\/tr>\n<tr>\n<td align=\"right\"><strong> <a title=\"Mihkel (Mihael) Tali\" href=\"http:\/\/www.orav.ee\/?page_id=305\">Mihkel (Mihael) Tali<\/a><\/strong><\/td>\n<td align=\"left\"><span class=\"copyright\">| <\/span><em>29. september<br \/>\n<\/em><\/td>\n<\/tr>\n<tr>\n<td align=\"right\"><strong> <a title=\"Mihkel Tali\" href=\"http:\/\/www.orav.ee\/?page_id=260\">Mihkel Tali<\/a><\/strong><\/td>\n<td align=\"left\"><span class=\"copyright\">| <\/span><em>29. september<br \/>\n<\/em><\/td>\n<\/tr>\n<tr>\n<td align=\"right\"><strong><a title=\"Kauri Karjus\" href=\"http:\/\/www.orav.ee\/?page_id=243\">Kauri Karjus<\/a><\/strong><\/td>\n<td align=\"left\"><span class=\"copyright\">| <\/span><em>30. september<br \/>\n<\/em><\/td>\n<\/tr>\n<\/tbody>\n<\/table>\n","protected":false},"excerpt":{"rendered":"<p>M\u00c4LESTAGEM LAHKUNUID Johannes Orav | 03. september 1997 Joannes Oraw | 25. september 1919 S\u00dcNNIP\u00c4EVAD Tasur Uuk | 09. september 1990 Valli Helin | 10. september 1953 Taivo Nigol | 18. september 1977 Janek Paimre | 19. september 1993 Toomas Aade | 23. september 1971 Anu Veemees | 25. september 1977, kell 19:45 NIMEP\u00c4EVAD Meeli&hellip;<a href=\"https:\/\/orav.ee\/?page_id=316\" class=\"button\">Read more <span class=\"screen-reader-text\">september | s\u00fcgiskuu<\/span><\/a><\/p>\n","protected":false},"author":1,"featured_media":0,"parent":278,"menu_order":9,"comment_status":"closed","ping_status":"closed","template":"","meta":{"_acf_changed":false,"footnotes":""},"class_list":["post-316","page","type-page","status-publish","hentry"],"acf":[],"_links":{"self":[{"href":"https:\/\/orav.ee\/index.php?rest_route=\/wp\/v2\/pages\/316","targetHints":{"allow":["GET"]}}],"collection":[{"href":"https:\/\/orav.ee\/index.php?rest_route=\/wp\/v2\/pages"}],"about":[{"href":"https:\/\/orav.ee\/index.php?rest_route=\/wp\/v2\/types\/page"}],"author":[{"embeddable":true,"href":"https:\/\/orav.ee\/index.php?rest_route=\/wp\/v2\/users\/1"}],"replies":[{"embeddable":true,"href":"https:\/\/orav.ee\/index.php?rest_route=%2Fwp%2Fv2%2Fcomments&post=316"}],"version-history":[{"count":19,"href":"https:\/\/orav.ee\/index.php?rest_route=\/wp\/v2\/pages\/316\/revisions"}],"predecessor-version":[{"id":2970,"href":"https:\/\/orav.ee\/index.php?rest_route=\/wp\/v2\/pages\/316\/revisions\/2970"}],"up":[{"embeddable":true,"href":"https:\/\/orav.ee\/index.php?rest_route=\/wp\/v2\/pages\/278"}],"wp:attachment":[{"href":"https:\/\/orav.ee\/index.php?rest_route=%2Fwp%2Fv2%2Fmedia&parent=316"}],"curies":[{"name":"wp","href":"https:\/\/api.w.org\/{rel}","templated":true}]}}