{"id":315,"date":"2008-12-01T20:35:30","date_gmt":"2008-12-01T18:35:30","guid":{"rendered":"http:\/\/raino.orav.ee\/?page_id=315"},"modified":"2020-09-14T09:45:40","modified_gmt":"2020-09-14T07:45:40","slug":"august-loikuskuu","status":"publish","type":"page","link":"https:\/\/orav.ee\/?page_id=315","title":{"rendered":"august | l\u00f5ikuskuu"},"content":{"rendered":"<p style=\"font-family: Georgia,Times New Roman,Times,serif; font-size: larger; font-weight: bold;\">\n<p style=\"font-family: Georgia,Times New Roman,Times,serif; font-size: larger; font-weight: bold;\">M\u00c4LESTAGEM LAHKUNUID<\/p>\n<table style=\"height: 62px;\" border=\"0\" width=\"921\">\n<tbody>\n<tr>\n<td align=\"right\"><strong>Vilma Tipse<br \/>\n<\/strong><\/td>\n<td align=\"left\"><span class=\"copyright\">|<em> 07. august 2012<\/em><\/span> <em>(s\u00fcnd: 19.02.1922, kell 10:10)<br \/>\n<\/em><\/td>\n<\/tr>\n<tr>\n<td align=\"right\"><strong>Koit Tui<br \/>\n<\/strong><\/td>\n<td align=\"left\"><span class=\"copyright\">|<em> 16. august 2012<\/em><\/span> <em>(s\u00fcnd: 19.04.1912)<br \/>\n<\/em><\/td>\n<\/tr>\n<\/tbody>\n<\/table>\n<p style=\"font-family: Georgia,Times New Roman,Times,serif; font-size: larger; font-weight: bold;\">\n<p style=\"font-family: Georgia,Times New Roman,Times,serif; font-size: larger; font-weight: bold;\">PULMA- AASTAP\u00c4EVAD<\/p>\n<table style=\"height: 32px;\" border=\"0\" width=\"338\">\n<tbody>\n<tr>\n<td align=\"right\"><strong>Velvo ja Annika Lepik<\/strong><\/td>\n<td align=\"left\"><span class=\"copyright\">| <\/span><em>04. august 2001<\/em><\/td>\n<\/tr>\n<\/tbody>\n<\/table>\n<p style=\"font-family: Georgia,Times New Roman,Times,serif; font-size: larger; font-weight: bold;\" align=\"left\">\n<p style=\"font-family: Georgia,Times New Roman,Times,serif; font-size: larger; font-weight: bold;\" align=\"left\">S\u00dcNNIP\u00c4EVAD<\/p>\n<table style=\"height: 267px;\" border=\"0\" width=\"418\">\n<tbody>\n<tr>\n<td align=\"right\"><a title=\"Keiti- Aleksandra Lepik\" href=\"http:\/\/www.orav.ee\/?page_id=247\"><strong>Keiti Aleksandra Lepik<\/strong><\/a><\/td>\n<td align=\"left\"><span class=\"copyright\">| <\/span><em>02. august 2005, kell 11:45<\/em><\/td>\n<\/tr>\n<tr>\n<td align=\"right\"><a title=\"Rein Sildoja\" href=\"http:\/\/www.orav.ee\/?page_id=223\"><strong>Rein Sildoja<\/strong><\/a><\/td>\n<td align=\"left\"><span class=\"copyright\">| <\/span><em>06. august 1953<\/em><\/td>\n<\/tr>\n<tr>\n<td align=\"right\"><strong>Jane Paimre<\/strong><\/td>\n<td><span class=\"copyright\">| <em>09. august 1986<\/em><\/span><\/td>\n<\/tr>\n<tr>\n<td align=\"right\"><a title=\"Kerli- josefin J\u00e4rvoja\" href=\"http:\/\/www.orav.ee\/?page_id=296\"><strong>Kerli- Josefin J\u00e4rvoja<\/strong><\/a><\/td>\n<td align=\"left\"><span class=\"copyright\">| <\/span><em>10. august 1998<\/em><\/td>\n<\/tr>\n<tr>\n<td align=\"right\"><a title=\"Sylvia Orro\" href=\"http:\/\/www.orav.ee\/?page_id=300\"><strong>Sylvia Orro<\/strong><\/a><\/td>\n<td align=\"left\"><span class=\"copyright\">| <\/span><em>10. august 2000<\/em><\/td>\n<\/tr>\n<tr>\n<td align=\"right\"><strong>Maire Roosma<\/strong><\/td>\n<td><span class=\"copyright\">| <em>14. august 1958<\/em><\/span><\/td>\n<\/tr>\n<tr>\n<td align=\"right\"><a title=\"Jan- Marcos Lepik\" href=\"http:\/\/www.orav.ee\/?page_id=246\"><strong>Jan Marcos Lepik<\/strong><\/a><\/td>\n<td align=\"left\"><span class=\"copyright\">| <\/span><em>18. august 2002, kell 23:50<\/em><\/td>\n<\/tr>\n<tr>\n<td align=\"right\"><strong> Urmi Toomberg<\/strong><\/td>\n<td><span class=\"copyright\">| <\/span><em>19. august 1993<\/em><\/td>\n<\/tr>\n<tr>\n<td align=\"right\"><a title=\"Meeli Jakk\" href=\"http:\/\/www.orav.ee\/?page_id=215\"><strong>Meeli Jakk<\/strong><\/a><\/td>\n<td align=\"left\"><span class=\"copyright\">| <\/span><em>21. august 1949<\/em><\/td>\n<\/tr>\n<tr>\n<td align=\"right\"><a title=\"Ketriin Orav\" href=\"http:\/\/www.orav.ee\/?page_id=214\"><strong>Ketriin Orav<\/strong><\/a><\/td>\n<td align=\"left\"><span class=\"copyright\">| <\/span><em>21. august 2005<\/em><\/td>\n<\/tr>\n<\/tbody>\n<\/table>\n","protected":false},"excerpt":{"rendered":"<p>M\u00c4LESTAGEM LAHKUNUID Vilma Tipse | 07. august 2012 (s\u00fcnd: 19.02.1922, kell 10:10) Koit Tui | 16. august 2012 (s\u00fcnd: 19.04.1912) PULMA- AASTAP\u00c4EVAD Velvo ja Annika Lepik | 04. august 2001 S\u00dcNNIP\u00c4EVAD Keiti Aleksandra Lepik | 02. august 2005, kell 11:45 Rein Sildoja | 06. august 1953 Jane Paimre | 09. august 1986 Kerli- Josefin J\u00e4rvoja&hellip;<a href=\"https:\/\/orav.ee\/?page_id=315\" class=\"button\">Read more <span class=\"screen-reader-text\">august | l\u00f5ikuskuu<\/span><\/a><\/p>\n","protected":false},"author":1,"featured_media":0,"parent":278,"menu_order":8,"comment_status":"closed","ping_status":"closed","template":"","meta":{"_acf_changed":false,"footnotes":""},"class_list":["post-315","page","type-page","status-publish","hentry"],"acf":[],"_links":{"self":[{"href":"https:\/\/orav.ee\/index.php?rest_route=\/wp\/v2\/pages\/315","targetHints":{"allow":["GET"]}}],"collection":[{"href":"https:\/\/orav.ee\/index.php?rest_route=\/wp\/v2\/pages"}],"about":[{"href":"https:\/\/orav.ee\/index.php?rest_route=\/wp\/v2\/types\/page"}],"author":[{"embeddable":true,"href":"https:\/\/orav.ee\/index.php?rest_route=\/wp\/v2\/users\/1"}],"replies":[{"embeddable":true,"href":"https:\/\/orav.ee\/index.php?rest_route=%2Fwp%2Fv2%2Fcomments&post=315"}],"version-history":[{"count":25,"href":"https:\/\/orav.ee\/index.php?rest_route=\/wp\/v2\/pages\/315\/revisions"}],"predecessor-version":[{"id":2767,"href":"https:\/\/orav.ee\/index.php?rest_route=\/wp\/v2\/pages\/315\/revisions\/2767"}],"up":[{"embeddable":true,"href":"https:\/\/orav.ee\/index.php?rest_route=\/wp\/v2\/pages\/278"}],"wp:attachment":[{"href":"https:\/\/orav.ee\/index.php?rest_route=%2Fwp%2Fv2%2Fmedia&parent=315"}],"curies":[{"name":"wp","href":"https:\/\/api.w.org\/{rel}","templated":true}]}}