{"id":313,"date":"2008-12-01T20:16:51","date_gmt":"2008-12-01T18:16:51","guid":{"rendered":"http:\/\/raino.orav.ee\/?page_id=313"},"modified":"2020-09-14T09:45:34","modified_gmt":"2020-09-14T07:45:34","slug":"juuli-heinakuu","status":"publish","type":"page","link":"https:\/\/orav.ee\/?page_id=313","title":{"rendered":"juuli | heinakuu"},"content":{"rendered":"<div id=\"post-82\" class=\"articolo\">\n<p style=\"font-family: Georgia,Times New Roman,Times,serif; font-size: larger; font-weight: bold;\">\n<p style=\"font-family: Georgia,Times New Roman,Times,serif; font-size: larger; font-weight: bold;\">M\u00c4LESTAGEM LAHKUNUID<\/p>\n<table style=\"height: 24px;\" border=\"0\" width=\"316\">\n<tbody>\n<tr>\n<td align=\"right\"><a title=\"Agnia Tali\" href=\"http:\/\/www.orav.ee\/?page_id=216\"><strong> Agnia Tali<\/strong><\/a><\/td>\n<td align=\"left\"><span class=\"copyright\">| <\/span><em>16. juuli 1947<\/em><\/td>\n<\/tr>\n<\/tbody>\n<\/table>\n<p style=\"font-family: Georgia,Times New Roman,Times,serif; font-size: larger; font-weight: bold;\">\n<p style=\"font-family: Georgia,Times New Roman,Times,serif; font-size: larger; font-weight: bold;\">S\u00dcNNIP\u00c4EVAD<\/p>\n<table style=\"height: 236px;\" border=\"0\" width=\"383\">\n<tbody>\n<tr>\n<td align=\"right\"><a title=\"Anna Tali\" href=\"http:\/\/www.orav.ee\/?page_id=262\"><strong>Anna Tali<\/strong><\/a><\/td>\n<td align=\"left\"><span class=\"copyright\">| <\/span><em>04. juuli 1987, kell 03:30<br \/>\n<\/em><\/td>\n<\/tr>\n<tr>\n<td align=\"right\"><a title=\"Kersti Tali\" href=\"http:\/\/www.orav.ee\/?page_id=303\"><strong>Kersti Tali<\/strong><\/a><\/td>\n<td align=\"left\"><span class=\"copyright\">| <\/span><em>06. juuli 1978<\/em><\/td>\n<\/tr>\n<tr>\n<td align=\"right\"><a title=\"Tiia Randma\" href=\"http:\/\/www.orav.ee\/?page_id=250\"><strong>Tiia Randma<\/strong><\/a><\/td>\n<td align=\"left\"><span class=\"copyright\">| <\/span><em>11. juuli 1962, kella 03:30 ja 04:00 vahel<br \/>\n<\/em><\/td>\n<\/tr>\n<tr>\n<td align=\"right\"><strong>Kaili Kasak<\/strong><\/td>\n<td align=\"left\"><span class=\"copyright\">| <\/span><em>14. juuli 1972<\/em><\/td>\n<\/tr>\n<tr>\n<td align=\"right\"><strong>Vaike Roosma<\/strong><\/td>\n<td align=\"left\"><span class=\"copyright\">| <\/span><em>17. juuli 1933, kella 15:00 ja 16:00 vahel<\/em><\/td>\n<\/tr>\n<tr>\n<td align=\"right\"><a title=\"Marie- Susanna Pors\" href=\"http:\/\/www.orav.ee\/?page_id=236\"><strong>Marie- Susanna Pors<\/strong><\/a><\/td>\n<td align=\"left\"><span class=\"copyright\">| <\/span><em>17. juuli 2000<\/em><\/td>\n<\/tr>\n<tr>\n<td align=\"right\"><a title=\"Marjana Pors\" href=\"http:\/\/www.orav.ee\/?page_id=233\"><strong>Marjana Pors<\/strong><\/a><\/td>\n<td align=\"left\"><span class=\"copyright\">| <\/span><em>19. juuli 1973<\/em><\/td>\n<\/tr>\n<tr>\n<td align=\"right\"><strong>Marika Laanepere<\/strong><\/td>\n<td align=\"left\"><span class=\"copyright\">| <\/span><em>22. juuli 1965<\/em><\/td>\n<\/tr>\n<tr>\n<td align=\"right\"><a title=\"Einar Orro\" href=\"http:\/\/www.orav.ee\/?page_id=299\"><strong>Einar Orro<\/strong><\/a><\/td>\n<td align=\"left\"><span class=\"copyright\">| <\/span><em>31. juuli 1969<\/em><\/td>\n<\/tr>\n<tr>\n<td align=\"right\"><a title=\"Sara Pors\" href=\"http:\/\/www.orav.ee\/?page_id=237\"><strong>Saara Pors<\/strong><\/a><\/td>\n<td align=\"left\"><span class=\"copyright\">| <\/span><em>31. juuli 2001<\/em><\/td>\n<\/tr>\n<tr>\n<td align=\"right\"><strong>Jako Sildoja<\/strong><\/td>\n<td align=\"left\"><span class=\"copyright\">| <\/span><em>31. juuli 2014<\/em><\/td>\n<\/tr>\n<\/tbody>\n<\/table>\n<p style=\"font-family: Georgia,Times New Roman,Times,serif; font-size: larger; font-weight: bold;\">\n<p style=\"font-family: Georgia,Times New Roman,Times,serif; font-size: larger; font-weight: bold;\">NIMEP\u00c4EVAD<\/p>\n<table style=\"height: 124px;\" border=\"0\" width=\"222\">\n<tbody>\n<tr>\n<td align=\"right\"><strong><a title=\"Rein Sildoja\" href=\"http:\/\/www.orav.ee\/?page_id=223\">Rein Sildoja<\/a><br \/>\n<\/strong><\/td>\n<td><span class=\"copyright\">| <\/span><em>16. juuli<\/em><\/td>\n<\/tr>\n<tr>\n<td align=\"right\"><strong><a title=\"Sara Pors\" href=\"http:\/\/www.orav.ee\/?page_id=237\">Sara Pors<\/a><br \/>\n<\/strong><\/td>\n<td align=\"left\"><span class=\"copyright\">| <\/span><em>19. juuli<br \/>\n<\/em><\/td>\n<\/tr>\n<tr>\n<td align=\"right\"><strong><a title=\"Kersti Tali\" href=\"http:\/\/www.orav.ee\/?page_id=303\">Kersti Tali<\/a><br \/>\n<\/strong><\/td>\n<td><span class=\"copyright\">| <\/span><em>24. juuli<\/em><\/td>\n<\/tr>\n<tr>\n<td align=\"right\"><strong><a title=\"Anna Tali\" href=\"http:\/\/www.orav.ee\/?page_id=262\">Anna Tali<\/a><br \/>\n<\/strong><\/td>\n<td align=\"left\"><span class=\"copyright\">| <\/span><em>26. juuli<br \/>\n<\/em><\/td>\n<\/tr>\n<tr>\n<td align=\"right\"><strong><a title=\"Anu Veemees\" href=\"http:\/\/www.orav.ee\/?page_id=213\">Anu Veemees<\/a><br \/>\n<\/strong><\/td>\n<td align=\"left\"><span class=\"copyright\">| <\/span><em>26. juuli<br \/>\n<\/em><\/td>\n<\/tr>\n<tr>\n<td align=\"right\"><strong><a title=\"Annika Lepik\" href=\"http:\/\/www.orav.ee\/?page_id=244\">Annika Lepik<\/a><br \/>\n<\/strong><\/td>\n<td align=\"left\"><span class=\"copyright\">| <\/span><em>26. juuli<\/em><\/td>\n<\/tr>\n<\/tbody>\n<\/table>\n<\/div>\n","protected":false},"excerpt":{"rendered":"<p>M\u00c4LESTAGEM LAHKUNUID Agnia Tali | 16. juuli 1947 S\u00dcNNIP\u00c4EVAD Anna Tali | 04. juuli 1987, kell 03:30 Kersti Tali | 06. juuli 1978 Tiia Randma | 11. juuli 1962, kella 03:30 ja 04:00 vahel Kaili Kasak | 14. juuli 1972 Vaike Roosma | 17. juuli 1933, kella 15:00 ja 16:00 vahel Marie- Susanna Pors |&hellip;<a href=\"https:\/\/orav.ee\/?page_id=313\" class=\"button\">Read more <span class=\"screen-reader-text\">juuli | heinakuu<\/span><\/a><\/p>\n","protected":false},"author":1,"featured_media":0,"parent":278,"menu_order":7,"comment_status":"closed","ping_status":"closed","template":"","meta":{"_acf_changed":false,"footnotes":""},"class_list":["post-313","page","type-page","status-publish","hentry"],"acf":[],"_links":{"self":[{"href":"https:\/\/orav.ee\/index.php?rest_route=\/wp\/v2\/pages\/313","targetHints":{"allow":["GET"]}}],"collection":[{"href":"https:\/\/orav.ee\/index.php?rest_route=\/wp\/v2\/pages"}],"about":[{"href":"https:\/\/orav.ee\/index.php?rest_route=\/wp\/v2\/types\/page"}],"author":[{"embeddable":true,"href":"https:\/\/orav.ee\/index.php?rest_route=\/wp\/v2\/users\/1"}],"replies":[{"embeddable":true,"href":"https:\/\/orav.ee\/index.php?rest_route=%2Fwp%2Fv2%2Fcomments&post=313"}],"version-history":[{"count":23,"href":"https:\/\/orav.ee\/index.php?rest_route=\/wp\/v2\/pages\/313\/revisions"}],"predecessor-version":[{"id":2801,"href":"https:\/\/orav.ee\/index.php?rest_route=\/wp\/v2\/pages\/313\/revisions\/2801"}],"up":[{"embeddable":true,"href":"https:\/\/orav.ee\/index.php?rest_route=\/wp\/v2\/pages\/278"}],"wp:attachment":[{"href":"https:\/\/orav.ee\/index.php?rest_route=%2Fwp%2Fv2%2Fmedia&parent=313"}],"curies":[{"name":"wp","href":"https:\/\/api.w.org\/{rel}","templated":true}]}}