{"id":311,"date":"2008-12-01T20:03:57","date_gmt":"2008-12-01T18:03:57","guid":{"rendered":"http:\/\/raino.orav.ee\/?page_id=311"},"modified":"2020-09-14T09:44:58","modified_gmt":"2020-09-14T07:44:58","slug":"mai-oiekuu","status":"publish","type":"page","link":"https:\/\/orav.ee\/?page_id=311","title":{"rendered":"mai | \u00f5iekuu"},"content":{"rendered":"<p class=\"MsoNormal\" style=\"text-align: justify; line-height: 50%;\">\n<div id=\"post-80\" class=\"articolo\">\n<p style=\"font-family: Georgia,Times New Roman,Times,serif; font-size: larger; font-weight: bold;\">PULMA- AASTAP\u00c4EV<\/p>\n<table style=\"height: 48px;\" border=\"0\" width=\"249\">\n<tbody>\n<tr>\n<td align=\"right\"><strong>Toivo ja Marika Laanepere <\/strong><span class=\"copyright\">|<\/span><\/td>\n<td><em>28. mai 2008<\/em><\/td>\n<\/tr>\n<tr>\n<td align=\"right\"><strong>Riho ja Marjana Pors <\/strong><span class=\"copyright\">|<\/span> <strong> <\/strong><\/td>\n<td align=\"left\"><em>30. mai 1998<\/em><\/td>\n<\/tr>\n<\/tbody>\n<\/table>\n<p style=\"font-family: Georgia,Times New Roman,Times,serif; font-size: larger; font-weight: bold;\">\n<p style=\"font-family: Georgia,Times New Roman,Times,serif; font-size: larger; font-weight: bold;\">S\u00dcNNIP\u00c4EVAD<\/p>\n<table style=\"height: 132px;\" border=\"0\" width=\"351\">\n<tbody>\n<tr>\n<td align=\"right\"><a title=\"Kauri Karjus\" href=\"http:\/\/www.orav.ee\/?page_id=243\"><strong>Kauri Karjus<\/strong><\/a><\/td>\n<td><span class=\"copyright\">| <\/span><em>01. mai 1992, kell 12:00<\/em><\/td>\n<\/tr>\n<tr>\n<td align=\"right\"><a title=\"Kevin Kahar\" href=\"http:\/\/www.orav.ee\/?page_id=304\"><strong>Kevin Kahar<\/strong><\/a><\/td>\n<td><span class=\"copyright\">| <\/span><em>10. mai 1998<\/em><\/td>\n<\/tr>\n<tr>\n<td align=\"right\"><a title=\"Raido Sildoja\" href=\"http:\/\/www.orav.ee\/?page_id=225\"><strong>Raido Sildoja<\/strong><\/a><\/td>\n<td><span class=\"copyright\">| <\/span><em>14. mai 1987<\/em><\/td>\n<\/tr>\n<tr>\n<td align=\"right\"><a title=\"Janek Jakk\" href=\"http:\/\/www.orav.ee\/?page_id=227\"><strong>Janek Jakk<\/strong><\/a><\/td>\n<td><span class=\"copyright\">| <\/span><em><\/em><em>21. mai 1972<\/em><\/td>\n<\/tr>\n<tr>\n<td align=\"right\"><strong>Hille Riin Toomberg<br \/>\n<\/strong><\/td>\n<td><span class=\"copyright\">| <\/span><em>25. mai 1997<\/em><\/td>\n<\/tr>\n<\/tbody>\n<\/table>\n<p style=\"font-family: Georgia,Times New Roman,Times,serif; font-size: larger; font-weight: bold;\">\n<p style=\"font-family: Georgia,Times New Roman,Times,serif; font-size: larger; font-weight: bold;\">NIMEP\u00c4EVAD<\/p>\n<table style=\"height: 104px;\" border=\"0\" width=\"258\">\n<tbody>\n<tr>\n<td align=\"right\"><strong><a title=\"Maaja Karjus\" href=\"http:\/\/www.orav.ee\/?page_id=241\">Maaja Karjus<\/a><\/strong><\/td>\n<td><span class=\"copyright\">| <\/span><em>02. mai<br \/>\n<\/em><\/td>\n<\/tr>\n<tr>\n<td align=\"right\"><strong><a title=\"Ott Juurikas\" href=\"http:\/\/www.orav.ee\/?page_id=261\">Ott Juurikas<\/a><br \/>\n<\/strong><\/td>\n<td align=\"left\"><span class=\"copyright\">| <\/span><em>09. mai<\/em><\/td>\n<\/tr>\n<tr>\n<td align=\"right\"><strong><a title=\"Eero Orav\" href=\"http:\/\/www.orav.ee\/?page_id=212\"> Eero Orav<\/a><\/strong><\/td>\n<td><span class=\"copyright\">| <\/span><em>18. mai<br \/>\n<\/em><\/td>\n<\/tr>\n<tr>\n<td align=\"right\"><strong>Eero Joonsaar<br \/>\n<\/strong><\/td>\n<td><span class=\"copyright\">| <\/span><em>18. mai<\/em><\/td>\n<\/tr>\n<tr>\n<td align=\"right\"><strong>Vilma Tipse<\/strong><\/td>\n<td><span class=\"copyright\">|<\/span><em> 26. mai<br \/>\n<\/em><\/td>\n<\/tr>\n<\/tbody>\n<\/table>\n<\/div>\n","protected":false},"excerpt":{"rendered":"<p>PULMA- AASTAP\u00c4EV Toivo ja Marika Laanepere | 28. mai 2008 Riho ja Marjana Pors | 30. mai 1998 S\u00dcNNIP\u00c4EVAD Kauri Karjus | 01. mai 1992, kell 12:00 Kevin Kahar | 10. mai 1998 Raido Sildoja | 14. mai 1987 Janek Jakk | 21. mai 1972 Hille Riin Toomberg | 25. mai 1997 NIMEP\u00c4EVAD Maaja Karjus&hellip;<a href=\"https:\/\/orav.ee\/?page_id=311\" class=\"button\">Read more <span class=\"screen-reader-text\">mai | \u00f5iekuu<\/span><\/a><\/p>\n","protected":false},"author":1,"featured_media":0,"parent":278,"menu_order":5,"comment_status":"closed","ping_status":"closed","template":"","meta":{"_acf_changed":false,"footnotes":""},"class_list":["post-311","page","type-page","status-publish","hentry"],"acf":[],"_links":{"self":[{"href":"https:\/\/orav.ee\/index.php?rest_route=\/wp\/v2\/pages\/311","targetHints":{"allow":["GET"]}}],"collection":[{"href":"https:\/\/orav.ee\/index.php?rest_route=\/wp\/v2\/pages"}],"about":[{"href":"https:\/\/orav.ee\/index.php?rest_route=\/wp\/v2\/types\/page"}],"author":[{"embeddable":true,"href":"https:\/\/orav.ee\/index.php?rest_route=\/wp\/v2\/users\/1"}],"replies":[{"embeddable":true,"href":"https:\/\/orav.ee\/index.php?rest_route=%2Fwp%2Fv2%2Fcomments&post=311"}],"version-history":[{"count":10,"href":"https:\/\/orav.ee\/index.php?rest_route=\/wp\/v2\/pages\/311\/revisions"}],"predecessor-version":[{"id":2969,"href":"https:\/\/orav.ee\/index.php?rest_route=\/wp\/v2\/pages\/311\/revisions\/2969"}],"up":[{"embeddable":true,"href":"https:\/\/orav.ee\/index.php?rest_route=\/wp\/v2\/pages\/278"}],"wp:attachment":[{"href":"https:\/\/orav.ee\/index.php?rest_route=%2Fwp%2Fv2%2Fmedia&parent=311"}],"curies":[{"name":"wp","href":"https:\/\/api.w.org\/{rel}","templated":true}]}}