{"id":308,"date":"2008-12-01T20:01:17","date_gmt":"2008-12-01T18:01:17","guid":{"rendered":"http:\/\/raino.orav.ee\/?page_id=308"},"modified":"2020-09-14T09:44:51","modified_gmt":"2020-09-14T07:44:51","slug":"marts-paastukuu","status":"publish","type":"page","link":"https:\/\/orav.ee\/?page_id=308","title":{"rendered":"m\u00e4rts | paastukuu"},"content":{"rendered":"<p style=\"font-family: Georgia,Times New Roman,Times,serif; font-size: larger; font-weight: bold;\">\n<p style=\"font-family: Georgia,Times New Roman,Times,serif; font-size: larger; font-weight: bold;\">M\u00c4LESTAGEM LAHKUNUID<\/p>\n<table border=\"0\" width=\"538\">\n<tbody>\n<tr>\n<td align=\"right\"><strong>Leida Hunt<br \/>\n<\/strong><\/td>\n<td align=\"left\"><span class=\"copyright\">|<em> 16. m\u00e4rts 2011<\/em><\/span> <em>(s\u00fcnd: 24.11.1919)<br \/>\n<\/em><\/td>\n<\/tr>\n<\/tbody>\n<\/table>\n<p style=\"font-family: Georgia,Times New Roman,Times,serif; font-size: larger; font-weight: bold;\">\n<p style=\"font-family: Georgia,Times New Roman,Times,serif; font-size: larger; font-weight: bold;\">PULMA- AASTAP\u00c4EVAD<\/p>\n<div id=\"post-79\" class=\"articolo\">\n<table style=\"height: 24px;\" border=\"0\" width=\"260\">\n<tbody>\n<tr>\n<td align=\"right\"><strong>Koit ja Marta Tui <\/strong><\/td>\n<td><span class=\"copyright\">|<em> 16. m\u00e4rts 1946<\/em><\/span><\/td>\n<\/tr>\n<\/tbody>\n<\/table>\n<p style=\"font-family: Georgia,Times New Roman,Times,serif; font-size: larger; font-weight: bold;\">\n<p style=\"font-family: Georgia,Times New Roman,Times,serif; font-size: larger; font-weight: bold;\">S\u00dcNNIP\u00c4EVAD<\/p>\n<table style=\"height: 112px;\" border=\"0\" width=\"351\">\n<tbody>\n<tr>\n<td align=\"right\"><strong>Renata Jukanen<\/strong><\/td>\n<td align=\"left\"><span class=\"copyright\">| <\/span><em>01. m\u00e4rts 1983<\/em><\/td>\n<\/tr>\n<tr>\n<td align=\"right\"><a title=\"Aare Karjus\" href=\"http:\/\/www.orav.ee\/?page_id=242\"><strong>Aare Karjus<\/strong><\/a><\/td>\n<td align=\"left\"><span class=\"copyright\">| <\/span><em>08. m\u00e4rts 1958<\/em><\/td>\n<\/tr>\n<tr>\n<td align=\"right\"><a title=\"Johannes Pors\" href=\"http:\/\/www.orav.ee\/?page_id=235\"><strong>Johannes Pors<\/strong><\/a><\/td>\n<td align=\"left\"><span class=\"copyright\">| <\/span><em>10. m\u00e4rts 1999<\/em><\/td>\n<\/tr>\n<tr>\n<td align=\"right\"><strong>Eha Joonsaar<\/strong><\/td>\n<td align=\"left\"><span class=\"copyright\">| <\/span><em>12. m\u00e4rts 1936<\/em><\/td>\n<\/tr>\n<tr>\n<td align=\"right\"><strong>Marta Tui<\/strong><\/td>\n<td align=\"left\"><span class=\"copyright\">| <\/span><em>14. m\u00e4rts 1924<\/em><\/td>\n<\/tr>\n<tr>\n<td align=\"right\"><a title=\"Eero Orav\" href=\"http:\/\/www.orav.ee\/?page_id=1701\"><strong>Eero Orav<\/strong><\/a><\/td>\n<td align=\"left\"><span class=\"copyright\">| <\/span><em>27. m\u00e4rts 1977, kell 08:25<br \/>\n<\/em><\/td>\n<\/tr>\n<tr>\n<td align=\"right\"><a title=\"Raino Orav\" href=\"http:\/\/www.orav.ee\/?page_id=171\"><strong>Raino Orav<\/strong><\/a><\/td>\n<td align=\"left\"><span class=\"copyright\">| <\/span><em>27. m\u00e4rts 1985, kell 17:36<\/em><\/td>\n<\/tr>\n<\/tbody>\n<\/table>\n<p style=\"font-family: Georgia,Times New Roman,Times,serif; font-size: larger; font-weight: bold;\">\n<p style=\"font-family: Georgia,Times New Roman,Times,serif; font-size: larger; font-weight: bold;\">NIMEP\u00c4EVAD<em><br \/>\n<\/em><\/p>\n<table style=\"height: 140px;\" border=\"0\" width=\"206\">\n<tbody>\n<tr>\n<td align=\"right\"><a title=\"Helliki Jakk\" href=\"http:\/\/www.orav.ee\/?page_id=231\"><strong>Helliki Jakk<\/strong><\/a><\/td>\n<td><span class=\"copyright\">| <\/span><em>03. m\u00e4rts <\/em><\/td>\n<\/tr>\n<tr>\n<td align=\"right\"><a title=\"Leili Tali\" href=\"http:\/\/www.orav.ee\/?page_id=249\"><strong>Leili Tali<\/strong><\/a><\/td>\n<td align=\"left\"><span class=\"copyright\">| <\/span><em>05. m\u00e4rts<\/em><\/td>\n<\/tr>\n<tr>\n<td align=\"right\"><a title=\"Tarmo Orav\" href=\"http:\/\/www.orav.ee\/?page_id=184\"><strong>Tarmo Orav<\/strong><\/a><\/td>\n<td align=\"left\"><span class=\"copyright\">| <\/span><em>06. m\u00e4rts<\/em><\/td>\n<\/tr>\n<tr>\n<td align=\"right\"><strong><a title=\"Kerli- Josefin J\u00e4rvoja\" href=\"http:\/\/www.orav.ee\/?page_id=296\">Kerli Josefin J\u00e4rvoja<\/a><\/strong><\/td>\n<td><span class=\"copyright\">| <\/span><em>17. m\u00e4rts<\/em><\/td>\n<\/tr>\n<tr>\n<td align=\"right\"><strong><a title=\"Marie- Susanna Pors\" href=\"http:\/\/www.orav.ee\/?page_id=236\">Marie Susanna Pors<\/a><br \/>\n<\/strong><\/td>\n<td><span class=\"copyright\">| <\/span><em>25. m\u00e4rts<\/em><\/td>\n<\/tr>\n<tr>\n<td align=\"right\"><strong>Marje Vallaots<\/strong><\/td>\n<td align=\"left\"><span class=\"copyright\">| <\/span><em>25. m\u00e4rts<\/em><\/td>\n<\/tr>\n<tr>\n<td align=\"right\"><strong>Marika Paimre<\/strong><\/td>\n<td align=\"left\"><span class=\"copyright\">| <\/span><em>25. m\u00e4rts<\/em><\/td>\n<\/tr>\n<\/tbody>\n<\/table>\n<p><em><br \/>\n<\/em><\/p>\n<p><em><br \/>\n<\/em><\/p>\n<\/div>\n","protected":false},"excerpt":{"rendered":"<p>M\u00c4LESTAGEM LAHKUNUID Leida Hunt | 16. m\u00e4rts 2011 (s\u00fcnd: 24.11.1919) PULMA- AASTAP\u00c4EVAD Koit ja Marta Tui | 16. m\u00e4rts 1946 S\u00dcNNIP\u00c4EVAD Renata Jukanen | 01. m\u00e4rts 1983 Aare Karjus | 08. m\u00e4rts 1958 Johannes Pors | 10. m\u00e4rts 1999 Eha Joonsaar | 12. m\u00e4rts 1936 Marta Tui | 14. m\u00e4rts 1924 Eero Orav | 27.&hellip;<a href=\"https:\/\/orav.ee\/?page_id=308\" class=\"button\">Read more <span class=\"screen-reader-text\">m\u00e4rts | paastukuu<\/span><\/a><\/p>\n","protected":false},"author":1,"featured_media":0,"parent":278,"menu_order":3,"comment_status":"closed","ping_status":"closed","template":"","meta":{"_acf_changed":false,"footnotes":""},"class_list":["post-308","page","type-page","status-publish","hentry"],"acf":[],"_links":{"self":[{"href":"https:\/\/orav.ee\/index.php?rest_route=\/wp\/v2\/pages\/308","targetHints":{"allow":["GET"]}}],"collection":[{"href":"https:\/\/orav.ee\/index.php?rest_route=\/wp\/v2\/pages"}],"about":[{"href":"https:\/\/orav.ee\/index.php?rest_route=\/wp\/v2\/types\/page"}],"author":[{"embeddable":true,"href":"https:\/\/orav.ee\/index.php?rest_route=\/wp\/v2\/users\/1"}],"replies":[{"embeddable":true,"href":"https:\/\/orav.ee\/index.php?rest_route=%2Fwp%2Fv2%2Fcomments&post=308"}],"version-history":[{"count":33,"href":"https:\/\/orav.ee\/index.php?rest_route=\/wp\/v2\/pages\/308\/revisions"}],"predecessor-version":[{"id":2742,"href":"https:\/\/orav.ee\/index.php?rest_route=\/wp\/v2\/pages\/308\/revisions\/2742"}],"up":[{"embeddable":true,"href":"https:\/\/orav.ee\/index.php?rest_route=\/wp\/v2\/pages\/278"}],"wp:attachment":[{"href":"https:\/\/orav.ee\/index.php?rest_route=%2Fwp%2Fv2%2Fmedia&parent=308"}],"curies":[{"name":"wp","href":"https:\/\/api.w.org\/{rel}","templated":true}]}}