{"id":306,"date":"2008-12-01T02:01:19","date_gmt":"2008-12-01T00:01:19","guid":{"rendered":"http:\/\/raino.orav.ee\/?page_id=306"},"modified":"2009-10-31T17:07:12","modified_gmt":"2009-10-31T15:07:12","slug":"anastasia-mangel","status":"publish","type":"page","link":"https:\/\/orav.ee\/?page_id=306","title":{"rendered":"anastasia m\u00e4ngel"},"content":{"rendered":"<p class=\"MsoNormal\" style=\"text-align: justify; line-height: 50%\">\n<p class=\"MsoNormal\" style=\"text-align: justify; line-height: 50%\">vanemad:<\/p>\n<p class=\"MsoNormal\" style=\"text-align: justify; line-height: 50%\">\u00f5ed \/ vennad:<\/p>\n<p class=\"MsoNormal\" style=\"text-align: justify; line-height: 50%\">abikaasa: <a style=\"font-size: 11px; font-weight: bold\" title=\"Mihkel (Mihael) Tali\" href=\"http:\/\/www.orav.ee\/?page_id=305\">MIHKEL (MIHAEL) TALI<\/a><\/p>\n<p class=\"MsoNormal\" style=\"text-align: justify; line-height: 50%\">lapsed: <a style=\"font-size: 11px; font-weight: bold\" title=\"Agnia Tali\" href=\"http:\/\/www.orav.ee\/?page_id=216\">AGNIA TALI<\/a>, <a style=\"font-size: 11px; font-weight: bold\" title=\"Miia Orav\" href=\"http:\/\/www.orav.ee\/?page_id=221\">MIIA ORAV<\/a>, <a style=\"font-size: 11px; font-weight: bold\" title=\"Mati Tali\" href=\"http:\/\/www.orav.ee\/?page_id=248\">MATI TALI<\/a> ja <a style=\"font-size: 11px; font-weight: bold\" title=\"Jaan Tali\" href=\"http:\/\/www.orav.ee\/?page_id=301\">JAAN TALI<\/a><\/p>\n<p class=\"MsoNormal\" style=\"text-align: justify; line-height: 50%\">\n<p class=\"MsoNormal\" style=\"text-align: justify; line-height: 150%\"><strong><span style=\"font-family: Tahoma;\">Anastasia M\u00e4ngel<\/span><\/strong><span style=\"font-family: Tahoma;\"> s\u00fcndis H\u00e4\u00e4demeestel (ema Marie M\u00e4ngel). Koos s\u00f5brannadega k\u00e4idi Oraj\u00f5e magasini aidas simmanitel. K\u00e4ivad jutud, et tutvus tulevase abikaasa Mihkliga, sai alguse just seal.<\/span><\/p>\n<p class=\"MsoNormal\" style=\"text-align: justify; line-height: 150%\"><span style=\"font-family: Tahoma;\">Seoses nimede eestindamisega muudeti perenimi Tisler 1937. aasta 15. detsembrist alates perenimeks Tali. Anastasia ja Mihkli h\u00fc\u00fcdnimed olid Tassa ja Miks.<\/span><\/p>\n<p class=\"MsoNormal\" style=\"text-align: justify; line-height: 150%\"><span style=\"font-family: Tahoma;\">Anastasia ja Mihkel Tali perre s\u00fcndis 4 last: Agnia (1921), Miia (1924), Mati (1937) ja Jaan (1942).<\/span><\/p>\n<p class=\"MsoNormal\" style=\"text-align: justify; line-height: 150%\"><span style=\"font-family: Tahoma;\">Kuidas Mihkel ja Anastasia V\u00f5iduk\u00fclla sattusid? Ilmselt just t\u00f6\u00f6ga kaasneva korraliku eluaseme t\u00f5ttu oli Mihkel vastu v\u00f5tnud V\u00f5iduk\u00fcla koolimaja katlak\u00fctja koha ja Tassa oli sealsamas kooliteenija. Kui Tassa onu Johannes (k\u00f5va pillimees, kelle akordion p\u00e4randus Matile) Vabaduss\u00f5jas surma sai, siis oli vaja peremeheta j\u00e4\u00e4nud Tassa lapsep\u00f5lve tallu ka meeshinge. Mihkel l\u00e4kski 1944. aastal koos perega Sook\u00fclla R\u00e4tsepa talu pidama.<\/span><\/p>\n<p class=\"MsoNormal\" style=\"text-align: justify; line-height: 150%\"><span style=\"font-family: Tahoma;\">Tassa t\u00f6\u00f6tas hiljem koduse majapidamise k\u00f5rvalt ka V\u00f5idu kaupluses m\u00fc\u00fcjana. Laulis H\u00e4\u00e4demeeste \u00d5igeusu kiriku kooris ja pidas kirikusk\u00e4imist v\u00e4ga t\u00e4htsaks. Maksis oma poegade (Mati ja Jaan) eest kirikumaksu kuni oma surmani.<\/span><\/p>\n<p class=\"MsoNormal\" style=\"text-align: justify; line-height: 150%\"><span style=\"font-family: Tahoma;\">Mati m\u00e4lestuste j\u00e4rgi meeldis isa-Mihklile teha puut\u00f6\u00f6d (igasugu toobrid, p\u00fctsikud jne), samuti k\u00e4is ta k\u00fclameestel masinaga juukseid ajamas. P\u00fchap\u00e4eviti m\u00e4ngiti kaarte.<\/span><\/p>\n<p class=\"MsoNormal\" style=\"text-align: justify; line-height: 150%\"><span style=\"font-family: Tahoma;\">Mihkel \u00fctles ikka lastele: \u201eTee sporti, aga tippsport tapab!\u201c. Elukutse valikul soovitas: \u201eEhitusmees ja teemeister on ametid, mida iga valitsuse ajal vaja l\u00e4heb!\u201c. Hiljem kui lapselapsed s\u00fcndisid, \u00f5petas: \u201eKommi lapsele anda ei v\u00f5i, rikub hambad \u00e4ra!\u201c.<\/span><\/p>\n<p class=\"MsoNormal\" style=\"text-align: justify; line-height: 150%\" align=\"justify\"><span style=\"font-family: Tahoma;\">Mihkli ja Tassa lapsed on vanematelt p\u00e4rinud kohusetunde, ligimese-armastuse, avala iseloomu ja k\u00f5rge enesehinnangu. Jaan on saanud isalt pruunid silmad ja ema suhtlemisvajaduse. Mati on saanud emalt sinised silmad, aga isalt iseloomu \u2013 olla \u00fclek\u00fcla poiss; kui midagi teha, siis k\u00e4hku.<\/span><\/p>\n<p class=\"MsoNormal\" style=\"text-align: justify; line-height: 150%\" align=\"justify\"><em><span style=\"font-family: Tahoma;\"><strong>Kui Tassa kooliteenijana t\u00f6\u00f6tas, oli kuulus tema \u201emagus lusikas\u201c. Alguse sai lugu nii&#8230;. Kooliteenija \u00fclesanne oli ka s\u00f6\u00f6givahetunniks lastele tee v\u00e4lja valada. Kuna teed joodi klaasidest, aga klaasid kardavad kuumust, t\u00f5stis Tassa teed valades lusikat klaasist-klaasi, et kuum tee valades otse klaasi pihta ei satuks. \u00dcks t\u00fcdruk, kes seda tegevust vaikselt pealt oli vaadanud, k\u00fcsis Tassalt: \u201eMiks sa seda lusikat niimoodi t\u00f5stad?\u201c Tassa vastanud: \u201eSee teeb tee magusaks!\u201c. Seepeale sosistanud t\u00fcdruk vaikselt. \u201eHoia siis minu klaasi sees kauem&#8230;.\u201c. Muidugi oli juba kannus magus tee.<\/strong><\/span><\/em><\/p>\n<p><a title=\"Anastasia M\u00e4ngel\" href=\"http:\/\/fotod.orav.ee\/anastasiamangel.jpg\" rel=\"lightbox[306]\"><img loading=\"lazy\" decoding=\"async\" class=\"alignright\" style=\"border: 1px solid black; margin-top: 20px; margin-bottom: 20px;\" title=\"Anastasia M\u00e4ngel\" src=\"http:\/\/fotod.orav.ee\/anastasiamangel.jpg\" border=\"1\" alt=\"\" vspace=\"20\" width=\"166\" height=\"242\" align=\"right\" \/><\/a><\/p>\n","protected":false},"excerpt":{"rendered":"<p>vanemad: \u00f5ed \/ vennad: abikaasa: MIHKEL (MIHAEL) TALI lapsed: AGNIA TALI, MIIA ORAV, MATI TALI ja JAAN TALI Anastasia M\u00e4ngel s\u00fcndis H\u00e4\u00e4demeestel (ema Marie M\u00e4ngel). Koos s\u00f5brannadega k\u00e4idi Oraj\u00f5e magasini aidas simmanitel. K\u00e4ivad jutud, et tutvus tulevase abikaasa Mihkliga, sai alguse just seal. Seoses nimede eestindamisega muudeti perenimi Tisler 1937. aasta 15. detsembrist alates perenimeks&hellip;<a href=\"https:\/\/orav.ee\/?page_id=306\" class=\"button\">Read more <span class=\"screen-reader-text\">anastasia m\u00e4ngel<\/span><\/a><\/p>\n","protected":false},"author":1,"featured_media":0,"parent":23,"menu_order":0,"comment_status":"open","ping_status":"open","template":"","meta":{"_acf_changed":false,"footnotes":""},"class_list":["post-306","page","type-page","status-publish","hentry"],"acf":[],"_links":{"self":[{"href":"https:\/\/orav.ee\/index.php?rest_route=\/wp\/v2\/pages\/306","targetHints":{"allow":["GET"]}}],"collection":[{"href":"https:\/\/orav.ee\/index.php?rest_route=\/wp\/v2\/pages"}],"about":[{"href":"https:\/\/orav.ee\/index.php?rest_route=\/wp\/v2\/types\/page"}],"author":[{"embeddable":true,"href":"https:\/\/orav.ee\/index.php?rest_route=\/wp\/v2\/users\/1"}],"replies":[{"embeddable":true,"href":"https:\/\/orav.ee\/index.php?rest_route=%2Fwp%2Fv2%2Fcomments&post=306"}],"version-history":[{"count":2,"href":"https:\/\/orav.ee\/index.php?rest_route=\/wp\/v2\/pages\/306\/revisions"}],"predecessor-version":[{"id":329,"href":"https:\/\/orav.ee\/index.php?rest_route=\/wp\/v2\/pages\/306\/revisions\/329"}],"up":[{"embeddable":true,"href":"https:\/\/orav.ee\/index.php?rest_route=\/wp\/v2\/pages\/23"}],"wp:attachment":[{"href":"https:\/\/orav.ee\/index.php?rest_route=%2Fwp%2Fv2%2Fmedia&parent=306"}],"curies":[{"name":"wp","href":"https:\/\/api.w.org\/{rel}","templated":true}]}}