{"id":305,"date":"2008-12-01T01:55:25","date_gmt":"2008-11-30T23:55:25","guid":{"rendered":"http:\/\/raino.orav.ee\/?page_id=305"},"modified":"2008-12-02T17:10:23","modified_gmt":"2008-12-02T15:10:23","slug":"mihkel-mihael-tali","status":"publish","type":"page","link":"https:\/\/orav.ee\/?page_id=305","title":{"rendered":"mihkel (mihael) tali"},"content":{"rendered":"<p class=\"MsoNormal\" style=\"text-align: justify; line-height: 50%\">\n<p class=\"MsoNormal\" style=\"text-align: justify; line-height: 50%\">vanemad: <strong>AUGUST TISLER<\/strong> ja <strong>ANNA KOKS<\/strong><\/p>\n<p class=\"MsoNormal\" style=\"text-align: justify; line-height: 50%\" align=\"justify\">\u00f5ed: <strong>MELANI TISLER<\/strong>, <strong>JOHANNA TISLER<\/strong> ja <strong>ELIISABET TISLER<\/strong><\/p>\n<p class=\"MsoNormal\" style=\"text-align: justify; line-height: 50%\" align=\"justify\">vennad: <strong>J\u00dcRI (GEORG) TISLER<\/strong> ja <strong>FEODOR (WEODOR) TISLER<\/strong><\/p>\n<p class=\"MsoNormal\" style=\"text-align: justify; line-height: 50%\">abikaasa: <a style=\"font-size: 11px; font-weight: bold\" title=\"Anastasia M\u00e4ngel\" href=\"http:\/\/www.orav.ee\/?page_id=306\">ANASTASIA M\u00c4NGEL<\/a><\/p>\n<p class=\"MsoNormal\" style=\"text-align: justify; line-height: 50%\">lapsed: <a style=\"font-size: 11px; font-weight: bold\" title=\"Agnia Tali\" href=\"http:\/\/www.orav.ee\/?page_id=216\">AGNIA TALI<\/a>, <a style=\"font-size: 11px; font-weight: bold\" title=\"Miia Orav\" href=\"http:\/\/www.orav.ee\/?page_id=221\">MIIA ORAV<\/a>, <a style=\"font-size: 11px; font-weight: bold\" title=\"Mati Tali\" href=\"http:\/\/www.orav.ee\/?page_id=248\">MATI TALI<\/a> ja <a style=\"font-size: 11px; font-weight: bold\" title=\"Jaan Tali\" href=\"http:\/\/www.orav.ee\/?page_id=301\">JAAN TALI<\/a><\/p>\n<p class=\"MsoNormal\" style=\"text-align: justify; line-height: 50%\">\n<p class=\"MsoNormal\" style=\"text-align: justify; line-height: 150%\"><strong><span style=\"font-family: Tahoma;\">Mihkel (Mihael) Tali<\/span><\/strong><span style=\"font-family: Tahoma;\"> s\u00fcndis 27. augustil 1895. aastal Oraj\u00f5el August Tisleri ja Anna Koksi pere esimese lapsena koos kaksikvenna J\u00fcriga (Georg).<\/span><\/p>\n<p class=\"MsoNormal\" style=\"text-align: justify; line-height: 150%\"><span style=\"font-family: Tahoma;\">Mihkli isa August Tisler (ka Tischler) s\u00fcndis 20.02.1875 (ristitud 05.03.1875) ja ema Anna Koks s\u00fcndis 11.11.1871 (ristitud 25.11.1871), laulatati H\u00e4\u00e4demeeste \u00d5igeusu kirikus 1894. aastal.<\/span><\/p>\n<p class=\"MsoNormal\" style=\"text-align: justify; line-height: 50%\" align=\"right\"><span style=\"font-family: Tahoma;\"><strong>Perre s\u00fcndis kuus last:<\/strong><\/span><\/p>\n<p class=\"MsoNormal\" style=\"text-align: justify; line-height: 50%\" align=\"right\"><span style=\"font-family: Tahoma;\">1. Mihkel (Mihael) Tisler         <span> <\/span><span> <\/span>27.08.1895 (ristitud 28.08.1895)<\/span><\/p>\n<p class=\"MsoNormal\" style=\"text-align: justify; line-height: 50%\" align=\"right\"><span style=\"font-family: Tahoma;\">2. J\u00fcri (Georg) Tisler             <span> <\/span>27.08.1895 (ristitud 28.08.1895)<\/span><\/p>\n<p class=\"MsoNormal\" style=\"text-align: justify; line-height: 50%\" align=\"right\"><span style=\"font-family: Tahoma;\">3. Melani Tisler                     <span> <\/span><span> <\/span>19.09.1901 (ristitud 30.09.1901)<\/span><\/p>\n<p class=\"MsoNormal\" style=\"text-align: justify; line-height: 50%\" align=\"right\"><span style=\"font-family: Tahoma;\">4. Feodor (Weodor) Tisler <span> <\/span> 04.03.1905<\/span><\/p>\n<p class=\"MsoNormal\" style=\"text-align: justify; line-height: 50%\" align=\"right\"><span style=\"font-family: Tahoma;\">5. Johanna Tisler <span> <\/span><span> <\/span> 13.06.1909<\/span><\/p>\n<p class=\"MsoNormal\" style=\"text-align: justify; line-height: 50%\" align=\"right\"><span style=\"font-family: Tahoma;\">6. Eliisabet Tisler <span> <\/span><span> <\/span> 16.04.1913<\/span><\/p>\n<p class=\"MsoNormal\" style=\"text-align: justify; line-height: 150%\"><span style=\"font-family: Tahoma;\">Mihkel k\u00e4is viis aastat vallakoolis. Siis asus leiba teenima talust tallu k\u00e4ies puut\u00f6\u00f6d tehes. Vabaduss\u00f5ja ajal teenis miiniristlejal \u201eVambola\u201c, kust ta 28. aprillil 1920 reservi arvati.<\/span><\/p>\n<p class=\"MsoNormal\" style=\"text-align: justify; line-height: 150%\"><em><strong><span style=\"font-family: Tahoma;\">Mihkel oli oma t\u00f6\u00f6dega sageli n\u00e4dalajagu kodust eemal, tulles ainult n\u00e4dalavahetuseks koju. V\u00e4ikse Mati jaoks olid n\u00e4dalal\u00f5pu isa ootamised v\u00e4ga t\u00e4htsad. Ta jooksis isale juba kaugele vastu. Kui siis koos koju j\u00f5uti, oli isal n\u00e4dala tegemistest \u00fclevaade olemas.<\/span><\/strong><\/em><em><\/em><\/p>\n","protected":false},"excerpt":{"rendered":"<p>vanemad: AUGUST TISLER ja ANNA KOKS \u00f5ed: MELANI TISLER, JOHANNA TISLER ja ELIISABET TISLER vennad: J\u00dcRI (GEORG) TISLER ja FEODOR (WEODOR) TISLER abikaasa: ANASTASIA M\u00c4NGEL lapsed: AGNIA TALI, MIIA ORAV, MATI TALI ja JAAN TALI Mihkel (Mihael) Tali s\u00fcndis 27. augustil 1895. aastal Oraj\u00f5el August Tisleri ja Anna Koksi pere esimese lapsena koos kaksikvenna J\u00fcriga&hellip;<a href=\"https:\/\/orav.ee\/?page_id=305\" class=\"button\">Read more <span class=\"screen-reader-text\">mihkel (mihael) tali<\/span><\/a><\/p>\n","protected":false},"author":1,"featured_media":0,"parent":23,"menu_order":0,"comment_status":"open","ping_status":"open","template":"","meta":{"_acf_changed":false,"footnotes":""},"class_list":["post-305","page","type-page","status-publish","hentry"],"acf":[],"_links":{"self":[{"href":"https:\/\/orav.ee\/index.php?rest_route=\/wp\/v2\/pages\/305","targetHints":{"allow":["GET"]}}],"collection":[{"href":"https:\/\/orav.ee\/index.php?rest_route=\/wp\/v2\/pages"}],"about":[{"href":"https:\/\/orav.ee\/index.php?rest_route=\/wp\/v2\/types\/page"}],"author":[{"embeddable":true,"href":"https:\/\/orav.ee\/index.php?rest_route=\/wp\/v2\/users\/1"}],"replies":[{"embeddable":true,"href":"https:\/\/orav.ee\/index.php?rest_route=%2Fwp%2Fv2%2Fcomments&post=305"}],"version-history":[{"count":1,"href":"https:\/\/orav.ee\/index.php?rest_route=\/wp\/v2\/pages\/305\/revisions"}],"predecessor-version":[{"id":354,"href":"https:\/\/orav.ee\/index.php?rest_route=\/wp\/v2\/pages\/305\/revisions\/354"}],"up":[{"embeddable":true,"href":"https:\/\/orav.ee\/index.php?rest_route=\/wp\/v2\/pages\/23"}],"wp:attachment":[{"href":"https:\/\/orav.ee\/index.php?rest_route=%2Fwp%2Fv2%2Fmedia&parent=305"}],"curies":[{"name":"wp","href":"https:\/\/api.w.org\/{rel}","templated":true}]}}