{"id":304,"date":"2008-12-01T01:52:46","date_gmt":"2008-11-30T23:52:46","guid":{"rendered":"http:\/\/raino.orav.ee\/?page_id=304"},"modified":"2009-10-31T17:25:28","modified_gmt":"2009-10-31T15:25:28","slug":"kevin-kahar","status":"publish","type":"page","link":"https:\/\/orav.ee\/?page_id=304","title":{"rendered":"kevin kahar"},"content":{"rendered":"<p class=\"MsoNormal\" style=\"text-align: justify; line-height: 50%\">\n<p class=\"MsoNormal\" style=\"border: medium none ; padding: 0cm; line-height: 150%\" align=\"justify\">vanemad: <strong>JANIS KAHAR<\/strong> ja <a style=\"font-size: 11px; font-weight: bold\" title=\"Kersti Tali\" href=\"http:\/\/www.orav.ee\/?page_id=303\">KERSTI TALI<\/a><\/p>\n<p class=\"MsoNormal\" style=\"border: medium none ; padding: 0cm; line-height: 150%\" align=\"justify\">\u00f5ed | vennad: <strong>CHRISTOPHER ARMIN SOANS<br \/>\n<\/strong><\/p>\n<p class=\"MsoNormal\" style=\"text-align: justify; line-height: 50%\">\n<p class=\"MsoNormal\" style=\"border: medium none ; padding: 0cm; line-height: 150%\" align=\"justify\"><strong><span style=\"font-family: Tahoma;\">Kevin Kahar<\/span><\/strong><span style=\"font-family: Tahoma;\"> s\u00fcndis 10. mail 1998 V\u00f5rus. Lapsep\u00f5lv on m\u00f6\u00f6dunud Tallinnas ja V\u00f5rus. Kevin \u00f5pib Tallinna 32. Keskkoolis ja 2008 aastal l\u00f5petab ta III klassi.<\/span><\/p>\n<p class=\"MsoNormal\" style=\"text-align: justify; line-height: 50%\">\n<p class=\"MsoNormal\" style=\"border: medium none ; padding: 0cm; line-height: 150%\" align=\"justify\"><strong><em><span style=\"font-family: Tahoma;\">Kevin ei armastanud v\u00e4iksena pimedat. Kui toas juba h\u00e4maraks l\u00e4ks, siis palus Kevin: \u201ePange pime p\u00f5lema!\u201c.<\/span><\/em><\/strong><\/p>\n<p><a title=\"Kevin Kahar\" href=\"http:\/\/fotod.orav.ee\/kevinkahar.jpg\" rel=\"lightbox[304]\"><img loading=\"lazy\" decoding=\"async\" style=\"border: 1px solid black; margin-top: 20px; margin-bottom: 20px;\" title=\"Kevin Kahar\" src=\"http:\/\/fotod.orav.ee\/kevinkahar.jpg\" border=\"1\" alt=\"\" vspace=\"20\" width=\"242\" height=\"166\" align=\"right\" \/><\/a><\/p>\n","protected":false},"excerpt":{"rendered":"<p>vanemad: JANIS KAHAR ja KERSTI TALI \u00f5ed | vennad: CHRISTOPHER ARMIN SOANS Kevin Kahar s\u00fcndis 10. mail 1998 V\u00f5rus. Lapsep\u00f5lv on m\u00f6\u00f6dunud Tallinnas ja V\u00f5rus. Kevin \u00f5pib Tallinna 32. Keskkoolis ja 2008 aastal l\u00f5petab ta III klassi. Kevin ei armastanud v\u00e4iksena pimedat. Kui toas juba h\u00e4maraks l\u00e4ks, siis palus Kevin: \u201ePange pime p\u00f5lema!\u201c.<\/p>\n","protected":false},"author":1,"featured_media":0,"parent":23,"menu_order":0,"comment_status":"open","ping_status":"open","template":"","meta":{"_acf_changed":false,"footnotes":""},"class_list":["post-304","page","type-page","status-publish","hentry"],"acf":[],"_links":{"self":[{"href":"https:\/\/orav.ee\/index.php?rest_route=\/wp\/v2\/pages\/304","targetHints":{"allow":["GET"]}}],"collection":[{"href":"https:\/\/orav.ee\/index.php?rest_route=\/wp\/v2\/pages"}],"about":[{"href":"https:\/\/orav.ee\/index.php?rest_route=\/wp\/v2\/types\/page"}],"author":[{"embeddable":true,"href":"https:\/\/orav.ee\/index.php?rest_route=\/wp\/v2\/users\/1"}],"replies":[{"embeddable":true,"href":"https:\/\/orav.ee\/index.php?rest_route=%2Fwp%2Fv2%2Fcomments&post=304"}],"version-history":[{"count":3,"href":"https:\/\/orav.ee\/index.php?rest_route=\/wp\/v2\/pages\/304\/revisions"}],"predecessor-version":[{"id":347,"href":"https:\/\/orav.ee\/index.php?rest_route=\/wp\/v2\/pages\/304\/revisions\/347"}],"up":[{"embeddable":true,"href":"https:\/\/orav.ee\/index.php?rest_route=\/wp\/v2\/pages\/23"}],"wp:attachment":[{"href":"https:\/\/orav.ee\/index.php?rest_route=%2Fwp%2Fv2%2Fmedia&parent=304"}],"curies":[{"name":"wp","href":"https:\/\/api.w.org\/{rel}","templated":true}]}}