{"id":303,"date":"2008-12-01T01:51:23","date_gmt":"2008-11-30T23:51:23","guid":{"rendered":"http:\/\/raino.orav.ee\/?page_id=303"},"modified":"2009-10-31T17:25:01","modified_gmt":"2009-10-31T15:25:01","slug":"kersti-tali","status":"publish","type":"page","link":"https:\/\/orav.ee\/?page_id=303","title":{"rendered":"kersti tali"},"content":{"rendered":"<p class=\"MsoNormal\" style=\"text-align: justify; line-height: 50%\">\n<p class=\"MsoNormal\" style=\"border: medium none ; padding: 0cm; line-height: 150%\" align=\"justify\">vanemad: <a style=\"font-size: 11px; font-weight: bold\" title=\"Jaan Tali\" href=\"http:\/\/www.orav.ee\/?page_id=301\">JAAN TALI<\/a> ja <a style=\"font-size: 11px; font-weight: bold\" title=\"\u00dclle Tali\" href=\"http:\/\/www.orav.ee\/?page_id=302\">\u00dcLLE TALI<\/a><\/p>\n<p class=\"MsoNormal\" style=\"border: medium none ; padding: 0cm; line-height: 150%\" align=\"justify\">elukaaslane: <strong>SILVER SOANS<br \/>\n<\/strong><\/p>\n<p class=\"MsoNormal\" style=\"border: medium none ; padding: 0cm; line-height: 150%\" align=\"justify\">lapsed: <a style=\"font-size: 11px; font-weight: bold\" title=\"Kevin Kahar\" href=\"http:\/\/www.orav.ee\/?page_id=304\">KEVIN KAHAR<\/a><span style=\"font-size: 11px; font-weight: bold;\"> ja<\/span><span style=\"font-size: 11px; font-weight: bold;\"> <\/span><strong>CHRISTOPHER ARMIN SOANS<br \/>\n<\/strong><\/p>\n<p class=\"MsoNormal\" style=\"text-align: justify; line-height: 50%\">\n<p class=\"MsoNormal\" style=\"border: medium none ; padding: 0cm; line-height: 150%\" align=\"justify\"><strong><span style=\"font-family: Tahoma;\">Kersti Tali<\/span><\/strong><span style=\"font-family: Tahoma;\"> s\u00fcndis 6. juulil 1978. aastal V\u00f5rus. V\u00f5rus l\u00f5petas Kersti ka keskkooli. Praegu t\u00f6\u00f6tab Kersti <strong>Kalev SPA veekeskuses<\/strong> pedik\u00fc\u00fcrina.<\/span><\/p>\n<p class=\"MsoNormal\" style=\"text-align: justify; line-height: 50%\">\n<p class=\"MsoNormal\" style=\"border: medium none ; padding: 0cm; line-height: 150%\" align=\"justify\"><span style=\"font-family: Tahoma;\">Juba keskkooli ajal kohtus Kersti Janis Kahariga. Janis Kahar on s\u00fcndinud 4. veebruaril 1971. aastal P\u00f5lvas. Perre s\u00fcndis poeg Kevin (1998). Kersti asus koos oma uue elukaaslase Silver Soansiga elama Tallinnasse. Perre s\u00fcndis poeg Christopher Armin (2009)<\/span><\/p>\n<p class=\"MsoNormal\" style=\"text-align: justify; line-height: 50%\">\n<p class=\"MsoNormal\" style=\"text-align: justify; line-height: 150%\" align=\"justify\"><em><span style=\"font-family: Tahoma;\"><strong>Kui Kersti oli v\u00e4ike, armastas ta ainult suppi. \u00dckskord kui suppi polnud, laiutas ta pettunult k\u00e4si ja \u00fctles: \u201eSuppi lole-lole, andke kasv\u00f5i k\u00fclma vett!\u201c.<\/strong><\/span><\/em><\/p>\n<p><a title=\"Kersti Tali\" href=\"http:\/\/fotod.orav.ee\/kerstitali.jpg\" rel=\"lightbox[303]\"><img loading=\"lazy\" decoding=\"async\" class=\"alignright\" style=\"border: 1px solid black; margin-top: 20px; margin-bottom: 20px;\" title=\"Kersti Tali\" src=\"http:\/\/fotod.orav.ee\/kerstitalismall.jpg\" border=\"1\" alt=\"\" vspace=\"20\" width=\"242\" height=\"166\" align=\"right\" \/><\/a><\/p>\n<p align=\"justify\">\n","protected":false},"excerpt":{"rendered":"<p>vanemad: JAAN TALI ja \u00dcLLE TALI elukaaslane: SILVER SOANS lapsed: KEVIN KAHAR ja CHRISTOPHER ARMIN SOANS Kersti Tali s\u00fcndis 6. juulil 1978. aastal V\u00f5rus. V\u00f5rus l\u00f5petas Kersti ka keskkooli. Praegu t\u00f6\u00f6tab Kersti Kalev SPA veekeskuses pedik\u00fc\u00fcrina. Juba keskkooli ajal kohtus Kersti Janis Kahariga. Janis Kahar on s\u00fcndinud 4. veebruaril 1971. aastal P\u00f5lvas. Perre s\u00fcndis poeg&hellip;<a href=\"https:\/\/orav.ee\/?page_id=303\" class=\"button\">Read more <span class=\"screen-reader-text\">kersti tali<\/span><\/a><\/p>\n","protected":false},"author":1,"featured_media":0,"parent":23,"menu_order":0,"comment_status":"open","ping_status":"open","template":"","meta":{"_acf_changed":false,"footnotes":""},"class_list":["post-303","page","type-page","status-publish","hentry"],"acf":[],"_links":{"self":[{"href":"https:\/\/orav.ee\/index.php?rest_route=\/wp\/v2\/pages\/303","targetHints":{"allow":["GET"]}}],"collection":[{"href":"https:\/\/orav.ee\/index.php?rest_route=\/wp\/v2\/pages"}],"about":[{"href":"https:\/\/orav.ee\/index.php?rest_route=\/wp\/v2\/types\/page"}],"author":[{"embeddable":true,"href":"https:\/\/orav.ee\/index.php?rest_route=\/wp\/v2\/users\/1"}],"replies":[{"embeddable":true,"href":"https:\/\/orav.ee\/index.php?rest_route=%2Fwp%2Fv2%2Fcomments&post=303"}],"version-history":[{"count":9,"href":"https:\/\/orav.ee\/index.php?rest_route=\/wp\/v2\/pages\/303\/revisions"}],"predecessor-version":[{"id":345,"href":"https:\/\/orav.ee\/index.php?rest_route=\/wp\/v2\/pages\/303\/revisions\/345"}],"up":[{"embeddable":true,"href":"https:\/\/orav.ee\/index.php?rest_route=\/wp\/v2\/pages\/23"}],"wp:attachment":[{"href":"https:\/\/orav.ee\/index.php?rest_route=%2Fwp%2Fv2%2Fmedia&parent=303"}],"curies":[{"name":"wp","href":"https:\/\/api.w.org\/{rel}","templated":true}]}}