{"id":302,"date":"2008-12-01T01:49:37","date_gmt":"2008-11-30T23:49:37","guid":{"rendered":"http:\/\/raino.orav.ee\/?page_id=302"},"modified":"2015-02-28T16:18:24","modified_gmt":"2015-02-28T14:18:24","slug":"ulle-tali","status":"publish","type":"page","link":"https:\/\/orav.ee\/?page_id=302","title":{"rendered":"\u00fclle tali"},"content":{"rendered":"<p>vanemad:<br \/>\n\u00f5ed | vennad:<br \/>\nabikaasa: <a style=\"font-size: 11px; font-weight: bold;\" title=\"Jaan Tali\" href=\"http:\/\/www.orav.ee\/?page_id=301\">JAAN TALI<\/a><br \/>\nlapsed: <a style=\"font-size: 11px; font-weight: bold;\" title=\"Kersti Tali\" href=\"http:\/\/www.orav.ee\/?page_id=303\">KERSTI TALI<\/a><br \/>\n<\/p>\n<p class=\"MsoNormal\" style=\"padding: 0cm; text-align: justify; line-height: 150%;\"><strong><span style=\"font-family: Tahoma;\">\u00dclle Tali<\/span><\/strong><span style=\"font-family: Tahoma;\"> (Ilves) s\u00fcndis 2. augustil 1960 aastal V\u00f5rus, seal m\u00f6\u00f6dus ka Tema\u00a0lapsep\u00f5lv. V\u00f5rus l\u00f5petas \u00dclle ka keskkooli. \u00dclle t\u00f6\u00f6tas 30 aastat Kagu teedevalitsuse erinevatel ametikohtadel, juhataja abina viimased 13 aastat. Sekret\u00e4ri ametini j\u00f5udis \u00dclle \u00fcsna juhuslikult. Ta oli aastaid t\u00f6\u00f6tanud samas ettev\u00f5ttes tehnikuna ja kui uus juht tegi talle ettepaneku teha kannap\u00f6\u00f6rde ja asuda juhiabi ametisse, siis \u00dclle kaua ei k\u00f5helnud ja oli oma elup\u00e4evade l\u00f5puni tehtud otsusega rahul.<\/span><\/p>\n<p><\/p>\n<p class=\"MsoNormal\" style=\"padding: 0cm; line-height: 150%; text-align: justify;\"><span style=\"font-family: Tahoma;\">\u00dclle lahkus meie hulgast pikaajalise haiguse tagaj\u00e4rjel 23. veebruaril 2015<\/span><\/p>\n<p class=\"MsoNormal\" style=\"padding: 0cm; line-height: 150%;\"><a title=\"\u00dclle Tali\" href=\"http:\/\/fotod.orav.ee\/ulletali.jpg\" rel=\"lightbox[302]\"><img loading=\"lazy\" decoding=\"async\" class=\"alignright\" style=\"border: 1px solid black; margin-top: 20px; margin-bottom: 20px;\" title=\"\u00dclle Tali\" src=\"http:\/\/fotod.orav.ee\/ulletalismall.jpg\" alt=\"\" width=\"242\" height=\"166\" align=\"right\" border=\"1\" vspace=\"20\" \/><\/a><\/p>\n","protected":false},"excerpt":{"rendered":"<p>vanemad: \u00f5ed | vennad: abikaasa: JAAN TALI lapsed: KERSTI TALI \u00dclle Tali (Ilves) s\u00fcndis 2. augustil 1960 aastal V\u00f5rus, seal m\u00f6\u00f6dus ka Tema\u00a0lapsep\u00f5lv. V\u00f5rus l\u00f5petas \u00dclle ka keskkooli. \u00dclle t\u00f6\u00f6tas 30 aastat Kagu teedevalitsuse erinevatel ametikohtadel, juhataja abina viimased 13 aastat. Sekret\u00e4ri ametini j\u00f5udis \u00dclle \u00fcsna juhuslikult. Ta oli aastaid t\u00f6\u00f6tanud samas ettev\u00f5ttes tehnikuna ja&hellip;<a href=\"https:\/\/orav.ee\/?page_id=302\" class=\"button\">Read more <span class=\"screen-reader-text\">\u00fclle tali<\/span><\/a><\/p>\n","protected":false},"author":1,"featured_media":0,"parent":23,"menu_order":0,"comment_status":"open","ping_status":"open","template":"","meta":{"_acf_changed":false,"footnotes":""},"class_list":["post-302","page","type-page","status-publish","hentry"],"acf":[],"_links":{"self":[{"href":"https:\/\/orav.ee\/index.php?rest_route=\/wp\/v2\/pages\/302","targetHints":{"allow":["GET"]}}],"collection":[{"href":"https:\/\/orav.ee\/index.php?rest_route=\/wp\/v2\/pages"}],"about":[{"href":"https:\/\/orav.ee\/index.php?rest_route=\/wp\/v2\/types\/page"}],"author":[{"embeddable":true,"href":"https:\/\/orav.ee\/index.php?rest_route=\/wp\/v2\/users\/1"}],"replies":[{"embeddable":true,"href":"https:\/\/orav.ee\/index.php?rest_route=%2Fwp%2Fv2%2Fcomments&post=302"}],"version-history":[{"count":24,"href":"https:\/\/orav.ee\/index.php?rest_route=\/wp\/v2\/pages\/302\/revisions"}],"predecessor-version":[{"id":2748,"href":"https:\/\/orav.ee\/index.php?rest_route=\/wp\/v2\/pages\/302\/revisions\/2748"}],"up":[{"embeddable":true,"href":"https:\/\/orav.ee\/index.php?rest_route=\/wp\/v2\/pages\/23"}],"wp:attachment":[{"href":"https:\/\/orav.ee\/index.php?rest_route=%2Fwp%2Fv2%2Fmedia&parent=302"}],"curies":[{"name":"wp","href":"https:\/\/api.w.org\/{rel}","templated":true}]}}