{"id":3011,"date":"2020-09-21T15:23:40","date_gmt":"2020-09-21T13:23:40","guid":{"rendered":"http:\/\/www.orav.ee\/?page_id=3011"},"modified":"2020-09-21T15:23:40","modified_gmt":"2020-09-21T13:23:40","slug":"onnesoovid-2","status":"publish","type":"page","link":"https:\/\/orav.ee\/?page_id=3011","title":{"rendered":"\u00f5nnesoovid"},"content":{"rendered":"\n<p>Allpool on Teieni toodud<strong> \u201cRaadio Elmar\u201d <\/strong>ja<strong> \u201cVikerraadio\u201d <\/strong>eetris k\u00f5lanud \u00f5nnesoovid. <\/p>\n\n\n\n<p><em><span class=\"has-inline-color has-black-color\"><span style=\"text-decoration: underline;\">Peatselt lisame hulgaliselt uusi suguv\u00f5sa arhiivis olevaid \u00f5nnesoove k\u00f5igile kuulamiseks!<\/span><\/span><\/em><\/p>\n\n\n\n<div style=\"height:31px\" aria-hidden=\"true\" class=\"wp-block-spacer\"><\/div>\n\n\n\n<figure class=\"wp-block-audio aligncenter\"><audio controls src=\"https:\/\/soov.orav.ee\/19042012koit100.mp3\"><\/audio><figcaption>Koit Tui 100 Juubeli\u00f5nnesoovid (21.04.2012)<\/figcaption><\/figure>\n\n\n\n<div class=\"wp-block-group\"><div class=\"wp-block-group__inner-container is-layout-flow wp-block-group-is-layout-flow\">\n<figure class=\"wp-block-audio\"><audio controls src=\"https:\/\/soov.orav.ee\/21042012koit100.mp3\"><\/audio><figcaption>Koit Tui 100 Juubeli\u00f5nnesoovid (19.04.2012)<\/figcaption><\/figure>\n\n\n\n<figure class=\"wp-block-audio\"><audio controls src=\"https:\/\/soov.orav.ee\/vilmatipse90.mp3\"><\/audio><figcaption>\u00a0Vilma Tipse 90 Juubelisoovid (18.02.2012)<\/figcaption><\/figure>\n\n\n\n<figure class=\"wp-block-audio\"><audio controls src=\"https:\/\/soov.orav.ee\/koitmarta65.mp3\"><\/audio><figcaption>Koit Ja Marta Tui 65 Pulma- aastap\u00e4eva \u00d5nnesoovid (16.03.2011)<\/figcaption><\/figure>\n\n\n\n<figure class=\"wp-block-audio\"><audio controls src=\"https:\/\/soov.orav.ee\/annikalepik3028012010.mp3\"><\/audio><figcaption>Annika Lepik 30 Juubeli\u00f5nnesoovid (28.01.2010)<\/figcaption><\/figure>\n<\/div><\/div>\n\n\n\n<div style=\"height:32px\" aria-hidden=\"true\" class=\"wp-block-spacer\"><\/div>\n\n\n\n<p><strong>\u00d5nnesoovide koopiat on k\u00f5igil v\u00f5imalus endale ka alla laadida.<\/strong> <\/p>\n\n\n\n<p>Selleks vajuta helifaili l\u00f5pus asuval kolme t\u00e4pi nupul ja vali &#8220;download&#8221;.<\/p>\n","protected":false},"excerpt":{"rendered":"<p>Allpool on Teieni toodud \u201cRaadio Elmar\u201d ja \u201cVikerraadio\u201d eetris k\u00f5lanud \u00f5nnesoovid. Peatselt lisame hulgaliselt uusi suguv\u00f5sa arhiivis olevaid \u00f5nnesoove k\u00f5igile kuulamiseks! \u00d5nnesoovide koopiat on k\u00f5igil v\u00f5imalus endale ka alla laadida. Selleks vajuta helifaili l\u00f5pus asuval kolme t\u00e4pi nupul ja vali &#8220;download&#8221;.<\/p>\n","protected":false},"author":1,"featured_media":0,"parent":0,"menu_order":0,"comment_status":"closed","ping_status":"closed","template":"","meta":{"_acf_changed":false,"footnotes":""},"class_list":["post-3011","page","type-page","status-publish","hentry"],"acf":[],"_links":{"self":[{"href":"https:\/\/orav.ee\/index.php?rest_route=\/wp\/v2\/pages\/3011","targetHints":{"allow":["GET"]}}],"collection":[{"href":"https:\/\/orav.ee\/index.php?rest_route=\/wp\/v2\/pages"}],"about":[{"href":"https:\/\/orav.ee\/index.php?rest_route=\/wp\/v2\/types\/page"}],"author":[{"embeddable":true,"href":"https:\/\/orav.ee\/index.php?rest_route=\/wp\/v2\/users\/1"}],"replies":[{"embeddable":true,"href":"https:\/\/orav.ee\/index.php?rest_route=%2Fwp%2Fv2%2Fcomments&post=3011"}],"version-history":[{"count":34,"href":"https:\/\/orav.ee\/index.php?rest_route=\/wp\/v2\/pages\/3011\/revisions"}],"predecessor-version":[{"id":3053,"href":"https:\/\/orav.ee\/index.php?rest_route=\/wp\/v2\/pages\/3011\/revisions\/3053"}],"wp:attachment":[{"href":"https:\/\/orav.ee\/index.php?rest_route=%2Fwp%2Fv2%2Fmedia&parent=3011"}],"curies":[{"name":"wp","href":"https:\/\/api.w.org\/{rel}","templated":true}]}}