{"id":301,"date":"2008-12-01T01:47:15","date_gmt":"2008-11-30T23:47:15","guid":{"rendered":"http:\/\/raino.orav.ee\/?page_id=301"},"modified":"2026-01-27T21:12:20","modified_gmt":"2026-01-27T19:12:20","slug":"jaan-tali","status":"publish","type":"page","link":"https:\/\/orav.ee\/?page_id=301","title":{"rendered":"Jaan Tali"},"content":{"rendered":"\n<div class=\"wp-block-group\"><div class=\"wp-block-group__inner-container is-layout-constrained wp-block-group-is-layout-constrained\">\n<div class=\"wp-block-group\"><div class=\"wp-block-group__inner-container is-layout-constrained wp-block-group-is-layout-constrained\">\n<style>\n\/* ================================\n   PEREKOND\n   ================================ *\/\n.family {\n  display: flex;\n  gap: 3rem;\n  max-width: 1200px;\n  margin: 1.5rem 0;\n}\n\n.family-group {\n  flex: 1;\n  padding-left: 1.4rem;\n  border-left: 3px solid #d6d6d6;\n  align-self: flex-start;\n}\n\n.family-group h4 {\n  margin: 0 0 0.8rem 0;\n  font-size: 1.3rem;\n  font-weight: 600;\n  text-transform: uppercase;\n  letter-spacing: 0.08em;\n  color: #555;\n}\n\n.family-group ul {\n  list-style: none;\n  padding: 0;\n  margin: 0;\n}\n\n.family-group li {\n  margin-bottom: 0.5rem;\n}\n\n.family-group a {\n  font-size: 1.3rem;\n  font-weight: 500;\n  text-decoration: none;\n  color: #1a73e8;\n}\n\n.family-group a:hover {\n  text-decoration: underline;\n}\n\n\/* ================================\n   ELULUGU\n   ================================ *\/\n.biography {\n  max-width: 900px;\n  font-size: 1.15rem;\n  line-height: 1.7;\n  color: #222;\n  margin-top: 1.5rem;\n}\n\n.biography p {\n  margin: 0 0 1.2rem 0;\n}\n\n.biography p.lead {\n  font-weight: 600;\n}\n\n.biography p:last-child {\n  margin-bottom: 0;\n}\n\n\/* ================================\n   MOBIIL\n   ================================ *\/\n@media (max-width: 900px) {\n  .family {\n    flex-direction: column;\n    gap: 2rem;\n  }\n}\n<\/style>\n\n<section class=\"family\">\n\n  <div class=\"family-group\">\n    <h4>Vanemad<\/h4>\n    <ul>\n      <li><a href=\"\/?page_id=305\">Mihkel (Mihael) Tali<\/a><\/li>\n      <li><a href=\"\/?page_id=306\">Anastasia M\u00e4ngel<\/a><\/li>\n    <\/ul>\n  <\/div>\n\n  <div class=\"family-group\">\n    <h4>\u00d5ed \/ vennad<\/h4>\n    <ul>\n      <li><a href=\"\/?page_id=216\">Agnia Tali<\/a><\/li>\n      <li><a href=\"\/?page_id=221\">Miia Orav<\/a><\/li>\n      <li><a href=\"\/?page_id=248\">Mati Tali<\/a><\/li>\n    <\/ul>\n  <\/div>\n\n  <div class=\"family-group\">\n    <h4>Abikaasa<\/h4>\n    <ul>\n      <li><a href=\"\/?page_id=302\">\u00dclle Tali<\/a><\/li>\n    <\/ul>\n  <\/div>\n\n  <div class=\"family-group\">\n    <h4>Lapsed<\/h4>\n    <ul>\n      <li><a href=\"\/?page_id=303\">Kersti Tali<\/a><\/li>\n    <\/ul>\n  <\/div>\n\n<\/section>\n<\/div><\/div>\n\n\n\n<p class=\"MsoNormal\"><strong><span style=\"font-family: Tahoma;\">Jaan Tali<\/span><\/strong> <span style=\"font-family: Tahoma;\"><\/span><span style=\"font-family: Tahoma;\">s\u00fcndis 27. jaanuaril 1942. Lapsep\u00f5lv m\u00f6\u00f6dus V\u00f5iduk\u00fclas. Jaan \u00f5ppis V\u00e4imela N\u00e4idissovhoostehnikumis ja Eesti P\u00f5llumajanduse Akadeemias agronoomiks. P\u00e4rast \u00f5ppimist j\u00e4igi Jaan elama V\u00f5rru.<\/span><span style=\"font-family: Tahoma;\"><\/span><\/p>\n\n\n\n<p class=\"MsoNormal\"><span style=\"font-family: Tahoma;\">Jaan on t\u00f6\u00f6tanud V\u00e4imela sovhoosi osakonnajuhatajana, V\u00f5ru P\u00f5llumajandusvalitsuse varumise inspektorina ning V\u00f5rumaa P\u00e4\u00e4steameti direktorina.<\/span> <br \/><span style=\"font-family: Tahoma;\"><\/span><\/p>\n\n\n\n<p class=\"MsoNormal\"><span style=\"font-family: Tahoma;\">Jaan abiellus Virve Tammesoo\u2019ga 1967. aastal. Virve hukkus \u00f5nnetult 1987. aasta suvel, p\u00fc\u00fcdes h\u00e4dalist uppumisest p\u00e4\u00e4sta. Jaan abiellus \u00dclle Ilves\u2019ega 1989. aasta 25 jaanuaril.<\/span><\/p>\n\n\n\n<p class=\"MsoNormal\"><em><strong><span style=\"font-family: Tahoma;\">Jaan oli lapsena v\u00e4ga arglik ja kartis pildistamist. Kui taheti pilti teha, siis puges voodi alla. Jaan arvas, et pildiaparaat v\u00f5tab ta pildi tegemiseks enda sisse.<\/span><\/strong><\/em><\/p>\n\n\n\n<p class=\"MsoNormal\"><em><strong><span style=\"font-family: Tahoma;\">V\u00f5iduk\u00fcla kodus aias oli suur suislepa \u00f5unapuu. Lastel oli lubatud puu otsast allakukkunud \u00f5unad \u00e4ra s\u00fc\u00fca. Millegip\u00e4rast aga suislepa all kunagi \u00f5unu polnud. \u00dckskord avastas Jaan, et t\u00e4di Kata korjab hommikul vara \u00f5unad \u00e4ra ja paneb p\u00f5hukotti (need olid madratsite asemel) j\u00e4relvalmima. Sealtmaalt oli poistel selge, et \u00f5unu pole vaja puu alt otsida, vaid p\u00f5hukotist. Neid sai siis sealt v\u00e4hehaaval s\u00f6\u00f6dud, palju korraga v\u00f5tta ei v\u00f5in\u2019d, muidu oleks avastus v\u00e4lja tulnud. S\u00fcgisel pandi \u00f5unu ka heintesse j\u00e4relvalmima \u2013 sealgi sai sama \u201et\u00f6\u00f6d\u201c tehtud.<\/span><\/strong><\/em><\/p>\n\n\n\n<p class=\"MsoNormal\"><em><strong><span style=\"font-family: Tahoma;\">Suttide (silmude) p\u00fc\u00fcdmine oli kevadel p\u00f5nev. Poisid p\u00fc\u00fcdsid neid kolme n\u00e4puga. Sutte oli palju (nii 5-10 kilo), aga algul ei osanud neid keegi s\u00f6\u00f6davaks valmistada. Silmud pandi suurde patta ja keedeti, tulemus s\u00fc\u00fca ei k\u00f5lvanud. Kogu saak l\u00e4ks sigadele s\u00f6\u00f6giks.<\/span><\/strong><\/em><\/p>\n\n\n\n<p class=\"MsoNormal\"><em><strong><span style=\"font-family: Tahoma;\">Jaani lapsep\u00f5lves olid maiustused ja muu magus kraam haruldane ja seda sai harva. Suhkrupeedist keedeti siirupit, mida siis toiduvalmistamisel kasutati, aga see polnud eriti maitsev. Kapis, \u00fche karahvini sees hoiti mett, aga seda anti ainult siis kui haige olid. Jaan k\u00e4is salaja pika pulgaga meekarahvinis maiustamas.<\/span><\/strong><\/em><\/p>\n\n\n\n<p class=\"MsoNormal\"><strong><span style=\"font-family: Tahoma;\"><em>Poisikesena oli Jaani \u00fclesanne hommikuti koorelahutajat v\u00e4ndata. See on sihuke masin, kus piimast korjatakse koor v\u00e4lja &#8211; vasakule jookseb l\u00f5ss ja paremale koor. Koor lasti eelmise p\u00e4eva koorele peale ja sellest tehti p\u00e4rast v\u00f5id. Kui t\u00e4di Kata\u2019t v\u00f5i ema l\u00e4heduses polnud, siis k\u00e4is Jaani n\u00e4pp lipsti ja lipsti koorepurki. Seal j\u00e4i eelmise p\u00e4eva koorenahk h\u00e4sti n\u00e4pu peale ja sealt suhu. Siiani maitsevad<span> <\/span>Jaanile k\u00f5ik koored v\u00e4ga h\u00e4sti.<\/em><\/span><\/strong><\/p>\n\n\n\n<p class=\"MsoNormal\"><em><strong><span style=\"font-family: Tahoma;\">Kui Miia juba Allikivi talus perenaine oli, siis sai seal k\u00fclas olles munavigurit tehtud. Toorele munale sai kahvliga auk sisse torgatud ja muna t\u00fchjaks joodud. T\u00fchi koor l\u00e4ks ilusasti munarestile tagasi. Eks ikka nii, et auk v\u00e4lja ei paistnud. Miial oli sellep\u00e4rast munade m\u00fc\u00fcgil igasuguseid \u00e4pardusi. Siunas aga p\u00e4rast j\u00e4lle \u2013 n\u00e4e, Jaan j\u00e4lle k\u00fclas k\u00e4inud.<\/span><\/strong><\/em><strong><span style=\"font-family: Tahoma;\"><\/span><\/strong><\/p>\n\n\n\n<p class=\"MsoNormal\"><em><strong><span style=\"font-family: Tahoma;\">Kallega koos k\u00e4is Jaan havisid p\u00fc\u00fcdmas. Suvel kuiva ajaga j\u00e4i j\u00f5gi suurteks lompideks. Poisid sumpasid siis selle lombi mudaseks ja havid tulid pinnale \u00f5hku hingama. Kalle ja Jaan napsasid siis kiiresti havil kaelast kinni ja pistsid kotti. Havid olid kuni poole meetrised \u2013 v\u00e4ga suuri ei olnud.<\/span><\/strong><\/em><\/p>\n\n\n\n<p class=\"MsoNormal\"><em><strong><span style=\"font-family: Tahoma;\">Karjapoisip\u00f5lves tahtis Jaan maakerast augu l\u00e4bi kaevata. Auk sai korralik \u2013 selleks et s\u00fcgavalt v\u00e4lja saaks, tegi ta \u00fche k\u00fclje trepina. Auk oli juba mitu korda \u00fcle Jaani pea, vastu tuldi kiviklibukihid. Augukaevamise l\u00f5petas tugev vihmasadu, mis augu \u00e4ra t\u00e4itis. Nii j\u00e4igi Ameerikas k\u00e4imata<\/span><\/strong><\/em><\/p>\n\n\n\n<p class=\"MsoNormal\"><strong><span style=\"font-family: Tahoma;\"><em>Keegi oli koolikempsus suitsu teinud ja kahtlustati Jaani klassi poisse. Kui s\u00fc\u00fcdlast otsiti, ei tunnistanud ennast keegi s\u00fc\u00fcdi ega keegi ei \u00f6elnud \u00e4ra ka. Trahviks aeti terve klassi poiste pead nudiks.<\/em><\/span><\/strong><\/p>\n\n\n\n<p class=\"MsoNormal\"><em><strong><span style=\"font-family: Tahoma;\">\u00dckskord koos teiste poistega koolist koju tulles l\u00f5i Jaanil k\u00f5htu hirmus valu ja korraga oli \u201ek\u00f5ht lahti\u201c. Jaan j\u00e4i teistest poistest maha ja hoidis jalad risti, aga pauk k\u00e4is ja p\u00fcksid said t\u00e4is. Algul oli hea ja soe, aga varsti l\u00e4ks k\u00fclmaks. Jaan k\u00e4is vargsi teistest poistest taga pool, jalad harkis \u2013 v\u00e4ga vastik oli ja h\u00e4bi ka. P\u00e4rast kodus tuli h\u00e4bile lisaks veel keret\u00e4is.<\/span><\/strong><\/em><\/p>\n\n\n\n<p class=\"MsoNormal\"><em><strong><span style=\"font-family: Tahoma;\">Koolist koju minnes oli poistel l\u00f5bu iga telefoniposti juures portselanpottide pihta m\u00e4rki visata. Mitme puruksvisatud poti osas oli ka Jaan s\u00fc\u00fcdlane.<\/span><\/strong><\/em><\/p>\n\n\n\n<p class=\"MsoNormal\"><em><strong><span style=\"font-family: Tahoma;\">Koolit\u00fcdrukuna pidi \u00dclle sageli nooremat venda kantseldama. V\u00e4ikevennale meeldis kukla s\u00fcgamine. \u00d5ige varsti avastas \u00dclle, et kui natuke aega venna kukalt s\u00fcgada, j\u00e4\u00e4b ta magama. Et oleks aega ka oma asjadega tegeleda, kasutas \u00dclle v\u00e4ikevenna n\u00f5rkust igal v\u00f5imalikul juhul \u00e4ra. \u00d5htuti kui lastel magamamineku aeg k\u00e4tte j\u00f5udis, oli ema h\u00e4das, sest v\u00e4ikevennal ei tahtnud enam sugugi uni tulla &#8211; p\u00e4eval oli see t\u00e4is magatud.<\/span><\/strong><\/em><\/p>\n<\/div><\/div>\n\n\n<div class=\"wp-block-image is-style-default wp-duotone-unset-1\">\n<figure class=\"alignright\"><a href=\"http:\/\/fotod.orav.ee\/jaantali.jpg\" rel=\"lightbox[301]\"><img decoding=\"async\" src=\"http:\/\/fotod.orav.ee\/jaantalismall.jpg\" alt=\"\" title=\"Jaan Tali\"\/><\/a><\/figure>\n<\/div>","protected":false},"excerpt":{"rendered":"<p>Vanemad Mihkel (Mihael) Tali Anastasia M\u00e4ngel \u00d5ed \/ vennad Agnia Tali Miia Orav Mati Tali Abikaasa \u00dclle Tali Lapsed Kersti Tali Jaan Tali s\u00fcndis 27. jaanuaril 1942. Lapsep\u00f5lv m\u00f6\u00f6dus V\u00f5iduk\u00fclas. Jaan \u00f5ppis V\u00e4imela N\u00e4idissovhoostehnikumis ja Eesti P\u00f5llumajanduse Akadeemias agronoomiks. P\u00e4rast \u00f5ppimist j\u00e4igi Jaan elama V\u00f5rru. Jaan on t\u00f6\u00f6tanud V\u00e4imela sovhoosi osakonnajuhatajana, V\u00f5ru P\u00f5llumajandusvalitsuse varumise inspektorina&hellip;<a href=\"https:\/\/orav.ee\/?page_id=301\" class=\"button\">Read more <span class=\"screen-reader-text\">Jaan Tali<\/span><\/a><\/p>\n","protected":false},"author":1,"featured_media":0,"parent":23,"menu_order":0,"comment_status":"closed","ping_status":"closed","template":"","meta":{"_acf_changed":false,"footnotes":""},"class_list":["post-301","page","type-page","status-publish","hentry"],"acf":[],"_links":{"self":[{"href":"https:\/\/orav.ee\/index.php?rest_route=\/wp\/v2\/pages\/301","targetHints":{"allow":["GET"]}}],"collection":[{"href":"https:\/\/orav.ee\/index.php?rest_route=\/wp\/v2\/pages"}],"about":[{"href":"https:\/\/orav.ee\/index.php?rest_route=\/wp\/v2\/types\/page"}],"author":[{"embeddable":true,"href":"https:\/\/orav.ee\/index.php?rest_route=\/wp\/v2\/users\/1"}],"replies":[{"embeddable":true,"href":"https:\/\/orav.ee\/index.php?rest_route=%2Fwp%2Fv2%2Fcomments&post=301"}],"version-history":[{"count":54,"href":"https:\/\/orav.ee\/index.php?rest_route=\/wp\/v2\/pages\/301\/revisions"}],"predecessor-version":[{"id":3204,"href":"https:\/\/orav.ee\/index.php?rest_route=\/wp\/v2\/pages\/301\/revisions\/3204"}],"up":[{"embeddable":true,"href":"https:\/\/orav.ee\/index.php?rest_route=\/wp\/v2\/pages\/23"}],"wp:attachment":[{"href":"https:\/\/orav.ee\/index.php?rest_route=%2Fwp%2Fv2%2Fmedia&parent=301"}],"curies":[{"name":"wp","href":"https:\/\/api.w.org\/{rel}","templated":true}]}}