{"id":300,"date":"2008-12-01T01:44:50","date_gmt":"2008-11-30T23:44:50","guid":{"rendered":"http:\/\/raino.orav.ee\/?page_id=300"},"modified":"2009-10-31T12:38:25","modified_gmt":"2009-10-31T10:38:25","slug":"sylvia-orro","status":"publish","type":"page","link":"https:\/\/orav.ee\/?page_id=300","title":{"rendered":"sylvia orro"},"content":{"rendered":"<p class=\"MsoNormal\" style=\"text-align: justify; line-height: 50%\">\n<p class=\"MsoNormal\" style=\"border: medium none ; padding: 0cm; text-align: justify; line-height: 150%\">vanemad: <a style=\"font-size: 11px; font-weight: bold\" title=\"Einar Orro\" href=\"http:\/\/www.orav.ee\/?page_id=299\">EINAR ORRO<\/a> ja <a style=\"font-size: 11px; font-weight: bold\" title=\"Triin Tali\" href=\"http:\/\/www.orav.ee\/?page_id=297\">TRIIN TALI<\/a><\/p>\n<p class=\"MsoNormal\" style=\"text-align: justify; line-height: 50%\">\n<p class=\"MsoNormal\" style=\"border: medium none ; padding: 0cm; text-align: justify; line-height: 150%\"><strong><span style=\"font-family: Tahoma;\">Sylvia Orro<\/span><\/strong><span style=\"font-family: Tahoma;\"> s\u00fcndis 10. augustil 2000. Sylviat kutsutakse l\u00e4hedaste ringis Silluks. Sylvia k\u00e4ib J\u00e4rva- Jaani G\u00fcmnaasiumis.<\/span><\/p>\n<p class=\"MsoNormal\" style=\"text-align: justify; line-height: 50%\">\n<p class=\"MsoNormal\" style=\"border: medium none ; padding: 0cm; text-align: justify; line-height: 150%\"><em><strong><span style=\"font-family: Tahoma;\">Kuidas Sillu vanaemale \u201ek\u00e4kki keeras\u201c. V\u00e4ikesele Sillule meeldis<span> <\/span>vanaemale tempe teha. Kord keeras ta k\u00f6\u00f6gis v\u00e4ikese kella k\u00fclili. Vanaema, kes k\u00f6\u00f6ki tuli, ehmatas \u00e4ra, arvates, et kell on juba kolmveerand kaksteist, kuigi tegelikult oli kell alles pool \u00fcheksa. Vaat selline viguriv\u00e4nt on Sillu!<\/span><\/strong><\/em><\/p>\n<p class=\"MsoNormal\" style=\"border: medium none ; padding: 0cm; text-align: justify; line-height: 150%\"><a title=\"Sylvia Orro\" href=\"http:\/\/fotod.orav.ee\/sylviaorro.jpg\" rel=\"lightbox[300]\"><img loading=\"lazy\" decoding=\"async\" class=\"alignright\" style=\"border: 1px solid black; margin-top: 20px; margin-bottom: 20px;\" title=\"Sylvia Orro\" src=\"http:\/\/fotod.orav.ee\/sylviaorrosmall.jpg\" border=\"1\" alt=\"\" vspace=\"20\" width=\"242\" height=\"166\" align=\"right\" \/><\/a><\/p>\n","protected":false},"excerpt":{"rendered":"<p>vanemad: EINAR ORRO ja TRIIN TALI Sylvia Orro s\u00fcndis 10. augustil 2000. Sylviat kutsutakse l\u00e4hedaste ringis Silluks. Sylvia k\u00e4ib J\u00e4rva- Jaani G\u00fcmnaasiumis. Kuidas Sillu vanaemale \u201ek\u00e4kki keeras\u201c. V\u00e4ikesele Sillule meeldis vanaemale tempe teha. Kord keeras ta k\u00f6\u00f6gis v\u00e4ikese kella k\u00fclili. Vanaema, kes k\u00f6\u00f6ki tuli, ehmatas \u00e4ra, arvates, et kell on juba kolmveerand kaksteist, kuigi tegelikult&hellip;<a href=\"https:\/\/orav.ee\/?page_id=300\" class=\"button\">Read more <span class=\"screen-reader-text\">sylvia orro<\/span><\/a><\/p>\n","protected":false},"author":1,"featured_media":0,"parent":23,"menu_order":0,"comment_status":"open","ping_status":"open","template":"","meta":{"_acf_changed":false,"footnotes":""},"class_list":["post-300","page","type-page","status-publish","hentry"],"acf":[],"_links":{"self":[{"href":"https:\/\/orav.ee\/index.php?rest_route=\/wp\/v2\/pages\/300","targetHints":{"allow":["GET"]}}],"collection":[{"href":"https:\/\/orav.ee\/index.php?rest_route=\/wp\/v2\/pages"}],"about":[{"href":"https:\/\/orav.ee\/index.php?rest_route=\/wp\/v2\/types\/page"}],"author":[{"embeddable":true,"href":"https:\/\/orav.ee\/index.php?rest_route=\/wp\/v2\/users\/1"}],"replies":[{"embeddable":true,"href":"https:\/\/orav.ee\/index.php?rest_route=%2Fwp%2Fv2%2Fcomments&post=300"}],"version-history":[{"count":4,"href":"https:\/\/orav.ee\/index.php?rest_route=\/wp\/v2\/pages\/300\/revisions"}],"predecessor-version":[{"id":365,"href":"https:\/\/orav.ee\/index.php?rest_route=\/wp\/v2\/pages\/300\/revisions\/365"}],"up":[{"embeddable":true,"href":"https:\/\/orav.ee\/index.php?rest_route=\/wp\/v2\/pages\/23"}],"wp:attachment":[{"href":"https:\/\/orav.ee\/index.php?rest_route=%2Fwp%2Fv2%2Fmedia&parent=300"}],"curies":[{"name":"wp","href":"https:\/\/api.w.org\/{rel}","templated":true}]}}