{"id":299,"date":"2008-12-01T01:42:50","date_gmt":"2008-11-30T23:42:50","guid":{"rendered":"http:\/\/raino.orav.ee\/?page_id=299"},"modified":"2009-10-31T12:37:12","modified_gmt":"2009-10-31T10:37:12","slug":"einar-orro","status":"publish","type":"page","link":"https:\/\/orav.ee\/?page_id=299","title":{"rendered":"einar orro"},"content":{"rendered":"<p class=\"MsoNormal\" style=\"text-align: justify; line-height: 50%\">\n<p class=\"MsoNormal\" style=\"border: medium none ; padding: 0cm; text-align: justify; line-height: 150%\">vanemad:<\/p>\n<p class=\"MsoNormal\" style=\"border: medium none ; padding: 0cm; text-align: justify; line-height: 150%\">\u00f5ed \/ vennad:<\/p>\n<p class=\"MsoNormal\" style=\"border: medium none ; padding: 0cm; text-align: justify; line-height: 150%\">elukaaslane: <a style=\"font-size: 11px; font-weight: bold\" title=\"Triin Tali\" href=\"http:\/\/www.orav.ee\/?page_id=297\">TRIIN TALI<\/a><\/p>\n<p class=\"MsoNormal\" style=\"border: medium none ; padding: 0cm; text-align: justify; line-height: 150%\">lapsed: <a style=\"font-size: 11px; font-weight: bold\" title=\"Sylvia Orro\" href=\"http:\/\/www.orav.ee\/?page_id=300\">SYLVIA ORRO<\/a><\/p>\n<p class=\"MsoNormal\" style=\"text-align: justify; line-height: 50%\">\n<p class=\"MsoNormal\" style=\"border: medium none ; padding: 0cm; text-align: justify; line-height: 150%\"><strong><span style=\"font-family: Tahoma;\">Einar Orro<\/span><\/strong><span style=\"font-family: Tahoma;\"> s\u00fcndis 31. juulil 1969. aastal Rakveres. Lapsep\u00f5lv m\u00f6\u00f6dus praeguses elukohas V\u00f5hmutal. Einar \u00f5ppis J\u00e4rva-Jaani Keskkoolis 1976 \u2013 1984 ja Tallinna 6. Kutsekeskkoolis elektrikuks. Leiba teenib Einar AS-s Hallik tehnik-elektrikuna.<\/span><\/p>\n<p class=\"MsoNormal\" style=\"border: medium none ; padding: 0cm; text-align: justify; line-height: 150%\"><a title=\"Einar Orro\" href=\"http:\/\/fotod.orav.ee\/einarorro.jpg\" rel=\"lightbox[299]\"><img loading=\"lazy\" decoding=\"async\" class=\"alignright\" style=\"border: 1px solid black; margin-top: 20px; margin-bottom: 20px;\" title=\"Einar Orro\" src=\"http:\/\/fotod.orav.ee\/einarorrosmall.jpg\" border=\"1\" alt=\"\" vspace=\"20\" width=\"242\" height=\"166\" align=\"right\" \/><\/a><\/p>\n","protected":false},"excerpt":{"rendered":"<p>vanemad: \u00f5ed \/ vennad: elukaaslane: TRIIN TALI lapsed: SYLVIA ORRO Einar Orro s\u00fcndis 31. juulil 1969. aastal Rakveres. Lapsep\u00f5lv m\u00f6\u00f6dus praeguses elukohas V\u00f5hmutal. Einar \u00f5ppis J\u00e4rva-Jaani Keskkoolis 1976 \u2013 1984 ja Tallinna 6. Kutsekeskkoolis elektrikuks. Leiba teenib Einar AS-s Hallik tehnik-elektrikuna.<\/p>\n","protected":false},"author":1,"featured_media":0,"parent":23,"menu_order":0,"comment_status":"open","ping_status":"open","template":"","meta":{"_acf_changed":false,"footnotes":""},"class_list":["post-299","page","type-page","status-publish","hentry"],"acf":[],"_links":{"self":[{"href":"https:\/\/orav.ee\/index.php?rest_route=\/wp\/v2\/pages\/299","targetHints":{"allow":["GET"]}}],"collection":[{"href":"https:\/\/orav.ee\/index.php?rest_route=\/wp\/v2\/pages"}],"about":[{"href":"https:\/\/orav.ee\/index.php?rest_route=\/wp\/v2\/types\/page"}],"author":[{"embeddable":true,"href":"https:\/\/orav.ee\/index.php?rest_route=\/wp\/v2\/users\/1"}],"replies":[{"embeddable":true,"href":"https:\/\/orav.ee\/index.php?rest_route=%2Fwp%2Fv2%2Fcomments&post=299"}],"version-history":[{"count":2,"href":"https:\/\/orav.ee\/index.php?rest_route=\/wp\/v2\/pages\/299\/revisions"}],"predecessor-version":[{"id":332,"href":"https:\/\/orav.ee\/index.php?rest_route=\/wp\/v2\/pages\/299\/revisions\/332"}],"up":[{"embeddable":true,"href":"https:\/\/orav.ee\/index.php?rest_route=\/wp\/v2\/pages\/23"}],"wp:attachment":[{"href":"https:\/\/orav.ee\/index.php?rest_route=%2Fwp%2Fv2%2Fmedia&parent=299"}],"curies":[{"name":"wp","href":"https:\/\/api.w.org\/{rel}","templated":true}]}}