{"id":297,"date":"2008-12-01T01:41:38","date_gmt":"2008-11-30T23:41:38","guid":{"rendered":"http:\/\/raino.orav.ee\/?page_id=297"},"modified":"2009-10-31T12:48:43","modified_gmt":"2009-10-31T10:48:43","slug":"triin-tali","status":"publish","type":"page","link":"https:\/\/orav.ee\/?page_id=297","title":{"rendered":"triin tali"},"content":{"rendered":"<p class=\"MsoNormal\" style=\"text-align: justify; line-height: 50%\">\n<p class=\"MsoNormal\" style=\"border: medium none ; padding: 0cm; text-align: justify; line-height: 150%\">vanemad: <a style=\"font-size: 11px; font-weight: bold\" title=\"Mati Tali\" href=\"http:\/\/www.orav.ee\/?page_id=248\">MATI TALI<\/a> ja <a style=\"font-size: 11px; font-weight: bold\" title=\"Leili Tali\" href=\"http:\/\/www.orav.ee\/?page_id=249\">LEILI TALI<\/a><\/p>\n<p class=\"MsoNormal\" style=\"border: medium none ; padding: 0cm; text-align: justify; line-height: 150%\">\u00f5ed \/ vennad: <a style=\"font-size: 11px; font-weight: bold\" title=\"Tiia Randma\" href=\"http:\/\/www.orav.ee\/?page_id=250\">TIIA RANDMA<\/a> ja <a style=\"font-size: 11px; font-weight: bold\" title=\"Terje J\u00e4rvoja\" href=\"http:\/\/www.orav.ee\/?page_id=294\">TERJE J\u00c4RVOJA<\/a><\/p>\n<p class=\"MsoNormal\" style=\"border: medium none ; padding: 0cm; text-align: justify; line-height: 150%\">elukaaslane: <a style=\"font-size: 11px; font-weight: bold\" title=\"Einar Orro\" href=\"http:\/\/www.orav.ee\/?page_id=299\">EINAR ORRO<\/a><\/p>\n<p class=\"MsoNormal\" style=\"border: medium none ; padding: 0cm; text-align: justify; line-height: 150%\">lapsed: <a style=\"font-size: 11px; font-weight: bold\" title=\"Sylvia Orro\" href=\"http:\/\/www.orav.ee\/?page_id=300\">SYLVIA ORRO<\/a><\/p>\n<p class=\"MsoNormal\" style=\"text-align: justify; line-height: 50%\">\n<p class=\"MsoNormal\" style=\"border: medium none ; padding: 0cm; text-align: justify; line-height: 150%\"><strong><span style=\"font-family: Tahoma;\">Triin Tali<\/span><\/strong><span style=\"font-family: Tahoma;\"> s\u00fcndis 30. aprillil 1978. aastal P\u00e4rnus. Lapsep\u00f5lv m\u00f6\u00f6dus H\u00e4\u00e4demeestel. Triin \u00f5ppis H\u00e4\u00e4demeeste Keskkoolis 1985 \u2013 1996, P\u00e4rnu Kodumajanduskoolis 1996 \u2013 1997 sotsiaalhooldajaks ja T\u00fcri Tehnika- ja Maamajanduskoolis 2003 \u2013 2004 karusloomakasvatust.<\/span><\/p>\n<p class=\"MsoNormal\" style=\"text-align: justify; line-height: 50%\">\n<p class=\"MsoNormal\" style=\"border: medium none ; padding: 0cm; text-align: justify; line-height: 150%\"><span style=\"font-family: Tahoma;\"> <\/span><\/p>\n<p class=\"MsoNormal\" style=\"border: medium none ; padding: 0cm; text-align: justify; line-height: 150%\"><span style=\"font-family: Tahoma;\">Aastal 1998 kohtus Triin P\u00e4rnus Einariga. Alates aprillist 1999 elavad Triin ja Einar koos V\u00f5hmutal, Tamsalu vallas, L\u00e4\u00e4ne-Virumaal. Perre s\u00fcndis t\u00fctar Sylvia (2000).<\/span><\/p>\n<p class=\"MsoNormal\" style=\"border: medium none ; padding: 0cm; text-align: justify; line-height: 150%\"><a title=\"Triin Tali\" href=\"http:\/\/fotod.orav.ee\/triintali.jpg\" rel=\"lightbox[297]\"><img loading=\"lazy\" decoding=\"async\" class=\"alignright\" style=\"border: 1px solid black; margin-top: 20px; margin-bottom: 20px;\" title=\"Triin Tali\" src=\"http:\/\/fotod.orav.ee\/triintalismall.jpg\" border=\"1\" alt=\"\" vspace=\"20\" width=\"166\" height=\"242\" align=\"right\" \/><\/a><\/p>\n","protected":false},"excerpt":{"rendered":"<p>vanemad: MATI TALI ja LEILI TALI \u00f5ed \/ vennad: TIIA RANDMA ja TERJE J\u00c4RVOJA elukaaslane: EINAR ORRO lapsed: SYLVIA ORRO Triin Tali s\u00fcndis 30. aprillil 1978. aastal P\u00e4rnus. Lapsep\u00f5lv m\u00f6\u00f6dus H\u00e4\u00e4demeestel. Triin \u00f5ppis H\u00e4\u00e4demeeste Keskkoolis 1985 \u2013 1996, P\u00e4rnu Kodumajanduskoolis 1996 \u2013 1997 sotsiaalhooldajaks ja T\u00fcri Tehnika- ja Maamajanduskoolis 2003 \u2013 2004 karusloomakasvatust. Aastal 1998&hellip;<a href=\"https:\/\/orav.ee\/?page_id=297\" class=\"button\">Read more <span class=\"screen-reader-text\">triin tali<\/span><\/a><\/p>\n","protected":false},"author":1,"featured_media":0,"parent":23,"menu_order":0,"comment_status":"open","ping_status":"open","template":"","meta":{"_acf_changed":false,"footnotes":""},"class_list":["post-297","page","type-page","status-publish","hentry"],"acf":[],"_links":{"self":[{"href":"https:\/\/orav.ee\/index.php?rest_route=\/wp\/v2\/pages\/297","targetHints":{"allow":["GET"]}}],"collection":[{"href":"https:\/\/orav.ee\/index.php?rest_route=\/wp\/v2\/pages"}],"about":[{"href":"https:\/\/orav.ee\/index.php?rest_route=\/wp\/v2\/types\/page"}],"author":[{"embeddable":true,"href":"https:\/\/orav.ee\/index.php?rest_route=\/wp\/v2\/users\/1"}],"replies":[{"embeddable":true,"href":"https:\/\/orav.ee\/index.php?rest_route=%2Fwp%2Fv2%2Fcomments&post=297"}],"version-history":[{"count":2,"href":"https:\/\/orav.ee\/index.php?rest_route=\/wp\/v2\/pages\/297\/revisions"}],"predecessor-version":[{"id":298,"href":"https:\/\/orav.ee\/index.php?rest_route=\/wp\/v2\/pages\/297\/revisions\/298"}],"up":[{"embeddable":true,"href":"https:\/\/orav.ee\/index.php?rest_route=\/wp\/v2\/pages\/23"}],"wp:attachment":[{"href":"https:\/\/orav.ee\/index.php?rest_route=%2Fwp%2Fv2%2Fmedia&parent=297"}],"curies":[{"name":"wp","href":"https:\/\/api.w.org\/{rel}","templated":true}]}}