{"id":296,"date":"2008-12-01T01:39:34","date_gmt":"2008-11-30T23:39:34","guid":{"rendered":"http:\/\/raino.orav.ee\/?page_id=296"},"modified":"2009-10-31T17:24:26","modified_gmt":"2009-10-31T15:24:26","slug":"kerli-josefin-jarvoja","status":"publish","type":"page","link":"https:\/\/orav.ee\/?page_id=296","title":{"rendered":"kerli josefin j\u00e4rvoja"},"content":{"rendered":"<p class=\"MsoNormal\" style=\"text-align: justify; line-height: 50%\">\n<p class=\"MsoNormal\" style=\"border: medium none ; padding: 0cm; text-align: justify; line-height: 150%\">vanemad: <strong>\u00dcLARI J\u00c4RVOJA<\/strong> ja <a style=\"font-size: 11px; font-weight: bold\" title=\"Terje J\u00e4rvoja\" href=\"http:\/\/www.orav.ee\/?page_id=294\">TERJE J\u00c4RVOJA<\/a><\/p>\n<p class=\"MsoNormal\" style=\"text-align: justify; line-height: 50%\">\n<p class=\"MsoNormal\" style=\"border: medium none ; padding: 0cm; text-align: justify; line-height: 150%\"><strong><span style=\"font-family: Tahoma;\">Kerli-Josefin J\u00e4rvoja<\/span><\/strong><span style=\"font-family: Tahoma;\"> s\u00fcndis 10. augustil 1998. aastal P\u00e4rnus. Muretum osa lapsep\u00f5lvest m\u00f6\u00f6dus Kablis ja memme-taadu pool H\u00e4\u00e4demeestel. 1. klassi l\u00f5petas Kerli Metsapoole P\u00f5hikoolis. Seoses elukohamuutusega \u00f5pib Kerli alates 2006. aasta s\u00fcgisest P\u00e4rnu-Jaagupi G\u00fcmnaasiumis. Kerli k\u00e4ib rahvatantsu ringis ja on spordit\u00fcdruk. Ta on v\u00e4ga \u00f5rnahingeline \u2013 tal on kahju k\u00f5igist elusolendistest kui keegi neile liiga teeb. N\u00e4iteks \u00fcritas ta memme-taadu juures \u201ep\u00e4\u00e4sta\u201c soola sisse puhastuma pandud silmusid, tassides neid \u00fckshaaval kraavi. Kui see tegevus tal \u00e4ra keelati, p\u00fc\u00fcdis ta salaja soola sisse \u00e4mbriga vett juurde tassida. Kerlit h\u00fc\u00fctakse hellitavalt Kessuks.<\/span><\/p>\n<p class=\"MsoNormal\" style=\"text-align: justify; line-height: 50%\">\n<p class=\"MsoNormal\" style=\"border: medium none ; padding: 0cm; text-align: justify; line-height: 150%\" align=\"justify\"><em><strong><span style=\"font-family: Tahoma;\">Kessu teatas paari-aastaselt: \u201eMina ei taha suureks Kessuks saada! Suurel Kessul kasvavad lapsed k\u00f5hus!\u201c<\/span><\/strong><\/em><\/p>\n<p class=\"MsoNormal\" style=\"text-align: justify; line-height: 50%\">\n<p class=\"MsoNormal\" style=\"border: medium none ; padding: 0cm; text-align: justify; line-height: 150%\" align=\"justify\"><em><strong><span style=\"font-family: Tahoma;\">Umbes kolmene Kessu k\u00fcsis onu Jaanilt, kes H\u00e4\u00e4demeestel Mati-Leili heki taga p\u00f5it t\u00fchjendas: \u201eMis sa seal teed?\u201c Onu Jaan vastas: \u201cVett lasen\u201c. Kessu hakkas \u00fcmber heki onu Jaani poole jooksma, ise h\u00fc\u00fcdis: \u201cOota, ma tahan ka n\u00e4ha, kust sa seda lased!\u201c.<\/span><\/strong><\/em><\/p>\n<p class=\"MsoNormal\" style=\"border: medium none ; padding: 0cm; text-align: justify; line-height: 150%\" align=\"justify\"><a title=\"Kerli Josefin J\u00e4rvoja\" href=\"http:\/\/fotod.orav.ee\/kerlijosefinjarvoja.jpg\" rel=\"lightbox[296]\"><img loading=\"lazy\" decoding=\"async\" class=\"alignright\" style=\"border: 1px solid black; margin-top: 20px; margin-bottom: 20px;\" title=\"Kerli Josefin J\u00e4rvoja\" src=\"http:\/\/fotod.orav.ee\/kerlijosefinjarvoja.jpg\" border=\"1\" alt=\"\" vspace=\"20\" width=\"166\" height=\"242\" align=\"right\" \/><\/a><\/p>\n","protected":false},"excerpt":{"rendered":"<p>vanemad: \u00dcLARI J\u00c4RVOJA ja TERJE J\u00c4RVOJA Kerli-Josefin J\u00e4rvoja s\u00fcndis 10. augustil 1998. aastal P\u00e4rnus. Muretum osa lapsep\u00f5lvest m\u00f6\u00f6dus Kablis ja memme-taadu pool H\u00e4\u00e4demeestel. 1. klassi l\u00f5petas Kerli Metsapoole P\u00f5hikoolis. Seoses elukohamuutusega \u00f5pib Kerli alates 2006. aasta s\u00fcgisest P\u00e4rnu-Jaagupi G\u00fcmnaasiumis. Kerli k\u00e4ib rahvatantsu ringis ja on spordit\u00fcdruk. Ta on v\u00e4ga \u00f5rnahingeline \u2013 tal on kahju k\u00f5igist&hellip;<a href=\"https:\/\/orav.ee\/?page_id=296\" class=\"button\">Read more <span class=\"screen-reader-text\">kerli josefin j\u00e4rvoja<\/span><\/a><\/p>\n","protected":false},"author":1,"featured_media":0,"parent":23,"menu_order":0,"comment_status":"open","ping_status":"open","template":"","meta":{"_acf_changed":false,"footnotes":""},"class_list":["post-296","page","type-page","status-publish","hentry"],"acf":[],"_links":{"self":[{"href":"https:\/\/orav.ee\/index.php?rest_route=\/wp\/v2\/pages\/296","targetHints":{"allow":["GET"]}}],"collection":[{"href":"https:\/\/orav.ee\/index.php?rest_route=\/wp\/v2\/pages"}],"about":[{"href":"https:\/\/orav.ee\/index.php?rest_route=\/wp\/v2\/types\/page"}],"author":[{"embeddable":true,"href":"https:\/\/orav.ee\/index.php?rest_route=\/wp\/v2\/users\/1"}],"replies":[{"embeddable":true,"href":"https:\/\/orav.ee\/index.php?rest_route=%2Fwp%2Fv2%2Fcomments&post=296"}],"version-history":[{"count":2,"href":"https:\/\/orav.ee\/index.php?rest_route=\/wp\/v2\/pages\/296\/revisions"}],"predecessor-version":[{"id":344,"href":"https:\/\/orav.ee\/index.php?rest_route=\/wp\/v2\/pages\/296\/revisions\/344"}],"up":[{"embeddable":true,"href":"https:\/\/orav.ee\/index.php?rest_route=\/wp\/v2\/pages\/23"}],"wp:attachment":[{"href":"https:\/\/orav.ee\/index.php?rest_route=%2Fwp%2Fv2%2Fmedia&parent=296"}],"curies":[{"name":"wp","href":"https:\/\/api.w.org\/{rel}","templated":true}]}}