{"id":295,"date":"2008-12-01T01:36:02","date_gmt":"2008-11-30T23:36:02","guid":{"rendered":"http:\/\/raino.orav.ee\/?page_id=295"},"modified":"2008-12-02T13:19:25","modified_gmt":"2008-12-02T11:19:25","slug":"erli-kasari","status":"publish","type":"page","link":"https:\/\/orav.ee\/?page_id=295","title":{"rendered":"erli kasari"},"content":{"rendered":"<p class=\"MsoNormal\" style=\"text-align: justify; line-height: 150%\">\n<p class=\"MsoNormal\" style=\"text-align: justify; line-height: 50%\">vanemad:<\/p>\n<p class=\"MsoNormal\" style=\"text-align: justify; line-height: 50%\">\u00f5ed \/ vennad:<\/p>\n<p class=\"MsoNormal\" style=\"text-align: justify; line-height: 50%\">elukaaslane: <a style=\"font-size: 11px; font-weight: bold\" title=\"Terje J\u00e4rvoja\" href=\"http:\/\/www.orav.ee\/?page_id=294\">TERJE J\u00c4RVOJA<\/a><\/p>\n<p class=\"MsoNormal\" style=\"text-align: justify; line-height: 50%\">kasvatatavad lapsed: <a style=\"font-size: 11px; font-weight: bold\" title=\"Kerli Josefin J\u00e4rvoja\" href=\"http:\/\/www.orav.ee\/?page_id=296\">KERLI JOSEFIN J\u00c4RVOJA<\/a><\/p>\n<p class=\"MsoNormal\" style=\"text-align: justify; line-height: 50%\">\n<p class=\"MsoNormal\" style=\"text-align: justify; line-height: 150%\"><strong><span style=\"font-family: Tahoma;\">Erli Kasari<\/span><\/strong><span style=\"font-family: Tahoma;\"> s\u00fcndis 8. detsembril 1967. aastal P\u00e4rnumaal. Erli lapsep\u00f5lv m\u00f6\u00f6dus Treimanis. Metsapoole P\u00f5hikooli l\u00f5petamise j\u00e4rel l\u00e4ks Erli \u00f5ppima Tihemetsa Tehnikumi mehhaniseerimist. P\u00f5llumajandustehnikaga tegeleb Erli ka praegu, t\u00f6\u00f6tades AS-is DeLaval j\u00e4relturu m\u00fc\u00fcgijuhina.<\/span><\/p>\n","protected":false},"excerpt":{"rendered":"<p>vanemad: \u00f5ed \/ vennad: elukaaslane: TERJE J\u00c4RVOJA kasvatatavad lapsed: KERLI JOSEFIN J\u00c4RVOJA Erli Kasari s\u00fcndis 8. detsembril 1967. aastal P\u00e4rnumaal. Erli lapsep\u00f5lv m\u00f6\u00f6dus Treimanis. Metsapoole P\u00f5hikooli l\u00f5petamise j\u00e4rel l\u00e4ks Erli \u00f5ppima Tihemetsa Tehnikumi mehhaniseerimist. P\u00f5llumajandustehnikaga tegeleb Erli ka praegu, t\u00f6\u00f6tades AS-is DeLaval j\u00e4relturu m\u00fc\u00fcgijuhina.<\/p>\n","protected":false},"author":1,"featured_media":0,"parent":23,"menu_order":0,"comment_status":"open","ping_status":"open","template":"","meta":{"_acf_changed":false,"footnotes":""},"class_list":["post-295","page","type-page","status-publish","hentry"],"acf":[],"_links":{"self":[{"href":"https:\/\/orav.ee\/index.php?rest_route=\/wp\/v2\/pages\/295","targetHints":{"allow":["GET"]}}],"collection":[{"href":"https:\/\/orav.ee\/index.php?rest_route=\/wp\/v2\/pages"}],"about":[{"href":"https:\/\/orav.ee\/index.php?rest_route=\/wp\/v2\/types\/page"}],"author":[{"embeddable":true,"href":"https:\/\/orav.ee\/index.php?rest_route=\/wp\/v2\/users\/1"}],"replies":[{"embeddable":true,"href":"https:\/\/orav.ee\/index.php?rest_route=%2Fwp%2Fv2%2Fcomments&post=295"}],"version-history":[{"count":1,"href":"https:\/\/orav.ee\/index.php?rest_route=\/wp\/v2\/pages\/295\/revisions"}],"predecessor-version":[{"id":334,"href":"https:\/\/orav.ee\/index.php?rest_route=\/wp\/v2\/pages\/295\/revisions\/334"}],"up":[{"embeddable":true,"href":"https:\/\/orav.ee\/index.php?rest_route=\/wp\/v2\/pages\/23"}],"wp:attachment":[{"href":"https:\/\/orav.ee\/index.php?rest_route=%2Fwp%2Fv2%2Fmedia&parent=295"}],"curies":[{"name":"wp","href":"https:\/\/api.w.org\/{rel}","templated":true}]}}