{"id":294,"date":"2008-12-01T01:33:33","date_gmt":"2008-11-30T23:33:33","guid":{"rendered":"http:\/\/raino.orav.ee\/?page_id=294"},"modified":"2009-10-31T17:34:30","modified_gmt":"2009-10-31T15:34:30","slug":"terje-jarvoja","status":"publish","type":"page","link":"https:\/\/orav.ee\/?page_id=294","title":{"rendered":"terje j\u00e4rvoja"},"content":{"rendered":"<p class=\"MsoNormal\" style=\"text-align: justify; line-height: 50%\">\n<p class=\"MsoNormal\" style=\"border: medium none ; padding: 0cm; text-align: justify; line-height: 150%\">vanemad: <a style=\"font-size: 11px; font-weight: bold\" title=\"Mati Tali\" href=\"http:\/\/www.orav.ee\/?page_id=248\">MATI TALI<\/a> ja <a style=\"font-size: 11px; font-weight: bold\" title=\"Leili Tali\" href=\"http:\/\/www.orav.ee\/?page_id=249\">LEILI TALI<\/a><\/p>\n<p class=\"MsoNormal\" style=\"border: medium none ; padding: 0cm; text-align: justify; line-height: 150%\">\u00f5ed \/ vennad: <a style=\"font-size: 11px; font-weight: bold\" title=\"Tiia Randma\" href=\"http:\/\/www.orav.ee\/?page_id=250\">TIIA RANDMA<\/a> ja <a style=\"font-size: 11px; font-weight: bold\" title=\"Triin Tali\" href=\"http:\/\/www.orav.ee\/?page_id=297\">TRIIN TALI<\/a><\/p>\n<p class=\"MsoNormal\" style=\"border: medium none ; padding: 0cm; text-align: justify; line-height: 150%\">elukaaslane: <a style=\"font-size: 11px; font-weight: bold\" href=\"http:\/\/www.orav.ee\/?page_id=295\">ERLI KASARI<\/a><\/p>\n<p class=\"MsoNormal\" style=\"border: medium none ; padding: 0cm; text-align: justify; line-height: 150%\">lapsed: <a style=\"font-size: 11px; font-weight: bold\" title=\"Kerli Josefin J\u00e4rvoja\" href=\"http:\/\/www.orav.ee\/?page_id=296\">KERLI- JOSEFIN J\u00c4RVOJA<\/a><\/p>\n<p class=\"MsoNormal\" style=\"text-align: justify; line-height: 150%\">\n<p class=\"MsoNormal\" style=\"border: medium none ; padding: 0cm; text-align: justify; line-height: 150%\"><strong><span style=\"font-family: Tahoma;\">Terje J\u00e4rvoja<\/span><\/strong><span style=\"font-family: Tahoma;\"> (Tali) s\u00fcndis 22. juunil 1965. aastal H\u00e4\u00e4demeestel. Terje eredamad m\u00e4lestused lapsep\u00f5lvest seostuvad spordi tegemise ja loomade kantseldamisega. Viimaste hulka kuulusid k\u00f5ik l\u00e4himate naabrite neljajalgsed loomad. Terje lemmikuteks olid aga koerad-kassid ja oma ettekujutustes tahtis ta saada nende tohterdajaks. Seep\u00e4rast l\u00e4ks ta 1983. aastal peale H\u00e4\u00e4demeeste Keskkooli l\u00f5petamist \u00f5ppima V\u00e4imela Sovhoostehnikumi, aga n\u00e4hes seal ainult lehmi ja sigu, otsustas loobuda.<\/span><\/p>\n<p class=\"MsoNormal\" style=\"text-align: justify; line-height: 150%\">\n<p class=\"MsoNormal\" style=\"border: medium none ; padding: 0cm; text-align: justify; line-height: 150%\"><span style=\"font-family: Tahoma;\"> <\/span><\/p>\n<p class=\"MsoNormal\" style=\"border: medium none ; padding: 0cm; text-align: justify; line-height: 150%\"><span style=\"font-family: Tahoma;\">Tartu Meditsiinikoolis sai Terjest hoopis inimeste tohterdaja \u2013 velsker. P\u00e4rast kooli l\u00f5petamist suunati ta t\u00f6\u00f6le Massiaru velskripunkti velskriks. Sealne t\u00f6\u00f6 Terjele meeldis ja pakub huvi t\u00e4naseni. Riigikorra muutudes teenis Terje aastaid leiba Soomes ja Rootsis. Eestisse naastes \u00f5ppis ta juurde manik\u00fc\u00fcrija, pedik\u00fc\u00fcrija ja k\u00fc\u00fcnetehniku kutseoskused ja sellel alal t\u00f6\u00f6tab ta ka praegu.<\/span><\/p>\n<p class=\"MsoNormal\" style=\"text-align: justify; line-height: 150%\">\n<p class=\"MsoNormal\" style=\"border: medium none ; padding: 0cm; text-align: justify; line-height: 150%\"><span style=\"font-family: Tahoma;\"> <\/span><\/p>\n<p class=\"MsoNormal\" style=\"border: medium none ; padding: 0cm; text-align: justify; line-height: 150%\"><span style=\"font-family: Tahoma;\">Aastal 1985 abiellus Terje \u00dclari J\u00e4rvojaga. Perre s\u00fcndis t\u00fctar Kerli-Josefin (1998). Alates 2006. aastast elab Terje P\u00e4rnu-Jaagupis koos Erliga.<\/span><\/p>\n<p class=\"MsoNormal\" style=\"text-align: justify; line-height: 150%\">\n<p class=\"MsoNormal\" style=\"border: medium none ; padding: 0cm; text-align: justify; line-height: 150%\"><em><strong><span style=\"font-family: Tahoma;\">Kui Terje oli nii k\u00fcmnene, n\u00f5elas mesilane teda teemeistrimaja aias kuklasse. Torke tagaj\u00e4rjel paistetas Terje n\u00e4o alaosa nii hullusti \u00fcles, et v\u00e4limus muutus tundmatuseni. Koos Tiiaga otsustasid nad Taadule (keda toona kutsuti Papsiks) nalja teha. Terjele pandi v\u00f5\u00f5rad riided selga ja kui Taadu l\u00f5unale tuli, \u00fctlesid t\u00fcdrukud, et Tiiale tuli uus s\u00f5branna k\u00fclla. Taadu ei p\u00f6\u00f6ranud v\u00f5\u00f5rale t\u00fcdrukule erilist t\u00e4helepanu, \u00fctles vaid: \u201eAhah, tere-tere\u201c ja asus s\u00f6\u00f6ma. T\u00fcdrukutel oli aga nalja palju, et isa oma last \u00e4ra ei tundnud.<\/span><\/strong><\/em><\/p>\n<p class=\"MsoNormal\" style=\"text-align: justify; line-height: 150%\">\n<p><a title=\"Terje J\u00e4rvoja\" href=\"http:\/\/fotod.orav.ee\/terjejarvoja.jpg\" rel=\"lightbox[294]\"><img loading=\"lazy\" decoding=\"async\" class=\"alignright\" style=\"border: 1px solid black; margin-top: 20px; margin-bottom: 20px;\" title=\"Terje J\u00e4rvoja\" src=\"http:\/\/fotod.orav.ee\/terjejarvojasmall.jpg\" border=\"1\" alt=\"\" vspace=\"20\" width=\"166\" height=\"242\" align=\"right\" \/><\/a><\/p>\n","protected":false},"excerpt":{"rendered":"<p>vanemad: MATI TALI ja LEILI TALI \u00f5ed \/ vennad: TIIA RANDMA ja TRIIN TALI elukaaslane: ERLI KASARI lapsed: KERLI- JOSEFIN J\u00c4RVOJA Terje J\u00e4rvoja (Tali) s\u00fcndis 22. juunil 1965. aastal H\u00e4\u00e4demeestel. Terje eredamad m\u00e4lestused lapsep\u00f5lvest seostuvad spordi tegemise ja loomade kantseldamisega. Viimaste hulka kuulusid k\u00f5ik l\u00e4himate naabrite neljajalgsed loomad. Terje lemmikuteks olid aga koerad-kassid ja oma&hellip;<a href=\"https:\/\/orav.ee\/?page_id=294\" class=\"button\">Read more <span class=\"screen-reader-text\">terje j\u00e4rvoja<\/span><\/a><\/p>\n","protected":false},"author":1,"featured_media":0,"parent":23,"menu_order":0,"comment_status":"open","ping_status":"open","template":"","meta":{"_acf_changed":false,"footnotes":""},"class_list":["post-294","page","type-page","status-publish","hentry"],"acf":[],"_links":{"self":[{"href":"https:\/\/orav.ee\/index.php?rest_route=\/wp\/v2\/pages\/294","targetHints":{"allow":["GET"]}}],"collection":[{"href":"https:\/\/orav.ee\/index.php?rest_route=\/wp\/v2\/pages"}],"about":[{"href":"https:\/\/orav.ee\/index.php?rest_route=\/wp\/v2\/types\/page"}],"author":[{"embeddable":true,"href":"https:\/\/orav.ee\/index.php?rest_route=\/wp\/v2\/users\/1"}],"replies":[{"embeddable":true,"href":"https:\/\/orav.ee\/index.php?rest_route=%2Fwp%2Fv2%2Fcomments&post=294"}],"version-history":[{"count":6,"href":"https:\/\/orav.ee\/index.php?rest_route=\/wp\/v2\/pages\/294\/revisions"}],"predecessor-version":[{"id":1105,"href":"https:\/\/orav.ee\/index.php?rest_route=\/wp\/v2\/pages\/294\/revisions\/1105"}],"up":[{"embeddable":true,"href":"https:\/\/orav.ee\/index.php?rest_route=\/wp\/v2\/pages\/23"}],"wp:attachment":[{"href":"https:\/\/orav.ee\/index.php?rest_route=%2Fwp%2Fv2%2Fmedia&parent=294"}],"curies":[{"name":"wp","href":"https:\/\/api.w.org\/{rel}","templated":true}]}}