{"id":262,"date":"2008-07-31T09:53:23","date_gmt":"2008-07-31T06:53:23","guid":{"rendered":"http:\/\/raino.orav.ee\/?page_id=262"},"modified":"2009-10-31T16:51:25","modified_gmt":"2009-10-31T14:51:25","slug":"anna-tali","status":"publish","type":"page","link":"https:\/\/orav.ee\/?page_id=262","title":{"rendered":"anna tali"},"content":{"rendered":"<p class=\"MsoNormal\" style=\"text-align: justify; line-height: 50%\">\n<p class=\"MsoNormal\" style=\"border: medium none ; padding: 0cm; text-align: justify; line-height: 150%\">vanemad: <a style=\"font-size: 11px; font-weight: bold\" title=\"Valeri Fokin\" href=\"http:\/\/www.orav.ee\/?page_id=251\">VALERI FOKIN<\/a> <span>ja <\/span><a style=\"font-size: 11px; font-weight: bold\" title=\"Tiia Randma\" href=\"http:\/\/www.orav.ee\/?page_id=250\">TIIA RANDMA<\/a><\/p>\n<p class=\"MsoNormal\" style=\"border: medium none ; padding: 0cm; text-align: justify; line-height: 150%\">\u00f5ed \/ vennad: <a style=\"font-size: 11px; font-weight: bold\" title=\"Mihkel Tali\" href=\"http:\/\/www.orav.ee\/?page_id=260\">MIHKEL TALI<\/a><\/p>\n<p class=\"MsoNormal\" style=\"border: medium none ; padding: 0cm; text-align: justify; line-height: 150%\">elukaaslane:  <a style=\"font-size: 11px; font-weight: bold\" title=\"Ott Juurikas\" href=\"http:\/\/www.orav.ee\/?page_id=261\">OTT JUURIKAS<\/a><\/p>\n<p class=\"MsoNormal\" style=\"text-align: justify; line-height: 150%\">\n<p class=\"MsoNormal\" style=\"border: medium none ; padding: 0cm; text-align: justify; line-height: 150%\"><strong><span style=\"font-family: Tahoma;\">Anna Tali<\/span><\/strong><span style=\"font-family: Tahoma;\"> s\u00fcndis 4. juulil 1987. aastal Tallinnas Sakala t\u00e4nava s\u00fcnnitusmajas. \u00dcks meeldej\u00e4\u00e4v seik<span> <\/span>&#8211; samal p\u00e4eval algas Tallinnas koolinoorte laulu- ja tantsupidu, mille rongk\u00e4ik uhkete orkestrihelide saatel s\u00fcnnitusmajast m\u00f6\u00f6da marssis ja Annat tervitas. Lapsep\u00f5lv m\u00f6\u00f6dus Annal talviti Tallinnas ja suviti H\u00e4\u00e4demeestel.<\/span><\/p>\n<p class=\"MsoNormal\" style=\"text-align: justify; line-height: 150%\">\n<p class=\"MsoNormal\" style=\"border: medium none ; padding: 0cm; text-align: justify; line-height: 150%\"><span style=\"font-family: Tahoma;\">Anna l\u00e4ks kooli 1994. aastal. Pool aastat \u00f5ppis ta Tallinna 62. Keskkoolis Lasnam\u00e4el, aga kuna ema kolis Mustam\u00e4ele, j\u00e4tkus kooliaasta Lepistiku Lasteaed-Algkoolis. II klassi l\u00e4ks Anna Vanalinna Hariduskolleegiumisse, kus l\u00f5petas 2003. aastal ka p\u00f5hikooli. 2003 \u2013 2006 \u00f5ppis Anna Tallinna Mustam\u00e4e G\u00fcmnaasiumis. 2006. aastal asus \u00f5ppima Sisekaitse Akadeemia Politseikolled\u017ei Politseikooli.<\/span><\/p>\n<p class=\"MsoNormal\" style=\"text-align: justify; line-height: 150%\">\n<p class=\"MsoNormal\" style=\"border: medium none ; padding: 0cm; text-align: justify; line-height: 150%\"><span style=\"font-family: Tahoma;\">2006. aasta s\u00fcgisest alates elab Anna Kablis, t\u00e4di Terje korteris koos elukaaslase Otiga.<\/span><\/p>\n<p class=\"MsoNormal\" style=\"text-align: justify; line-height: 150%\">\n<p class=\"MsoNormal\" style=\"border: medium none ; padding: 0cm; text-align: justify; line-height: 150%\"><em><strong><span style=\"font-family: Tahoma;\">Kui Anna oli kahene, pidi m\u00f5istlik laps tihti \u00fcksi kodus l\u00f5unauinakut tegema. Tavaliselt oli nii, et kui Anna enne ema tulekut \u00e4rkas,<span> <\/span>vaatas ta diivanil istudes vaikselt varem valmispandud pildiraamatuid. \u00dckskord, kui ema tavalisest hiljem koju j\u00f5udis oli ta ehmatus suur \u2013 alumise k\u00f6\u00f6gikapi ning k\u00fclmkapi sisu oli p\u00f5randale kokku kuhjatud. Hunnikus olid t\u00f6\u00f6riistad, seebid, harjad, kummikindad, kullapulber ja kohupiimakreem &#8212; k\u00f5ik see segamini koos t\u00fchjaks valatud karpide ja kotikestega. Anna ise toimetas rahulikult selle hunniku keskel. Kui ema k\u00fcsis: \u201eMida sina siin teed?\u201c, vastas Anna uhkelt: \u201eAutot mondin!\u201c. Anna isa oli autoremondi-lukksepp.<\/span><\/strong><\/em><\/p>\n<p class=\"MsoNormal\" style=\"border: medium none ; padding: 0cm; text-align: justify; line-height: 150%\"><a title=\"Anna Tali\" href=\"http:\/\/fotod.orav.ee\/annatali.jpg\" rel=\"lightbox[262]\"><img loading=\"lazy\" decoding=\"async\" class=\"alignright\" style=\"border: 1px solid black; margin-top: 20px; margin-bottom: 20px;\" title=\"Anna Tali\" src=\"http:\/\/fotod.orav.ee\/annatali.jpg\" border=\"1\" alt=\"\" vspace=\"20\" width=\"242\" height=\"166\" align=\"right\" \/><\/a><\/p>\n","protected":false},"excerpt":{"rendered":"<p>vanemad: VALERI FOKIN ja TIIA RANDMA \u00f5ed \/ vennad: MIHKEL TALI elukaaslane: OTT JUURIKAS Anna Tali s\u00fcndis 4. juulil 1987. aastal Tallinnas Sakala t\u00e4nava s\u00fcnnitusmajas. \u00dcks meeldej\u00e4\u00e4v seik &#8211; samal p\u00e4eval algas Tallinnas koolinoorte laulu- ja tantsupidu, mille rongk\u00e4ik uhkete orkestrihelide saatel s\u00fcnnitusmajast m\u00f6\u00f6da marssis ja Annat tervitas. Lapsep\u00f5lv m\u00f6\u00f6dus Annal talviti Tallinnas ja suviti&hellip;<a href=\"https:\/\/orav.ee\/?page_id=262\" class=\"button\">Read more <span class=\"screen-reader-text\">anna tali<\/span><\/a><\/p>\n","protected":false},"author":1,"featured_media":0,"parent":23,"menu_order":0,"comment_status":"open","ping_status":"open","template":"","meta":{"_acf_changed":false,"footnotes":""},"class_list":["post-262","page","type-page","status-publish","hentry"],"acf":[],"_links":{"self":[{"href":"https:\/\/orav.ee\/index.php?rest_route=\/wp\/v2\/pages\/262","targetHints":{"allow":["GET"]}}],"collection":[{"href":"https:\/\/orav.ee\/index.php?rest_route=\/wp\/v2\/pages"}],"about":[{"href":"https:\/\/orav.ee\/index.php?rest_route=\/wp\/v2\/types\/page"}],"author":[{"embeddable":true,"href":"https:\/\/orav.ee\/index.php?rest_route=\/wp\/v2\/users\/1"}],"replies":[{"embeddable":true,"href":"https:\/\/orav.ee\/index.php?rest_route=%2Fwp%2Fv2%2Fcomments&post=262"}],"version-history":[{"count":2,"href":"https:\/\/orav.ee\/index.php?rest_route=\/wp\/v2\/pages\/262\/revisions"}],"predecessor-version":[{"id":263,"href":"https:\/\/orav.ee\/index.php?rest_route=\/wp\/v2\/pages\/262\/revisions\/263"}],"up":[{"embeddable":true,"href":"https:\/\/orav.ee\/index.php?rest_route=\/wp\/v2\/pages\/23"}],"wp:attachment":[{"href":"https:\/\/orav.ee\/index.php?rest_route=%2Fwp%2Fv2%2Fmedia&parent=262"}],"curies":[{"name":"wp","href":"https:\/\/api.w.org\/{rel}","templated":true}]}}