{"id":261,"date":"2008-07-28T01:06:07","date_gmt":"2008-07-27T22:06:07","guid":{"rendered":"http:\/\/raino.orav.ee\/?page_id=261"},"modified":"2009-10-31T12:26:01","modified_gmt":"2009-10-31T10:26:01","slug":"ott-juurikas","status":"publish","type":"page","link":"https:\/\/orav.ee\/?page_id=261","title":{"rendered":"ott juurikas"},"content":{"rendered":"<p class=\"MsoNormal\" style=\"text-align: justify; line-height: 50%\">\n<p class=\"MsoNormal\" style=\"border: medium none ; padding: 0cm; text-align: justify; line-height: 150%\">vanemad: <strong>SELMA JUURIKAS<\/strong><\/p>\n<p class=\"MsoNormal\" style=\"border: medium none ; padding: 0cm; text-align: justify; line-height: 150%\">\u00f5ed \/ vennad: <strong>SIRJE JUURIKAS<\/strong><\/p>\n<p class=\"MsoNormal\" style=\"border: medium none ; padding: 0cm; text-align: justify; line-height: 150%\">elukaaslane: <a style=\"font-size: 11px; font-weight: bold\" title=\"Anna Tali\" href=\"http:\/\/www.orav.ee\/?page_id=262\">ANNA TALI<\/a><\/p>\n<p class=\"MsoNormal\" style=\"border: medium none ; padding: 0cm; text-align: justify; line-height: 150%\" align=\"justify\">\n<p class=\"MsoNormal\" style=\"text-align: justify; line-height: 150%\">\n<p class=\"MsoNormal\" style=\"border: medium none ; padding: 0cm; text-align: justify; line-height: 150%\"><strong><span style=\"font-family: Tahoma;\">Ott Juurikas<\/span><\/strong><span style=\"font-family: Tahoma;\"> s\u00fcndis 28. novembril 1984 P\u00e4rnus. Oti lapsep\u00f5lv m\u00f6\u00f6dus H\u00e4\u00e4demeestel. Ott \u00f5ppis H\u00e4\u00e4demeeste Keskkoolis 1992 \u2013 2001. Ott tegeles sumomaadlusega ja 2001 &#8211; 2003. \u00f5ppis ta Tallinna Spordikoolis (endine TSIK, praegu Audentese Spordikool). <\/span><\/p>\n<p class=\"MsoNormal\" style=\"border: medium none ; padding: 0cm; text-align: justify; line-height: 150%\" align=\"justify\">\n<p class=\"MsoNormal\" style=\"text-align: justify; line-height: 150%\">\n<p class=\"MsoNormal\" style=\"border: medium none ; padding: 0cm; text-align: justify; line-height: 150%\"><span style=\"font-family: Tahoma;\">Praegu t\u00f6\u00f6tab Ott H\u00e4\u00e4demeestel ja ehitab palkmaju.<\/span><\/p>\n<p class=\"MsoNormal\" style=\"border: medium none ; padding: 0cm; text-align: justify; line-height: 150%\"><a title=\"Ott Juurikas\" href=\"http:\/\/fotod.orav.ee\/ottjuurikas.jpg\" rel=\"lightbox[261]\"><img loading=\"lazy\" decoding=\"async\" style=\"border: 1px solid black; margin-top: 20px; margin-bottom: 20px;\" title=\"Ott Juurikas\" src=\"http:\/\/fotod.orav.ee\/ottjuurikassmall.jpg\" border=\"1\" alt=\"\" vspace=\"20\" width=\"242\" height=\"166\" align=\"right\" \/><\/a><\/p>\n","protected":false},"excerpt":{"rendered":"<p>vanemad: SELMA JUURIKAS \u00f5ed \/ vennad: SIRJE JUURIKAS elukaaslane: ANNA TALI Ott Juurikas s\u00fcndis 28. novembril 1984 P\u00e4rnus. Oti lapsep\u00f5lv m\u00f6\u00f6dus H\u00e4\u00e4demeestel. Ott \u00f5ppis H\u00e4\u00e4demeeste Keskkoolis 1992 \u2013 2001. Ott tegeles sumomaadlusega ja 2001 &#8211; 2003. \u00f5ppis ta Tallinna Spordikoolis (endine TSIK, praegu Audentese Spordikool). Praegu t\u00f6\u00f6tab Ott H\u00e4\u00e4demeestel ja ehitab palkmaju.<\/p>\n","protected":false},"author":1,"featured_media":0,"parent":23,"menu_order":0,"comment_status":"open","ping_status":"open","template":"","meta":{"_acf_changed":false,"footnotes":""},"class_list":["post-261","page","type-page","status-publish","hentry"],"acf":[],"_links":{"self":[{"href":"https:\/\/orav.ee\/index.php?rest_route=\/wp\/v2\/pages\/261","targetHints":{"allow":["GET"]}}],"collection":[{"href":"https:\/\/orav.ee\/index.php?rest_route=\/wp\/v2\/pages"}],"about":[{"href":"https:\/\/orav.ee\/index.php?rest_route=\/wp\/v2\/types\/page"}],"author":[{"embeddable":true,"href":"https:\/\/orav.ee\/index.php?rest_route=\/wp\/v2\/users\/1"}],"replies":[{"embeddable":true,"href":"https:\/\/orav.ee\/index.php?rest_route=%2Fwp%2Fv2%2Fcomments&post=261"}],"version-history":[{"count":3,"href":"https:\/\/orav.ee\/index.php?rest_route=\/wp\/v2\/pages\/261\/revisions"}],"predecessor-version":[{"id":291,"href":"https:\/\/orav.ee\/index.php?rest_route=\/wp\/v2\/pages\/261\/revisions\/291"}],"up":[{"embeddable":true,"href":"https:\/\/orav.ee\/index.php?rest_route=\/wp\/v2\/pages\/23"}],"wp:attachment":[{"href":"https:\/\/orav.ee\/index.php?rest_route=%2Fwp%2Fv2%2Fmedia&parent=261"}],"curies":[{"name":"wp","href":"https:\/\/api.w.org\/{rel}","templated":true}]}}