{"id":260,"date":"2008-07-28T00:57:10","date_gmt":"2008-07-27T21:57:10","guid":{"rendered":"http:\/\/raino.orav.ee\/?page_id=260"},"modified":"2009-10-31T17:31:34","modified_gmt":"2009-10-31T15:31:34","slug":"mihkel-tali-2","status":"publish","type":"page","link":"https:\/\/orav.ee\/?page_id=260","title":{"rendered":"mihkel tali"},"content":{"rendered":"<p class=\"MsoNormal\" style=\"text-align: justify; line-height: 50%\">\n<p class=\"MsoNormal\" style=\"border: medium none ; padding: 0cm; text-align: justify; line-height: 150%\" align=\"justify\">vanemad: <a title=\"Valeri Fokin\" href=\"http:\/\/www.orav.ee\/?page_id=251\"><span style=\"font-size: 11px; font-weight: bold\">VALERI FOKIN<\/span><\/a> ja <a style=\"font-size: 11px; font-weight: bold\" title=\"Tiia Randma\" href=\"http:\/\/www.orav.ee\/?page_id=250\">TIIA RANDMA<\/a><\/p>\n<p class=\"MsoNormal\" style=\"border: medium none ; padding: 0cm; text-align: justify; line-height: 150%\" align=\"justify\">\u00f5ed \/ vennad: <a style=\"font-size: 11px; font-weight: bold\" title=\"Anna Tali\" href=\"http:\/\/www.orav.ee\/?page_id=262\">ANNA TALI<\/a><\/p>\n<p class=\"MsoNormal\" style=\"text-align: justify; line-height: 50%\">\n<p class=\"MsoNormal\" style=\"border: medium none ; padding: 0cm; text-align: justify; line-height: 150%\" align=\"justify\"><strong><span style=\"font-family: Tahoma;\">Mihkel Tali<\/span><\/strong><span style=\"font-family: Tahoma;\"> s\u00fcndis 1. veebruaril 1995 Tallinnas, Pelgulinna s\u00fcnnitusmajas. Lapsep\u00f5lv m\u00f6\u00f6dus Tallinnas Mustam\u00e4el ja suviti H\u00e4\u00e4demeestel memme-taadu juures.<\/span><\/p>\n<p class=\"MsoNormal\" style=\"text-align: justify; line-height: 50%\">\n<p class=\"MsoNormal\" style=\"border: medium none ; padding: 0cm; text-align: justify; line-height: 150%\" align=\"justify\"><span style=\"font-family: Tahoma;\">Mihkel \u00f5pib alates 2002. aastast Tallinna Tehnikag\u00fcmnaasiumis. 2003. aastal lisandusid \u00f5pingud N\u00f5mme Muusikakoolis l\u00f6\u00f6kriistade erialal. Alates 2007. aasta kevadest hakkas Mihkel m\u00e4ngima Kaitseliidu orkestris l\u00f6\u00f6kriistasid.<\/span><\/p>\n<p class=\"MsoNormal\" style=\"text-align: justify; line-height: 50%\">\n<p class=\"MsoNormal\" style=\"border: medium none ; padding: 0cm; text-align: justify; line-height: 150%\" align=\"justify\"><span style=\"font-family: Tahoma;\">Mihkel on k\u00e4inud d\u017euudo trennis ja m\u00e4nginud korvpalli. Praegu m\u00e4ngib ta jalgpalli FC Kotkas Junior klubis ja osaleb Eesti meistriv\u00f5istluste D1 III alagrupis m\u00e4ngivas meeskonnas.<\/span><\/p>\n<p class=\"MsoNormal\" style=\"border: medium none ; padding: 0cm; text-align: justify; line-height: 150%\" align=\"justify\">\n<p align=\"justify\">\n<p align=\"justify\"><strong><em><span style=\"font-family: Tahoma;\">Kui Mihkel oli umbes 4-aastane, k\u00e4idi aeg- ajalt Konsumi poes. Mihkel oli millegip\u00e4rast veendunud, et selle poe \u00f5ige nimi on \u201ePonsum\u201c. Kui poodimineku aeg l\u00e4henes, k\u00fcsis ta: \u201eKas t\u00e4na l\u00e4heme sinna \u201eK\u201c-t\u00e4hega Ponsumisse?\u201c<\/span><\/em><\/strong><\/p>\n<p align=\"justify\"><em><strong><span style=\"font-family: Tahoma;\">Mihkel \u00f5ppis muusikakoolis, et muusika jaguneb homofooniliseks ja pol\u00fcfooniliseks. Kui \u00f5petaja temalt k\u00fcsis, kuidas nimetatakse \u00fche teemaga muusikat, vastas Mihkel: \u201ePedefooniliseks\u201c.<\/span><\/strong><\/em><\/p>\n<p><a title=\"Mihkel Tali\" href=\"http:\/\/fotod.orav.ee\/mihkeltali.jpg\" rel=\"lightbox[260]\"><img loading=\"lazy\" decoding=\"async\" class=\"alignright\" style=\"border: 1px solid black; margin-top: 20px; margin-bottom: 20px;\" title=\"Mihkel Tali\" src=\"http:\/\/fotod.orav.ee\/mihkeltalismall.jpg\" border=\"1\" alt=\"\" vspace=\"20\" width=\"242\" height=\"166\" align=\"right\" \/><\/a><\/p>\n","protected":false},"excerpt":{"rendered":"<p>vanemad: VALERI FOKIN ja TIIA RANDMA \u00f5ed \/ vennad: ANNA TALI Mihkel Tali s\u00fcndis 1. veebruaril 1995 Tallinnas, Pelgulinna s\u00fcnnitusmajas. Lapsep\u00f5lv m\u00f6\u00f6dus Tallinnas Mustam\u00e4el ja suviti H\u00e4\u00e4demeestel memme-taadu juures. Mihkel \u00f5pib alates 2002. aastast Tallinna Tehnikag\u00fcmnaasiumis. 2003. aastal lisandusid \u00f5pingud N\u00f5mme Muusikakoolis l\u00f6\u00f6kriistade erialal. Alates 2007. aasta kevadest hakkas Mihkel m\u00e4ngima Kaitseliidu orkestris l\u00f6\u00f6kriistasid. Mihkel&hellip;<a href=\"https:\/\/orav.ee\/?page_id=260\" class=\"button\">Read more <span class=\"screen-reader-text\">mihkel tali<\/span><\/a><\/p>\n","protected":false},"author":1,"featured_media":0,"parent":23,"menu_order":0,"comment_status":"open","ping_status":"open","template":"","meta":{"_acf_changed":false,"footnotes":""},"class_list":["post-260","page","type-page","status-publish","hentry"],"acf":[],"_links":{"self":[{"href":"https:\/\/orav.ee\/index.php?rest_route=\/wp\/v2\/pages\/260","targetHints":{"allow":["GET"]}}],"collection":[{"href":"https:\/\/orav.ee\/index.php?rest_route=\/wp\/v2\/pages"}],"about":[{"href":"https:\/\/orav.ee\/index.php?rest_route=\/wp\/v2\/types\/page"}],"author":[{"embeddable":true,"href":"https:\/\/orav.ee\/index.php?rest_route=\/wp\/v2\/users\/1"}],"replies":[{"embeddable":true,"href":"https:\/\/orav.ee\/index.php?rest_route=%2Fwp%2Fv2%2Fcomments&post=260"}],"version-history":[{"count":5,"href":"https:\/\/orav.ee\/index.php?rest_route=\/wp\/v2\/pages\/260\/revisions"}],"predecessor-version":[{"id":355,"href":"https:\/\/orav.ee\/index.php?rest_route=\/wp\/v2\/pages\/260\/revisions\/355"}],"up":[{"embeddable":true,"href":"https:\/\/orav.ee\/index.php?rest_route=\/wp\/v2\/pages\/23"}],"wp:attachment":[{"href":"https:\/\/orav.ee\/index.php?rest_route=%2Fwp%2Fv2%2Fmedia&parent=260"}],"curies":[{"name":"wp","href":"https:\/\/api.w.org\/{rel}","templated":true}]}}