{"id":252,"date":"2008-07-25T20:53:58","date_gmt":"2008-07-25T17:53:58","guid":{"rendered":"http:\/\/raino.orav.ee\/?page_id=252"},"modified":"2009-10-31T16:49:42","modified_gmt":"2009-10-31T14:49:42","slug":"heiki-randma","status":"publish","type":"page","link":"https:\/\/orav.ee\/?page_id=252","title":{"rendered":"heiki randma"},"content":{"rendered":"<p class=\"MsoNormal\" style=\"text-align: justify; line-height: 50%\">\n<p class=\"MsoNormal\" style=\"text-align: justify; line-height: 50%\">vanemad:<\/p>\n<p class=\"MsoNormal\" style=\"text-align: justify; line-height: 50%\">\u00f5ed \/ vennad:<\/p>\n<p class=\"MsoNormal\" style=\"text-align: justify; line-height: 50%\">abikaasa: <a style=\"font-size: 11px; font-weight: bold\" title=\"Tiia Randma\" href=\"http:\/\/www.orav.ee\/?page_id=250\">TIIA RANDMA<\/a><\/p>\n<p class=\"MsoNormal\" style=\"text-align: justify; line-height: 50%\">kasvatatavad lapsed: <a style=\"font-size: 11px; font-weight: bold\" title=\"Mihkel Tali\" href=\"http:\/\/www.orav.ee\/?page_id=260\">MIHKEL TALI<\/a><\/p>\n<p class=\"MsoNormal\" style=\"text-align: justify; line-height: 150%\">\n<p class=\"MsoNormal\" style=\"text-align: justify; line-height: 150%\"><strong><span style=\"font-family: Tahoma;\">Heiki Randma<\/span><\/strong><span style=\"font-family: Tahoma;\"> s\u00fcndis 16. detsembril 1956 Tallinnas. Lapsep\u00f5lv m\u00f6\u00f6dus Magasini ja Herne t\u00e4nava agulis (toona Tisleri t\u00e4nav). Heiki \u00f5ppis Tallinna 7. Keskkoolis (praegu Inglise Kolled\u017e) ja 47. Keskkoolis. Heiki oli spordipoiss \u2013 m\u00e4ngis korvpalli ja ujus. P\u00e4rast s\u00f5jav\u00e4eteenistust asus ta \u00f5ppima Tallinna Pedagoogilisse Instituuti, mille l\u00f5petades sai t\u00f6\u00f6\u00f5petuse \u00f5petajaks.<\/span><\/p>\n<p class=\"MsoNormal\" style=\"text-align: justify; line-height: 150%\"><span style=\"font-family: Tahoma;\">1982. aastal asus Heiki t\u00f6\u00f6le Tallinna 27. kooli (praegu Rahum\u00e4e P\u00f5hikool) \u00f5petajana ja hiljem direktorina. Aastatel 1988 \u2013 2005 t\u00f6\u00f6tas ta Mainoris, kirjastuses \u201eAvita\u201c, Riigikontrollis ja T\u00f6\u00f6turuametis. Alates 2006. aastast t\u00f6\u00f6tab Heiki Riiklikus Autoregistrikeskuses.<\/span><\/p>\n<p class=\"MsoNormal\" style=\"text-align: justify; line-height: 150%\"><span style=\"font-family: Tahoma;\">Heikil on esimesest abielust Krista Luige\u2019ga (1956 \u2013 1998) poeg Marek (1979) ja t\u00fctar Gerli (1980).<\/span><\/p>\n<p class=\"MsoNormal\" style=\"text-align: justify; line-height: 150%\"><span style=\"font-family: Tahoma;\"><br \/>\n<\/span><\/p>\n<p class=\"MsoNormal\" style=\"text-align: justify; line-height: 150%\"><a title=\"Heiki Randma\" href=\"http:\/\/fotod.orav.ee\/heikirandma.jpg\" rel=\"lightbox[252]\"><img loading=\"lazy\" decoding=\"async\" class=\"alignright\" style=\"border: 1px solid black; margin-top: 20px; margin-bottom: 20px;\" title=\"Heiki Randma\" src=\"http:\/\/fotod.orav.ee\/heikirandmasmall.jpg\" border=\"1\" alt=\"\" vspace=\"20\" width=\"242\" height=\"166\" align=\"right\" \/><\/a><\/p>\n","protected":false},"excerpt":{"rendered":"<p>vanemad: \u00f5ed \/ vennad: abikaasa: TIIA RANDMA kasvatatavad lapsed: MIHKEL TALI Heiki Randma s\u00fcndis 16. detsembril 1956 Tallinnas. Lapsep\u00f5lv m\u00f6\u00f6dus Magasini ja Herne t\u00e4nava agulis (toona Tisleri t\u00e4nav). Heiki \u00f5ppis Tallinna 7. Keskkoolis (praegu Inglise Kolled\u017e) ja 47. Keskkoolis. Heiki oli spordipoiss \u2013 m\u00e4ngis korvpalli ja ujus. P\u00e4rast s\u00f5jav\u00e4eteenistust asus ta \u00f5ppima Tallinna Pedagoogilisse Instituuti,&hellip;<a href=\"https:\/\/orav.ee\/?page_id=252\" class=\"button\">Read more <span class=\"screen-reader-text\">heiki randma<\/span><\/a><\/p>\n","protected":false},"author":1,"featured_media":0,"parent":23,"menu_order":0,"comment_status":"open","ping_status":"open","template":"","meta":{"_acf_changed":false,"footnotes":""},"class_list":["post-252","page","type-page","status-publish","hentry"],"acf":[],"_links":{"self":[{"href":"https:\/\/orav.ee\/index.php?rest_route=\/wp\/v2\/pages\/252","targetHints":{"allow":["GET"]}}],"collection":[{"href":"https:\/\/orav.ee\/index.php?rest_route=\/wp\/v2\/pages"}],"about":[{"href":"https:\/\/orav.ee\/index.php?rest_route=\/wp\/v2\/types\/page"}],"author":[{"embeddable":true,"href":"https:\/\/orav.ee\/index.php?rest_route=\/wp\/v2\/users\/1"}],"replies":[{"embeddable":true,"href":"https:\/\/orav.ee\/index.php?rest_route=%2Fwp%2Fv2%2Fcomments&post=252"}],"version-history":[{"count":4,"href":"https:\/\/orav.ee\/index.php?rest_route=\/wp\/v2\/pages\/252\/revisions"}],"predecessor-version":[{"id":333,"href":"https:\/\/orav.ee\/index.php?rest_route=\/wp\/v2\/pages\/252\/revisions\/333"}],"up":[{"embeddable":true,"href":"https:\/\/orav.ee\/index.php?rest_route=\/wp\/v2\/pages\/23"}],"wp:attachment":[{"href":"https:\/\/orav.ee\/index.php?rest_route=%2Fwp%2Fv2%2Fmedia&parent=252"}],"curies":[{"name":"wp","href":"https:\/\/api.w.org\/{rel}","templated":true}]}}