{"id":251,"date":"2008-07-25T20:51:52","date_gmt":"2008-07-25T17:51:52","guid":{"rendered":"http:\/\/raino.orav.ee\/?page_id=251"},"modified":"2008-12-02T23:13:17","modified_gmt":"2008-12-02T21:13:17","slug":"valeri-fokin","status":"publish","type":"page","link":"https:\/\/orav.ee\/?page_id=251","title":{"rendered":"valeri fokin"},"content":{"rendered":"<p class=\"MsoNormal\" style=\"text-align: justify; line-height: 50%\">\n<p class=\"MsoNormal\" style=\"text-align: justify; line-height: 50%\">vanemad:<\/p>\n<p class=\"MsoNormal\" style=\"text-align: justify; line-height: 50%\">\u00f5ed \/ vennad:<\/p>\n<p class=\"MsoNormal\" style=\"text-align: justify; line-height: 50%\">endine elukaaslane: <a style=\"font-size: 11px; font-weight: bold\" title=\"Tiia Randma\" href=\"http:\/\/www.orav.ee\/?page_id=250\">TIIA RANDMA<\/a><\/p>\n<p class=\"MsoNormal\" style=\"text-align: justify; line-height: 50%\">lapsed: <a style=\"font-size: 11px; font-weight: bold\" title=\"Anna Tali\" href=\"http:\/\/www.orav.ee\/\/?page_id=262\">ANNA TALI<\/a> ja <a style=\"font-size: 11px; font-weight: bold\" title=\"Mihkel Tali\" href=\"http:\/\/www.orav.ee\/\/?page_id=260\">MIHKEL TALI<\/a><\/p>\n<p class=\"MsoNormal\" style=\"text-align: justify; line-height: 150%\">\n<p class=\"MsoNormal\" style=\"text-align: justify; line-height: 150%\"><strong><span style=\"font-family: Tahoma;\">Valeri Fokin<\/span><\/strong><span style=\"font-family: Tahoma;\"> oli Tiia elukaaslane 1985 \u2013 1998. Valeri s\u00fcndis 12. detsembril 1954 Mordvas, Saranski rajoonis. \u00d5ppis Saranskis autoremondi-lukksepaks. Valeri asus Eestisse elama 1980. aastal ja t\u00f6\u00f6tas erinevates autoteenindustes autoremondilukksepana, hiljem v\u00e4ikeettev\u00f5tte juhina. Perre s\u00fcndis 2 last: Anna (1987) ja Mihkel (1995). Tiia abiellus 2001. aastal Heiki Randma\u2019ga.<\/span><\/p>\n<p class=\"MsoNormal\" style=\"text-align: justify; line-height: 150%\"><img loading=\"lazy\" decoding=\"async\" style=\"border: 1px solid black; margin-top: 20px; margin-bottom: 20px;\" title=\"Valeri Fokin\" src=\"http:\/\/fotod.orav.ee\/valerifokin.jpg\" border=\"1\" alt=\"\" vspace=\"20\" width=\"166\" height=\"242\" align=\"right\" \/><\/p>\n","protected":false},"excerpt":{"rendered":"<p>vanemad: \u00f5ed \/ vennad: endine elukaaslane: TIIA RANDMA lapsed: ANNA TALI ja MIHKEL TALI Valeri Fokin oli Tiia elukaaslane 1985 \u2013 1998. Valeri s\u00fcndis 12. detsembril 1954 Mordvas, Saranski rajoonis. \u00d5ppis Saranskis autoremondi-lukksepaks. Valeri asus Eestisse elama 1980. aastal ja t\u00f6\u00f6tas erinevates autoteenindustes autoremondilukksepana, hiljem v\u00e4ikeettev\u00f5tte juhina. Perre s\u00fcndis 2 last: Anna (1987) ja Mihkel&hellip;<a href=\"https:\/\/orav.ee\/?page_id=251\" class=\"button\">Read more <span class=\"screen-reader-text\">valeri fokin<\/span><\/a><\/p>\n","protected":false},"author":1,"featured_media":0,"parent":23,"menu_order":0,"comment_status":"open","ping_status":"open","template":"","meta":{"_acf_changed":false,"footnotes":""},"class_list":["post-251","page","type-page","status-publish","hentry"],"acf":[],"_links":{"self":[{"href":"https:\/\/orav.ee\/index.php?rest_route=\/wp\/v2\/pages\/251","targetHints":{"allow":["GET"]}}],"collection":[{"href":"https:\/\/orav.ee\/index.php?rest_route=\/wp\/v2\/pages"}],"about":[{"href":"https:\/\/orav.ee\/index.php?rest_route=\/wp\/v2\/types\/page"}],"author":[{"embeddable":true,"href":"https:\/\/orav.ee\/index.php?rest_route=\/wp\/v2\/users\/1"}],"replies":[{"embeddable":true,"href":"https:\/\/orav.ee\/index.php?rest_route=%2Fwp%2Fv2%2Fcomments&post=251"}],"version-history":[{"count":1,"href":"https:\/\/orav.ee\/index.php?rest_route=\/wp\/v2\/pages\/251\/revisions"}],"predecessor-version":[{"id":369,"href":"https:\/\/orav.ee\/index.php?rest_route=\/wp\/v2\/pages\/251\/revisions\/369"}],"up":[{"embeddable":true,"href":"https:\/\/orav.ee\/index.php?rest_route=\/wp\/v2\/pages\/23"}],"wp:attachment":[{"href":"https:\/\/orav.ee\/index.php?rest_route=%2Fwp%2Fv2%2Fmedia&parent=251"}],"curies":[{"name":"wp","href":"https:\/\/api.w.org\/{rel}","templated":true}]}}