{"id":250,"date":"2008-07-25T20:50:13","date_gmt":"2008-07-25T17:50:13","guid":{"rendered":"http:\/\/raino.orav.ee\/?page_id=250"},"modified":"2009-10-31T17:34:39","modified_gmt":"2009-10-31T15:34:39","slug":"tiia-randma","status":"publish","type":"page","link":"https:\/\/orav.ee\/?page_id=250","title":{"rendered":"tiia randma"},"content":{"rendered":"<p class=\"MsoNormal\" style=\"text-align: justify; line-height: 50%\">\n<p class=\"MsoNormal\" style=\"text-align: justify; line-height: 50%\">vanemad: <a style=\"font-size: 11px; font-weight: bold\" title=\"Mati Tali\" href=\"http:\/\/www.orav.ee\/?page_id=248\">MATI TALI<\/a> ja <a style=\"font-size: 11px; font-weight: bold\" title=\"Leili Tali\" href=\"http:\/\/www.orav.ee\/?page_id=249\">LEILI TALI<\/a><\/p>\n<p class=\"MsoNormal\" style=\"text-align: justify; line-height: 50%\">\u00f5ed \/ vennad: <a style=\"font-size: 11px; font-weight: bold\" title=\"Terje J\u00e4rvoja\" href=\"http:\/\/www.orav.ee\/?page_id=294\">TERJE J\u00c4RVOJA<\/a> ja <a style=\"font-size: 11px; font-weight: bold\" title=\"Triin Tali\" href=\"http:\/\/www.orav.ee\/?page_id=297\">TRIIN TALI<\/a><\/p>\n<p class=\"MsoNormal\" style=\"text-align: justify; line-height: 50%\">abikaasa: <a style=\"font-size: 11px; font-weight: bold\" title=\"Heiki Randma\" href=\"http:\/\/www.orav.ee\/?page_id=252\">HEIKI RANDMA<\/a><\/p>\n<p class=\"MsoNormal\" style=\"text-align: justify; line-height: 50%\">lapsed: <a style=\"font-size: 11px; font-weight: bold\" title=\"Anna Tali\" href=\"http:\/\/www.orav.ee\/?page_id=262\">ANNA TALI<\/a> ja <a style=\"font-size: 11px; font-weight: bold\" title=\"Mihkel Tali\" href=\"http:\/\/www.orav.ee\/?page_id=260\">MIHKEL TALI<\/a><\/p>\n<p class=\"MsoNormal\" style=\"text-align: justify; line-height: 150%\">\n<p class=\"MsoNormal\" style=\"text-align: justify; line-height: 150%\"><strong><span style=\"font-family: Tahoma;\">Tiia Randma<\/span><\/strong><span style=\"font-family: Tahoma;\"> (Tali) s\u00fcndis 11. juulil 1962. aastal H\u00e4\u00e4demeestel. Lapsep\u00f5lve esimesed viis aastat m\u00f6\u00f6dusid H\u00e4\u00e4demeeste kultuurimaja 2. korrusel. Siis kolis pere nn. teemeistri majja.<\/span><\/p>\n<p class=\"MsoNormal\" style=\"text-align: justify; line-height: 150%\"><span style=\"font-family: Tahoma;\">Tiia \u00f5ppis 1969 \u2013 1980 H\u00e4\u00e4demeeste Keskkoolis ja aastatel 1970 \u2013 1977 ka P\u00e4rnu Lastemuusikakoolis klaveri eriala. P\u00e4rast keskkooli l\u00f5petamist \u00f5ppis ta Tallinna Pedagoogilises koolis lasteaia muusikakasvatajaks ja p\u00f5hikooli muusika\u00f5petajaks. 1983 \u2013 85 j\u00e4tkas ta muusikapedagoogika \u00f5pinguid Tallinna Riiklikus Konservatooriumis. K\u00f5rghariduse omandas Tiia Tallinna Pedagoogika \u00dclikoolis kultuuriteaduskonnas koorijuhtimist \u00f5ppides.<\/span><\/p>\n<p class=\"MsoNormal\" style=\"text-align: justify; line-height: 150%\"><span style=\"font-family: Tahoma;\">Tiia t\u00f6\u00f6tas aastatel 1985 \u2013 1991 Tallinna 19. Tehnikakoolis (hiljem Tallinna Teeninduskool) erinevatel ametikohtadel, korraldades koolis klassiv\u00e4list t\u00f6\u00f6d ja p\u00f5hiliselt juhendades erinevaid koore ja vokaalansambleid. Samal ajal laulis ta ka Eesti Raadio segakooris (1990 \u2013 1994). 1997. aastast alates t\u00f6\u00f6tab Tiia Eesti Kaubandus-T\u00f6\u00f6stuskojas, tegeledes kutse\u00f5ppe ja t\u00f6\u00f6tajate kvalifikatsiooni edendamisega.<\/span><\/p>\n<p class=\"MsoNormal\" style=\"text-align: justify; line-height: 150%\"><a title=\"Tiia Randma\" href=\"http:\/\/fotod.orav.ee\/tiiarandma.jpg\" rel=\"lightbox[250]\"><img loading=\"lazy\" decoding=\"async\" class=\"alignright\" style=\"border: 1px solid black; margin-top: 20px; margin-bottom: 20px;\" title=\"Tiia Randma\" src=\"http:\/\/fotod.orav.ee\/tiiarandmasmall.jpg\" border=\"1\" alt=\"\" vspace=\"20\" width=\"242\" height=\"166\" align=\"right\" \/><\/a><\/p>\n","protected":false},"excerpt":{"rendered":"<p>vanemad: MATI TALI ja LEILI TALI \u00f5ed \/ vennad: TERJE J\u00c4RVOJA ja TRIIN TALI abikaasa: HEIKI RANDMA lapsed: ANNA TALI ja MIHKEL TALI Tiia Randma (Tali) s\u00fcndis 11. juulil 1962. aastal H\u00e4\u00e4demeestel. Lapsep\u00f5lve esimesed viis aastat m\u00f6\u00f6dusid H\u00e4\u00e4demeeste kultuurimaja 2. korrusel. Siis kolis pere nn. teemeistri majja. Tiia \u00f5ppis 1969 \u2013 1980 H\u00e4\u00e4demeeste Keskkoolis ja&hellip;<a href=\"https:\/\/orav.ee\/?page_id=250\" class=\"button\">Read more <span class=\"screen-reader-text\">tiia randma<\/span><\/a><\/p>\n","protected":false},"author":1,"featured_media":0,"parent":23,"menu_order":0,"comment_status":"open","ping_status":"open","template":"","meta":{"_acf_changed":false,"footnotes":""},"class_list":["post-250","page","type-page","status-publish","hentry"],"acf":[],"_links":{"self":[{"href":"https:\/\/orav.ee\/index.php?rest_route=\/wp\/v2\/pages\/250","targetHints":{"allow":["GET"]}}],"collection":[{"href":"https:\/\/orav.ee\/index.php?rest_route=\/wp\/v2\/pages"}],"about":[{"href":"https:\/\/orav.ee\/index.php?rest_route=\/wp\/v2\/types\/page"}],"author":[{"embeddable":true,"href":"https:\/\/orav.ee\/index.php?rest_route=\/wp\/v2\/users\/1"}],"replies":[{"embeddable":true,"href":"https:\/\/orav.ee\/index.php?rest_route=%2Fwp%2Fv2%2Fcomments&post=250"}],"version-history":[{"count":3,"href":"https:\/\/orav.ee\/index.php?rest_route=\/wp\/v2\/pages\/250\/revisions"}],"predecessor-version":[{"id":367,"href":"https:\/\/orav.ee\/index.php?rest_route=\/wp\/v2\/pages\/250\/revisions\/367"}],"up":[{"embeddable":true,"href":"https:\/\/orav.ee\/index.php?rest_route=\/wp\/v2\/pages\/23"}],"wp:attachment":[{"href":"https:\/\/orav.ee\/index.php?rest_route=%2Fwp%2Fv2%2Fmedia&parent=250"}],"curies":[{"name":"wp","href":"https:\/\/api.w.org\/{rel}","templated":true}]}}