{"id":249,"date":"2008-07-25T20:46:23","date_gmt":"2008-07-25T17:46:23","guid":{"rendered":"http:\/\/raino.orav.ee\/?page_id=249"},"modified":"2009-10-30T22:45:51","modified_gmt":"2009-10-30T20:45:51","slug":"leili-tali","status":"publish","type":"page","link":"https:\/\/orav.ee\/?page_id=249","title":{"rendered":"leili tali"},"content":{"rendered":"<p class=\"MsoNormal\" style=\"text-align: justify; line-height: 50%\">\n<p class=\"MsoNormal\" style=\"text-align: justify; line-height: 50%\">vanemad:<\/p>\n<p class=\"MsoNormal\" style=\"text-align: justify; line-height: 50%\">\u00f5ed \/ vennad:<\/p>\n<p class=\"MsoNormal\" style=\"text-align: justify; line-height: 50%\">abikaasa: <a style=\"font-size: 11px; font-weight: bold\" title=\"Mati Tali\" href=\"http:\/\/www.orav.ee\/?page_id=248\">MATI TALI<\/a><\/p>\n<p class=\"MsoNormal\" style=\"text-align: justify; line-height: 50%\">lapsed: <a style=\"font-size: 11px; font-weight: bold\" title=\"Tiia Randma\" href=\"http:\/\/www.orav.ee\/?page_id=250\">TIIA RANDMA<\/a>, <a style=\"font-size: 11px; font-weight: bold\" title=\"Terje J\u00e4rvoja\" href=\"http:\/\/www.orav.ee\/?page_id=294\">TERJE J\u00c4RVOJA<\/a> ja <a style=\"font-size: 11px; font-weight: bold\" title=\"Triin Tali\" href=\"http:\/\/www.orav.ee\/?page_id=297\">TRIIN TALI<\/a><\/p>\n<p class=\"MsoNormal\" style=\"text-align: justify; line-height: 150%\">\n<p class=\"MsoNormal\" style=\"text-align: justify; line-height: 150%\"><strong><span style=\"font-family: Tahoma;\">Leili Tali<\/span><\/strong><span style=\"font-family: Tahoma;\"> (Krapp) s\u00fcndis 4. novembril 1940. Ta lapsep\u00f5lv m\u00f6\u00f6dus Punap\u00f5llu talus Oraj\u00f5el H\u00e4\u00e4demeeste vallas. Leili \u00f5ppis Oraj\u00f5e algkoolis, Metsapoole 7-klassilises koolis ja aastatel 1955 \u2013 1959 Kilingi-N\u00f5mme Keskkoolis. Raamatukogundust \u00f5ppis ta Viljandi Kultuurharidust\u00f6\u00f6 Koolis 1967 \u2013 1969 ning k\u00f5rgema hariduse omandas Eduard Vilde nimelises Tallinna Pedagoogilises Instituudis 1969 \u2013 1974.<\/span><\/p>\n<p class=\"MsoNormal\" style=\"text-align: justify; line-height: 150%\"><span style=\"font-family: Tahoma;\">Alates 1960. aastast t\u00f6\u00f6tab Leili H\u00e4\u00e4demeeste raamatukogu juhatajana. Nende pea 50 aasta jooksul on raamatukogu kahel korral saanud uue asupaiga ja ruumid ning olnud esirinnas IT-lahenduste kasutusse v\u00f5tmisel.<\/span><\/p>\n<p class=\"MsoNormal\" style=\"text-align: justify; line-height: 150%\"><em><span style=\"font-family: Tahoma;\"><strong>Kui Mati Oraj\u00f5el Leilil kosjas k\u00e4is, olid kodus Leili taat ja pime memm. Taat kostis Mati kosjajutu peale:\u201c Olgu peale, sellel poisil on ausad silmad!\u201c.<\/strong><\/span><\/em><\/p>\n<p><a title=\"Leili Tali\" href=\"http:\/\/fotod.orav.ee\/leilitali.jpg\" rel=\"lightbox[249]\"><img loading=\"lazy\" decoding=\"async\" class=\" alignright\" style=\"border: 1px solid black; margin-top: 20px; margin-bottom: 20px;\" title=\"Leili Tali\" src=\"http:\/\/fotod.orav.ee\/leilitalismall.jpg\" border=\"1\" alt=\"\" vspace=\"20\" width=\"166\" height=\"242\" align=\"right\" \/><\/a><\/p>\n<p class=\"MsoNormal\" style=\"text-align: justify; line-height: 150%\">\n","protected":false},"excerpt":{"rendered":"<p>vanemad: \u00f5ed \/ vennad: abikaasa: MATI TALI lapsed: TIIA RANDMA, TERJE J\u00c4RVOJA ja TRIIN TALI Leili Tali (Krapp) s\u00fcndis 4. novembril 1940. Ta lapsep\u00f5lv m\u00f6\u00f6dus Punap\u00f5llu talus Oraj\u00f5el H\u00e4\u00e4demeeste vallas. Leili \u00f5ppis Oraj\u00f5e algkoolis, Metsapoole 7-klassilises koolis ja aastatel 1955 \u2013 1959 Kilingi-N\u00f5mme Keskkoolis. Raamatukogundust \u00f5ppis ta Viljandi Kultuurharidust\u00f6\u00f6 Koolis 1967 \u2013 1969 ning k\u00f5rgema&hellip;<a href=\"https:\/\/orav.ee\/?page_id=249\" class=\"button\">Read more <span class=\"screen-reader-text\">leili tali<\/span><\/a><\/p>\n","protected":false},"author":1,"featured_media":0,"parent":23,"menu_order":0,"comment_status":"open","ping_status":"open","template":"","meta":{"_acf_changed":false,"footnotes":""},"class_list":["post-249","page","type-page","status-publish","hentry"],"acf":[],"_links":{"self":[{"href":"https:\/\/orav.ee\/index.php?rest_route=\/wp\/v2\/pages\/249","targetHints":{"allow":["GET"]}}],"collection":[{"href":"https:\/\/orav.ee\/index.php?rest_route=\/wp\/v2\/pages"}],"about":[{"href":"https:\/\/orav.ee\/index.php?rest_route=\/wp\/v2\/types\/page"}],"author":[{"embeddable":true,"href":"https:\/\/orav.ee\/index.php?rest_route=\/wp\/v2\/users\/1"}],"replies":[{"embeddable":true,"href":"https:\/\/orav.ee\/index.php?rest_route=%2Fwp%2Fv2%2Fcomments&post=249"}],"version-history":[{"count":4,"href":"https:\/\/orav.ee\/index.php?rest_route=\/wp\/v2\/pages\/249\/revisions"}],"predecessor-version":[{"id":1012,"href":"https:\/\/orav.ee\/index.php?rest_route=\/wp\/v2\/pages\/249\/revisions\/1012"}],"up":[{"embeddable":true,"href":"https:\/\/orav.ee\/index.php?rest_route=\/wp\/v2\/pages\/23"}],"wp:attachment":[{"href":"https:\/\/orav.ee\/index.php?rest_route=%2Fwp%2Fv2%2Fmedia&parent=249"}],"curies":[{"name":"wp","href":"https:\/\/api.w.org\/{rel}","templated":true}]}}