{"id":248,"date":"2008-07-25T20:41:12","date_gmt":"2008-07-25T17:41:12","guid":{"rendered":"http:\/\/raino.orav.ee\/?page_id=248"},"modified":"2013-11-04T14:26:55","modified_gmt":"2013-11-04T12:26:55","slug":"mati-tali","status":"publish","type":"page","link":"https:\/\/orav.ee\/?page_id=248","title":{"rendered":"mati tali"},"content":{"rendered":"<p class=\"MsoNormal\" style=\"text-align: justify; line-height: 50%;\">\n<p class=\"MsoNormal\" style=\"text-align: justify; line-height: 50%;\">vanemad: <a style=\"font-size: 11px; font-weight: bold;\" title=\"Mihkel (Mihael) Tali\" href=\"http:\/\/www.orav.ee\/?page_id=305\">MIHKEL (MIHAEL) TALI<\/a> ja <a style=\"font-size: 11px; font-weight: bold;\" title=\"Anastasia M\u00e4ngel\" href=\"http:\/\/www.orav.ee\/?page_id=306\">ANASTASIA M\u00c4NGEL<\/a><\/p>\n<p class=\"MsoNormal\" style=\"text-align: justify; line-height: 50%;\">\u00f5ed \/ vennad: <a style=\"font-size: 11px; font-weight: bold;\" title=\"Agnia Tali\" href=\"http:\/\/www.orav.ee\/?page_id=216\">AGNIA TALI<\/a>, <a style=\"font-size: 11px; font-weight: bold;\" title=\"Miia Orav\" href=\"http:\/\/www.orav.ee\/?page_id=221\">MIIA ORAV<\/a> ja <a style=\"font-size: 11px; font-weight: bold;\" title=\"Jaan Tali\" href=\"http:\/\/www.orav.ee\/?page_id=301\">JAAN TALI<\/a><\/p>\n<p class=\"MsoNormal\" style=\"text-align: justify; line-height: 50%;\">abikaasa: <a style=\"font-size: 11px; font-weight: bold;\" title=\"Leili Tali\" href=\"http:\/\/www.orav.ee\/?page_id=249\">LEILI TALI<\/a><\/p>\n<p class=\"MsoNormal\" style=\"text-align: justify; line-height: 50%;\">lapsed: <a style=\"font-size: 11px; font-weight: bold;\" title=\"Tiia Randma\" href=\"http:\/\/www.orav.ee\/?page_id=250\">TIIA RANDMA<\/a>, <a style=\"font-size: 11px; font-weight: bold;\" title=\"Terje J\u00e4rvoja\" href=\"http:\/\/www.orav.ee\/?page_id=294\">TERJE J\u00c4RVOJA<\/a> ja <a style=\"font-size: 11px; font-weight: bold;\" title=\"Triin Tali\" href=\"http:\/\/www.orav.ee\/?page_id=297\">TRIIN TALI<\/a><\/p>\n<p class=\"MsoNormal\" style=\"text-align: justify; line-height: 150%;\">\n<p class=\"MsoNormal\" style=\"text-align: justify; line-height: 150%;\"><strong><span style=\"font-family: Tahoma;\">Mati Tali<\/span><\/strong><span style=\"font-family: Tahoma;\"> s\u00fcndis 15. detsembril 1937 V\u00f5iduk\u00fclas. Mati \u00f5ppis V\u00f5iduk\u00fcla Algkoolis aastatel 1944 \u2013 1951. 15 aastasena l\u00e4ks ta \u00f5ppima Paide Kooperatiivtehnikumi, mille l\u00f5petas 1955. aastal. S\u00f5jav\u00e4es teenis Mati 1955 \u2013 1959 lennuv\u00e4es. Aastatel 1972 \u2013 1976 \u00f5ppis ta Tallinna Pol\u00fctehnilises Instituudis teede-ehitust. Selleks, et seal hakkama saada, pidi ta vahepeal muutunud \u00f5ppekava t\u00f5ttu kogu keskkooli matemaatika osa omandada iseseisvalt.<\/span><\/p>\n<p class=\"MsoNormal\" style=\"text-align: justify; line-height: 150%;\"><span style=\"font-family: Tahoma;\">T\u00f6\u00f6tamist alustas Mati Abja Tarbijate Kooperatiivis, kust \u00f5ige pea suundus Abja kultuuriosakonna juhataja aset\u00e4itjaks kino alal. See t\u00e4hendas r\u00e4ndkinode t\u00f6\u00f6 korraldamist ja j\u00e4relevalvamist. 1960. aastal tuli Mati tagasi H\u00e4\u00e4demeestele, kus asus juhatama t\u00f6\u00f6stuskaupade kauplust. Peaaegu terve t\u00f6\u00f6elu, aastatel 1962 \u2013 1985, t\u00f6\u00f6tas ta P\u00e4rnu TREV-i H\u00e4\u00e4demeeste jaoskonna teemeistrina. 1985. aastal asus ta t\u00f6\u00f6le H\u00e4\u00e4demeeste kolhoosi ehitusjuhina, kus t\u00f6\u00f6tas kuni kolhooside lagunemiseni aastal 1990. Mati asutatud ehitusfirma O\u00dc &#8220;Sein&#8221; tegutses aastatel 1991 \u2013 1999.<\/span><\/p>\n<p class=\"MsoNormal\" style=\"text-align: justify; line-height: 150%;\"><span style=\"font-family: Tahoma;\">Mati abiellus 29. aprillil 1961. aastal Leili Krapp-iga. Perre s\u00fcndis 3 t\u00fctart: Tiia (1962), Terje (1965) ja Triin (1978).<\/span><\/p>\n<p class=\"MsoNormal\" style=\"text-align: justify; line-height: 150%;\"><em><span style=\"font-family: Tahoma;\"><strong>Mati l\u00f5petas V\u00f5iduk\u00fcla kooli (7 klassi). L\u00f5pupeo ajal oli ta veel arglik ja h\u00e4belik noormees. Sel ajal kui akordion tantsuks m\u00e4ngis ja teised tantsu vihtusid, julgemad poisid ka t\u00fcdrukutega, aga rohkem ikka t\u00fcdrukud omavahel, istus ta vaikselt ja kogus julgust. L\u00f5puks m\u00f5tles, et nad v\u00f5iks ehk kahekesi koos Muhu Arnoga, kes kah \u00fcksinda istus, tantsima minna. Kutsuski siis Arnot: \u201eL\u00e4hme tantsima!\u201c. \u201eJajah,\u201c \u00fctles Arno ja l\u00e4ks ning kutsus \u00fche t\u00fcdruku tantsup\u00f5randale. Mati oli v\u00e4ga pettunud, sest tema oli ju Arnot tantsima palunud. Nii j\u00e4igi tal sel \u00f5htul tantsup\u00f5randal k\u00e4imata, kuigi \u00f5ed Agnia ja Miia olid talle ammugi valsisammud selgeks \u00f5petanud.<\/strong><\/span><\/em><\/p>\n<p class=\"MsoNormal\" style=\"text-align: justify; line-height: 150%;\"><strong><em><span style=\"font-family: Tahoma;\">Esimest korda proovis Mati suitsu teha V\u00f5iduk\u00fcla koolis \u00f5ppides. Poisid n\u00e4ppasid kodust kapi otsast isa pakkidest \u00fckshaaval suitsusid ja salaja koolimaja nurga taga siis tossutasid.<\/span><\/em><\/strong><\/p>\n<p class=\"MsoNormal\" style=\"text-align: justify; line-height: 150%;\"><em><span style=\"font-family: Tahoma;\"><strong>\u00dchel p\u00fchap\u00e4eva hommikul pani Mati isa p\u00e4rast s\u00f6\u00f6ki suitsu ette ja pakkus Matile ka. Mati ehmatas ja \u00fctles, et ait\u00e4h, ma ei suitseta. Isa kurjustas:\u201c Poiss, \u00e4ra peta! Kui teed, tee avalikult! Muidu v\u00f5id veel maja maha p\u00f5letada\u201c. Mati ehmatus oli suur. Sellepeale j\u00e4ttis ta esimest korda suitsetamise maha.<\/strong><\/span><\/em><\/p>\n<p class=\"MsoNormal\" style=\"text-align: justify; line-height: 150%;\"><strong><em><span style=\"font-family: Tahoma;\">Kui Mati oli kahek\u00fcmnene, saadeti ta koolist suveks Raplasse praktikale. Toona ta ei suitsetanud ja teadis t\u00e4pselt mis suitsetaja kopsudega juhtub, kuna oli ise koolis kevadel just esinenud teemal: \u201eSuitsetamise kahjulikkusest\u201c. Toakaaslane, kellega ta suvel kokku sattus, suitsetas. Ja mitte niisama, vaid ta t\u00f5i apteegist mentoolipulbrit, mis tegi tavalisest paberossist mentoolisuitsu. Mati proovis ka ja talle hakkas meeldima see m\u00f5nus k\u00fclm tunne suus, mis mentoolipuru sisse torgatud suitsuga tekkis. Nii hakkaski ta suitsetama ja tegi seda kuni aastani 2006, ehk siis viisk\u00fcmmend aastat<\/span><\/em><\/strong><span style=\"font-family: Tahoma;\"><strong>.<\/strong><\/span><\/p>\n<p class=\"MsoNormal\" style=\"text-align: justify; line-height: 150%;\"><img loading=\"lazy\" decoding=\"async\" class=\"alignright\" style=\"border: 1px solid black; margin-top: 20px; margin-bottom: 20px;\" title=\"Mati Tali\" alt=\"\" src=\"http:\/\/fotod.orav.ee\/matitalismall.jpg\" width=\"166\" height=\"242\" align=\"right\" border=\"1\" vspace=\"20\" \/><\/p>\n","protected":false},"excerpt":{"rendered":"<p>vanemad: MIHKEL (MIHAEL) TALI ja ANASTASIA M\u00c4NGEL \u00f5ed \/ vennad: AGNIA TALI, MIIA ORAV ja JAAN TALI abikaasa: LEILI TALI lapsed: TIIA RANDMA, TERJE J\u00c4RVOJA ja TRIIN TALI Mati Tali s\u00fcndis 15. detsembril 1937 V\u00f5iduk\u00fclas. Mati \u00f5ppis V\u00f5iduk\u00fcla Algkoolis aastatel 1944 \u2013 1951. 15 aastasena l\u00e4ks ta \u00f5ppima Paide Kooperatiivtehnikumi, mille l\u00f5petas 1955. aastal. S\u00f5jav\u00e4es&hellip;<a href=\"https:\/\/orav.ee\/?page_id=248\" class=\"button\">Read more <span class=\"screen-reader-text\">mati tali<\/span><\/a><\/p>\n","protected":false},"author":1,"featured_media":0,"parent":23,"menu_order":0,"comment_status":"open","ping_status":"open","template":"","meta":{"_acf_changed":false,"footnotes":""},"class_list":["post-248","page","type-page","status-publish","hentry"],"acf":[],"_links":{"self":[{"href":"https:\/\/orav.ee\/index.php?rest_route=\/wp\/v2\/pages\/248","targetHints":{"allow":["GET"]}}],"collection":[{"href":"https:\/\/orav.ee\/index.php?rest_route=\/wp\/v2\/pages"}],"about":[{"href":"https:\/\/orav.ee\/index.php?rest_route=\/wp\/v2\/types\/page"}],"author":[{"embeddable":true,"href":"https:\/\/orav.ee\/index.php?rest_route=\/wp\/v2\/users\/1"}],"replies":[{"embeddable":true,"href":"https:\/\/orav.ee\/index.php?rest_route=%2Fwp%2Fv2%2Fcomments&post=248"}],"version-history":[{"count":7,"href":"https:\/\/orav.ee\/index.php?rest_route=\/wp\/v2\/pages\/248\/revisions"}],"predecessor-version":[{"id":2684,"href":"https:\/\/orav.ee\/index.php?rest_route=\/wp\/v2\/pages\/248\/revisions\/2684"}],"up":[{"embeddable":true,"href":"https:\/\/orav.ee\/index.php?rest_route=\/wp\/v2\/pages\/23"}],"wp:attachment":[{"href":"https:\/\/orav.ee\/index.php?rest_route=%2Fwp%2Fv2%2Fmedia&parent=248"}],"curies":[{"name":"wp","href":"https:\/\/api.w.org\/{rel}","templated":true}]}}