{"id":247,"date":"2008-07-25T20:17:06","date_gmt":"2008-07-25T17:17:06","guid":{"rendered":"http:\/\/raino.orav.ee\/?page_id=247"},"modified":"2015-03-06T20:00:34","modified_gmt":"2015-03-06T18:00:34","slug":"keiti-aleksandra-lepik","status":"publish","type":"page","link":"https:\/\/orav.ee\/?page_id=247","title":{"rendered":"keiti- aleksandra lepik"},"content":{"rendered":"<p class=\"MsoNormal\" style=\"text-align: justify; line-height: 50%;\">\n<p class=\"MsoNormal\" style=\"text-align: justify; line-height: 50%;\">vanemad: <a style=\"font-size: 11px; font-weight: bold;\" title=\"Velvo Lepik\" href=\"http:\/\/www.orav.ee\/?page_id=245\">VELVO LEPIK<\/a> ja <a style=\"font-size: 11px; font-weight: bold;\" title=\"Annika Lepik\" href=\"http:\/\/www.orav.ee\/?page_id=244\">ANNIKA LEPIK<\/a><\/p>\n<p class=\"MsoNormal\" style=\"text-align: justify; line-height: 50%;\">\u00f5ed | vennad: <a style=\"font-size: 11px; font-weight: bold;\" title=\"Jan- Marcos Lepik\" href=\"http:\/\/www.orav.ee\/?page_id=246\">JAN MARCOS LEPIK<\/a><\/p>\n<p class=\"MsoNormal\" style=\"text-align: justify; line-height: 150%;\">\n<p class=\"MsoNormal\" style=\"text-align: justify; line-height: 150%;\"><strong><span style=\"font-family: Tahoma;\">Keiti Alexandra Lepik<\/span><\/strong><span style=\"font-family: Tahoma;\"> s\u00fcndis 2. augustil\u00a02005 aastal P\u00e4rnus. Keiti Aleksandra k\u00e4ib hetkel Uulu P\u00f5hikoolis.<br \/>\n<\/span><\/p>\n<p class=\"MsoNormal\" style=\"text-align: justify; line-height: 150%;\"><a title=\"Keiti Aleksandra Lepik\" href=\"http:\/\/fotod.orav.ee\/keitialeksandralepik.jpg\" rel=\"lightbox[247]\"><img loading=\"lazy\" decoding=\"async\" class=\"alignright\" style=\"border: 1px solid black; margin-top: 20px; margin-bottom: 20px;\" title=\"Keiti Aleksandra Lepik\" src=\"http:\/\/fotod.orav.ee\/keitialeksandralepiksmall.jpg\" alt=\"\" width=\"242\" height=\"166\" align=\"right\" border=\"1\" vspace=\"20\" \/><\/a><\/p>\n","protected":false},"excerpt":{"rendered":"<p>vanemad: VELVO LEPIK ja ANNIKA LEPIK \u00f5ed | vennad: JAN MARCOS LEPIK Keiti Alexandra Lepik s\u00fcndis 2. augustil\u00a02005 aastal P\u00e4rnus. Keiti Aleksandra k\u00e4ib hetkel Uulu P\u00f5hikoolis.<\/p>\n","protected":false},"author":1,"featured_media":0,"parent":23,"menu_order":0,"comment_status":"open","ping_status":"open","template":"","meta":{"_acf_changed":false,"footnotes":""},"class_list":["post-247","page","type-page","status-publish","hentry"],"acf":[],"_links":{"self":[{"href":"https:\/\/orav.ee\/index.php?rest_route=\/wp\/v2\/pages\/247","targetHints":{"allow":["GET"]}}],"collection":[{"href":"https:\/\/orav.ee\/index.php?rest_route=\/wp\/v2\/pages"}],"about":[{"href":"https:\/\/orav.ee\/index.php?rest_route=\/wp\/v2\/types\/page"}],"author":[{"embeddable":true,"href":"https:\/\/orav.ee\/index.php?rest_route=\/wp\/v2\/users\/1"}],"replies":[{"embeddable":true,"href":"https:\/\/orav.ee\/index.php?rest_route=%2Fwp%2Fv2%2Fcomments&post=247"}],"version-history":[{"count":8,"href":"https:\/\/orav.ee\/index.php?rest_route=\/wp\/v2\/pages\/247\/revisions"}],"predecessor-version":[{"id":2769,"href":"https:\/\/orav.ee\/index.php?rest_route=\/wp\/v2\/pages\/247\/revisions\/2769"}],"up":[{"embeddable":true,"href":"https:\/\/orav.ee\/index.php?rest_route=\/wp\/v2\/pages\/23"}],"wp:attachment":[{"href":"https:\/\/orav.ee\/index.php?rest_route=%2Fwp%2Fv2%2Fmedia&parent=247"}],"curies":[{"name":"wp","href":"https:\/\/api.w.org\/{rel}","templated":true}]}}