{"id":246,"date":"2008-07-25T20:15:19","date_gmt":"2008-07-25T17:15:19","guid":{"rendered":"http:\/\/raino.orav.ee\/?page_id=246"},"modified":"2009-11-01T02:21:50","modified_gmt":"2009-11-01T00:21:50","slug":"jan-marcos-lepik","status":"publish","type":"page","link":"https:\/\/orav.ee\/?page_id=246","title":{"rendered":"jan marcos lepik"},"content":{"rendered":"<p class=\"MsoNormal\" style=\"text-align: justify; line-height: 50%\">\n<p class=\"MsoNormal\" style=\"text-align: justify; line-height: 50%\">vanemad: <a style=\"font-size: 11px; font-weight: bold\" title=\"Velvo Lepik\" href=\"http:\/\/www.orav.ee\/?page_id=245\">VELVO LEPIK<\/a> ja <a style=\"font-size: 11px; font-weight: bold\" title=\"Annika Lepik\" href=\"http:\/\/www.orav.ee\/?page_id=244\">ANNIKA LEPIK<\/a><\/p>\n<p class=\"MsoNormal\" style=\"text-align: justify; line-height: 50%\">\u00f5ed | vennad: <a style=\"font-size: 11px; font-weight: bold\" title=\"Keiti- Aleksandra Lepik\" href=\"http:\/\/www.orav.ee\/?page_id=247\">KEITI ALEXANDRA LEPIK<\/a><\/p>\n<p class=\"MsoNormal\" style=\"text-align: justify; line-height: 150%\">\n<p class=\"MsoNormal\" style=\"text-align: justify; line-height: 150%\"><strong><span style=\"font-family: Tahoma;\">Jan Marcos Lepik<\/span><\/strong><span style=\"font-family: Tahoma;\"> s\u00fcndis 18. augustil 2002 aastal P\u00e4rnus. Lapsep\u00f5lve jooksul on Jan Marcos j\u00f5udnud k\u00e4ia nii V\u00f5iste, kui ka Uulu Lasteaias. Praegu k\u00e4ib Jan Marcos Uulu P\u00f5hikoolis.<\/span><\/p>\n<p class=\"MsoNormal\" style=\"text-align: justify; line-height: 150%\"><a title=\"Jan Marcos Lepik\" href=\"http:\/\/fotod.orav.ee\/janmarcoslepik.jpg\" rel=\"lightbox[246]\"><img loading=\"lazy\" decoding=\"async\" class=\"alignright\" style=\"border: 1px solid black; margin-top: 20px; margin-bottom: 20px;\" title=\"Jan Marcos Lepik\" src=\"http:\/\/fotod.orav.ee\/janmarcoslepiksmall.jpg\" border=\"1\" alt=\"\" vspace=\"20\" width=\"242\" height=\"166\" align=\"right\" \/><\/a><\/p>\n","protected":false},"excerpt":{"rendered":"<p>vanemad: VELVO LEPIK ja ANNIKA LEPIK \u00f5ed | vennad: KEITI ALEXANDRA LEPIK Jan Marcos Lepik s\u00fcndis 18. augustil 2002 aastal P\u00e4rnus. Lapsep\u00f5lve jooksul on Jan Marcos j\u00f5udnud k\u00e4ia nii V\u00f5iste, kui ka Uulu Lasteaias. Praegu k\u00e4ib Jan Marcos Uulu P\u00f5hikoolis.<\/p>\n","protected":false},"author":1,"featured_media":0,"parent":23,"menu_order":0,"comment_status":"open","ping_status":"open","template":"","meta":{"_acf_changed":false,"footnotes":""},"class_list":["post-246","page","type-page","status-publish","hentry"],"acf":[],"_links":{"self":[{"href":"https:\/\/orav.ee\/index.php?rest_route=\/wp\/v2\/pages\/246","targetHints":{"allow":["GET"]}}],"collection":[{"href":"https:\/\/orav.ee\/index.php?rest_route=\/wp\/v2\/pages"}],"about":[{"href":"https:\/\/orav.ee\/index.php?rest_route=\/wp\/v2\/types\/page"}],"author":[{"embeddable":true,"href":"https:\/\/orav.ee\/index.php?rest_route=\/wp\/v2\/users\/1"}],"replies":[{"embeddable":true,"href":"https:\/\/orav.ee\/index.php?rest_route=%2Fwp%2Fv2%2Fcomments&post=246"}],"version-history":[{"count":8,"href":"https:\/\/orav.ee\/index.php?rest_route=\/wp\/v2\/pages\/246\/revisions"}],"predecessor-version":[{"id":1132,"href":"https:\/\/orav.ee\/index.php?rest_route=\/wp\/v2\/pages\/246\/revisions\/1132"}],"up":[{"embeddable":true,"href":"https:\/\/orav.ee\/index.php?rest_route=\/wp\/v2\/pages\/23"}],"wp:attachment":[{"href":"https:\/\/orav.ee\/index.php?rest_route=%2Fwp%2Fv2%2Fmedia&parent=246"}],"curies":[{"name":"wp","href":"https:\/\/api.w.org\/{rel}","templated":true}]}}