{"id":245,"date":"2008-07-25T20:12:16","date_gmt":"2008-07-25T17:12:16","guid":{"rendered":"http:\/\/raino.orav.ee\/?page_id=245"},"modified":"2009-11-01T18:45:10","modified_gmt":"2009-11-01T16:45:10","slug":"velvo-lepik","status":"publish","type":"page","link":"https:\/\/orav.ee\/?page_id=245","title":{"rendered":"velvo lepik"},"content":{"rendered":"<p class=\"MsoNormal\" style=\"text-align: justify; line-height: 50%\">\n<p class=\"MsoNormal\" style=\"text-align: justify; line-height: 50%\">vanemad: <span style=\"color: #000000;\"><strong>JUHA LEPIK<\/strong><\/span> ja <span style=\"color: #000000;\"><strong>MALLE LEPIK<\/strong><\/span><\/p>\n<p class=\"MsoNormal\" style=\"text-align: justify; line-height: 50%\">\u00f5ed | vennad: PIRET LEPIK ja <strong><span style=\"color: #000000;\">TAUNO LEPIK<\/span><\/strong><\/p>\n<p class=\"MsoNormal\" style=\"text-align: justify; line-height: 50%\">abikaasa: <a style=\"font-size: 11px; font-weight: bold\" title=\"Annika Lepik\" href=\"http:\/\/www.orav.ee\/?page_id=244\">ANNIKA LEPIK<\/a><\/p>\n<p class=\"MsoNormal\" style=\"text-align: justify; line-height: 50%\">lapsed: <a style=\"font-size: 11px; font-weight: bold\" title=\"Jan- Marcos Lepik\" href=\"http:\/\/www.orav.ee\/\/?page_id=246\">JAN MARCOS LEPIK<\/a> ja <a style=\"font-size: 11px; font-weight: bold\" title=\"Keiti- Aleksandra Lepik\" href=\"http:\/\/www.orav.ee\/\/?page_id=247\">KEITI ALEXANDRA LEPIK<\/a><\/p>\n<p class=\"MsoNormal\" style=\"text-align: justify; line-height: 150%\">\n<p class=\"MsoNormal\" style=\"text-align: justify; line-height: 150%\"><strong><span style=\"font-family: Tahoma;\">Velvo Lepik<\/span><\/strong><span style=\"font-family: Tahoma;\"> s\u00fcndis 2. aprillil 1980 aastal, lapsep\u00f5lv m\u00f6\u00f6dus Tahkuranna vallas V\u00f5istes, Sadama 15. Velvo on \u00f5ppinud Tahkuranna algkoolis, H\u00e4\u00e4demeeste keskkoolis ja Kehtna K\u00f5rgemas P\u00f5llumajanduskoolis. 2000 \u2013 2001 oli Velvo s\u00f5jav\u00e4es Tallinna Vahipataljonis. T\u00f6\u00f6le asus ta O\u00dc-sse Weiss, kus t\u00f6\u00f6tas 2004. aastani. Praegu t\u00f6\u00f6tab Velvo Zintarex O\u00dc-s autojuhina. Firma tegeleb kolimisteenustega ja merekonteinervedudega.<\/span><\/p>\n<p class=\"MsoNormal\" style=\"text-align: justify; line-height: 150%\"><a title=\"Velvo Lepik\" href=\"http:\/\/fotod.orav.ee\/velvolepik.jpg\" rel=\"lightbox[245]\"><img loading=\"lazy\" decoding=\"async\" class=\"alignright\" style=\"border: 1px solid black; margin-top: 20px; margin-bottom: 20px;\" title=\"Velvo Lepik\" src=\"http:\/\/fotod.orav.ee\/velvolepiksmall.jpg\" border=\"1\" alt=\"\" vspace=\"20\" width=\"242\" height=\"166\" align=\"right\" \/><\/a><\/p>\n","protected":false},"excerpt":{"rendered":"<p>vanemad: JUHA LEPIK ja MALLE LEPIK \u00f5ed | vennad: PIRET LEPIK ja TAUNO LEPIK abikaasa: ANNIKA LEPIK lapsed: JAN MARCOS LEPIK ja KEITI ALEXANDRA LEPIK Velvo Lepik s\u00fcndis 2. aprillil 1980 aastal, lapsep\u00f5lv m\u00f6\u00f6dus Tahkuranna vallas V\u00f5istes, Sadama 15. Velvo on \u00f5ppinud Tahkuranna algkoolis, H\u00e4\u00e4demeeste keskkoolis ja Kehtna K\u00f5rgemas P\u00f5llumajanduskoolis. 2000 \u2013 2001 oli Velvo&hellip;<a href=\"https:\/\/orav.ee\/?page_id=245\" class=\"button\">Read more <span class=\"screen-reader-text\">velvo lepik<\/span><\/a><\/p>\n","protected":false},"author":1,"featured_media":0,"parent":23,"menu_order":0,"comment_status":"open","ping_status":"open","template":"","meta":{"_acf_changed":false,"footnotes":""},"class_list":["post-245","page","type-page","status-publish","hentry"],"acf":[],"_links":{"self":[{"href":"https:\/\/orav.ee\/index.php?rest_route=\/wp\/v2\/pages\/245","targetHints":{"allow":["GET"]}}],"collection":[{"href":"https:\/\/orav.ee\/index.php?rest_route=\/wp\/v2\/pages"}],"about":[{"href":"https:\/\/orav.ee\/index.php?rest_route=\/wp\/v2\/types\/page"}],"author":[{"embeddable":true,"href":"https:\/\/orav.ee\/index.php?rest_route=\/wp\/v2\/users\/1"}],"replies":[{"embeddable":true,"href":"https:\/\/orav.ee\/index.php?rest_route=%2Fwp%2Fv2%2Fcomments&post=245"}],"version-history":[{"count":11,"href":"https:\/\/orav.ee\/index.php?rest_route=\/wp\/v2\/pages\/245\/revisions"}],"predecessor-version":[{"id":1153,"href":"https:\/\/orav.ee\/index.php?rest_route=\/wp\/v2\/pages\/245\/revisions\/1153"}],"up":[{"embeddable":true,"href":"https:\/\/orav.ee\/index.php?rest_route=\/wp\/v2\/pages\/23"}],"wp:attachment":[{"href":"https:\/\/orav.ee\/index.php?rest_route=%2Fwp%2Fv2%2Fmedia&parent=245"}],"curies":[{"name":"wp","href":"https:\/\/api.w.org\/{rel}","templated":true}]}}