{"id":244,"date":"2008-07-25T20:09:55","date_gmt":"2008-07-25T17:09:55","guid":{"rendered":"http:\/\/raino.orav.ee\/?page_id=244"},"modified":"2009-11-01T02:16:22","modified_gmt":"2009-11-01T00:16:22","slug":"annika-lepik","status":"publish","type":"page","link":"https:\/\/orav.ee\/?page_id=244","title":{"rendered":"annika lepik"},"content":{"rendered":"<p class=\"MsoNormal\" style=\"text-align: justify; line-height: 50%\">\n<p class=\"MsoNormal\" style=\"text-align: justify; line-height: 50%\">vanemad: <a style=\"font-size: 11px; font-weight: bold\" title=\"Aare Karjus\" href=\"http:\/\/www.orav.ee\/?page_id=242\">AARE KARJUS<\/a> ja <a style=\"font-size: 11px; font-weight: bold\" title=\"Maaja Karjus\" href=\"http:\/\/www.orav.ee\/?page_id=241\">MAAJA KARJUS<\/a><\/p>\n<p class=\"MsoNormal\" style=\"text-align: justify; line-height: 50%\">\u00f5ed | vennad: <a style=\"font-size: 11px; font-weight: bold\" title=\"Kauri Karjus\" href=\"http:\/\/www.orav.ee\/?page_id=243\">KAURI KARJUS<\/a><\/p>\n<p class=\"MsoNormal\" style=\"text-align: justify; line-height: 50%\">abikaasa: <a style=\"font-size: 11px; font-weight: bold\" title=\"Velvo Lepik\" href=\"http:\/\/www.orav.ee\/?page_id=245\">VELVO LEPIK<\/a><\/p>\n<p class=\"MsoNormal\" style=\"text-align: justify; line-height: 50%\">lapsed: <a style=\"font-size: 11px; font-weight: bold\" title=\"Jan- Marcos Lepik\" href=\"http:\/\/www.orav.ee\/?page_id=246\">JAN MARCOS LEPIK<\/a> ja <a style=\"font-size: 11px; font-weight: bold\" title=\"Keiti- Aleksandra Lepik\" href=\"http:\/\/www.orav.ee\/?page_id=247\">KEITI ALEXANDRA LEPIK<\/a><\/p>\n<p class=\"MsoNormal\" style=\"text-align: justify; line-height: 150%\">\n<p class=\"MsoNormal\" style=\"line-height: 150%; text-align: justify;\"><strong><span style=\"font-family: Tahoma;\">Annika Lepik<\/span><\/strong><span style=\"font-family: Tahoma;\"> (Karjus) s\u00fcndis 28. jaanuaril 1980. Lapsep\u00f5lv m\u00f6\u00f6dus Kehtnas ja Allikivi talus. Annika \u00f5ppis Kehtna P\u00f5hikoolis ja H\u00e4\u00e4demeeste Keskkoolis. P\u00f5gusalt ka Tartu Teeninduskoolis ja Tallinna Kristiine teeninduskoolis juuksuri erialal. Annika abiellus Velvoga 4. augustil 2001. Perre on s\u00fcndinud 2 last: Jan Marcos (2002) ja Keiti Alexandra (2005). Aastatel 2000 \u2013 2002 t\u00f6\u00f6tas Annika Laureena O\u00dc-s. Hetkel t\u00f6\u00f6tab Annika Infoatlas P\u00e4rnu esinduses. Annika elab koos perega vanaemalt p\u00e4randatud Kalda talus Soometsas.<\/span><\/p>\n<p class=\"MsoNormal\" style=\"text-align: justify; line-height: 150%\"><a title=\"Annika Lepik\" href=\"http:\/\/fotod.orav.ee\/annikalepik.jpg\" rel=\"lightbox[244]\"><img loading=\"lazy\" decoding=\"async\" class=\"alignright\" style=\"border: 1px solid black; margin-top: 20px; margin-bottom: 20px;\" title=\"Annika Lepik\" src=\"http:\/\/fotod.orav.ee\/annikalepiksmall.jpg\" border=\"1\" alt=\"\" vspace=\"20\" width=\"166\" height=\"242\" align=\"right\" \/><\/a><\/p>\n","protected":false},"excerpt":{"rendered":"<p>vanemad: AARE KARJUS ja MAAJA KARJUS \u00f5ed | vennad: KAURI KARJUS abikaasa: VELVO LEPIK lapsed: JAN MARCOS LEPIK ja KEITI ALEXANDRA LEPIK Annika Lepik (Karjus) s\u00fcndis 28. jaanuaril 1980. Lapsep\u00f5lv m\u00f6\u00f6dus Kehtnas ja Allikivi talus. Annika \u00f5ppis Kehtna P\u00f5hikoolis ja H\u00e4\u00e4demeeste Keskkoolis. P\u00f5gusalt ka Tartu Teeninduskoolis ja Tallinna Kristiine teeninduskoolis juuksuri erialal. Annika abiellus Velvoga&hellip;<a href=\"https:\/\/orav.ee\/?page_id=244\" class=\"button\">Read more <span class=\"screen-reader-text\">annika lepik<\/span><\/a><\/p>\n","protected":false},"author":1,"featured_media":0,"parent":23,"menu_order":0,"comment_status":"open","ping_status":"open","template":"","meta":{"_acf_changed":false,"footnotes":""},"class_list":["post-244","page","type-page","status-publish","hentry"],"acf":[],"_links":{"self":[{"href":"https:\/\/orav.ee\/index.php?rest_route=\/wp\/v2\/pages\/244","targetHints":{"allow":["GET"]}}],"collection":[{"href":"https:\/\/orav.ee\/index.php?rest_route=\/wp\/v2\/pages"}],"about":[{"href":"https:\/\/orav.ee\/index.php?rest_route=\/wp\/v2\/types\/page"}],"author":[{"embeddable":true,"href":"https:\/\/orav.ee\/index.php?rest_route=\/wp\/v2\/users\/1"}],"replies":[{"embeddable":true,"href":"https:\/\/orav.ee\/index.php?rest_route=%2Fwp%2Fv2%2Fcomments&post=244"}],"version-history":[{"count":6,"href":"https:\/\/orav.ee\/index.php?rest_route=\/wp\/v2\/pages\/244\/revisions"}],"predecessor-version":[{"id":309,"href":"https:\/\/orav.ee\/index.php?rest_route=\/wp\/v2\/pages\/244\/revisions\/309"}],"up":[{"embeddable":true,"href":"https:\/\/orav.ee\/index.php?rest_route=\/wp\/v2\/pages\/23"}],"wp:attachment":[{"href":"https:\/\/orav.ee\/index.php?rest_route=%2Fwp%2Fv2%2Fmedia&parent=244"}],"curies":[{"name":"wp","href":"https:\/\/api.w.org\/{rel}","templated":true}]}}