{"id":243,"date":"2008-07-25T20:05:12","date_gmt":"2008-07-25T17:05:12","guid":{"rendered":"http:\/\/raino.orav.ee\/?page_id=243"},"modified":"2009-10-31T17:19:50","modified_gmt":"2009-10-31T15:19:50","slug":"kauri-karjus","status":"publish","type":"page","link":"https:\/\/orav.ee\/?page_id=243","title":{"rendered":"kauri karjus"},"content":{"rendered":"<p class=\"MsoNormal\" style=\"text-align: justify; line-height: 50%\">\n<p class=\"MsoNormal\" style=\"text-align: justify; line-height: 50%\">vanemad: <a style=\"font-size: 11px; font-weight: bold\" title=\"Aare Karjus\" href=\"http:\/\/www.orav.ee\/?page_id=242\">AARE KARJUS<\/a> ja <a style=\"font-size: 11px; font-weight: bold\" title=\"Maaja Karjus\" href=\"http:\/\/www.orav.ee\/?page_id=241\">MAAJA KARJUS<\/a><\/p>\n<p class=\"MsoNormal\" style=\"text-align: justify; line-height: 50%\">\u00f5ed \/ vennad: <a style=\"font-size: 11px; font-weight: bold\" title=\"Annika Lepik\" href=\"http:\/\/www.orav.ee\/?page_id=244\">ANNIKA LEPIK <\/a><\/p>\n<p class=\"MsoNormal\" style=\"text-align: justify; line-height: 150%\">\n<p class=\"MsoNormal\" style=\"text-align: justify; line-height: 150%\"><strong><span style=\"font-family: Tahoma;\">Kauri Karjus<\/span><\/strong><span style=\"font-family: Tahoma;\"> s\u00fcndis 1. mail 1992. aastal P\u00e4rnus. Lapsep\u00f5lv m\u00f6\u00f6dus Allikivi talus. Kauri \u00f5pib alates 1999. aastast H\u00e4\u00e4demeeste Keskkoolis.<\/span><\/p>\n<p class=\"MsoNormal\" style=\"text-align: justify; line-height: 150%\"><span style=\"font-family: Tahoma;\"><br \/>\n<\/span><\/p>\n<p class=\"MsoNormal\" style=\"text-align: justify; line-height: 150%\"><a title=\"Kauri Karjus\" href=\"http:\/\/fotod.orav.ee\/kaurikarjus.jpg\" rel=\"lightbox[243]\"><img loading=\"lazy\" decoding=\"async\" class=\"alignright\" style=\"border: 1px solid black; margin-top: 20px; margin-bottom: 20px;\" title=\"Kauri Karjus\" src=\"http:\/\/fotod.orav.ee\/kaurikarjussmall.jpg\" border=\"1\" alt=\"\" vspace=\"20\" width=\"166\" height=\"242\" align=\"right\" \/><\/a><\/p>\n","protected":false},"excerpt":{"rendered":"<p>vanemad: AARE KARJUS ja MAAJA KARJUS \u00f5ed \/ vennad: ANNIKA LEPIK Kauri Karjus s\u00fcndis 1. mail 1992. aastal P\u00e4rnus. Lapsep\u00f5lv m\u00f6\u00f6dus Allikivi talus. Kauri \u00f5pib alates 1999. aastast H\u00e4\u00e4demeeste Keskkoolis.<\/p>\n","protected":false},"author":1,"featured_media":0,"parent":23,"menu_order":0,"comment_status":"open","ping_status":"open","template":"","meta":{"_acf_changed":false,"footnotes":""},"class_list":["post-243","page","type-page","status-publish","hentry"],"acf":[],"_links":{"self":[{"href":"https:\/\/orav.ee\/index.php?rest_route=\/wp\/v2\/pages\/243","targetHints":{"allow":["GET"]}}],"collection":[{"href":"https:\/\/orav.ee\/index.php?rest_route=\/wp\/v2\/pages"}],"about":[{"href":"https:\/\/orav.ee\/index.php?rest_route=\/wp\/v2\/types\/page"}],"author":[{"embeddable":true,"href":"https:\/\/orav.ee\/index.php?rest_route=\/wp\/v2\/users\/1"}],"replies":[{"embeddable":true,"href":"https:\/\/orav.ee\/index.php?rest_route=%2Fwp%2Fv2%2Fcomments&post=243"}],"version-history":[{"count":3,"href":"https:\/\/orav.ee\/index.php?rest_route=\/wp\/v2\/pages\/243\/revisions"}],"predecessor-version":[{"id":343,"href":"https:\/\/orav.ee\/index.php?rest_route=\/wp\/v2\/pages\/243\/revisions\/343"}],"up":[{"embeddable":true,"href":"https:\/\/orav.ee\/index.php?rest_route=\/wp\/v2\/pages\/23"}],"wp:attachment":[{"href":"https:\/\/orav.ee\/index.php?rest_route=%2Fwp%2Fv2%2Fmedia&parent=243"}],"curies":[{"name":"wp","href":"https:\/\/api.w.org\/{rel}","templated":true}]}}