{"id":242,"date":"2008-07-25T19:56:21","date_gmt":"2008-07-25T17:56:21","guid":{"rendered":"http:\/\/raino.orav.ee\/?page_id=242"},"modified":"2020-09-14T10:00:00","modified_gmt":"2020-09-14T08:00:00","slug":"aare-karjus","status":"publish","type":"page","link":"https:\/\/orav.ee\/?page_id=242","title":{"rendered":"aare karjus"},"content":{"rendered":"<p class=\"MsoNormal\" style=\"text-align: justify; line-height: 50%;\">\n<p class=\"MsoNormal\" style=\"text-align: justify; line-height: 50%;\">vanemad:<\/p>\n<p class=\"MsoNormal\" style=\"text-align: justify; line-height: 50%;\">\u00f5ed \/ vennad:<\/p>\n<p class=\"MsoNormal\" style=\"text-align: justify; line-height: 50%;\">abikaasa: <a style=\"font-size: 11px; font-weight: bold;\" title=\"Maaja Karjus\" href=\"http:\/\/www.orav.ee\/?page_id=241\">MAAJA KARJUS<\/a><\/p>\n<p class=\"MsoNormal\" style=\"text-align: justify; line-height: 50%;\">lapsed: <a style=\"font-size: 11px; font-weight: bold;\" title=\"Annika Lepik\" href=\"http:\/\/www.orav.ee\/?page_id=244\">ANNIKA LEPIK<\/a> ja <a style=\"font-size: 11px; font-weight: bold;\" title=\"Kauri Karjus\" href=\"http:\/\/www.orav.ee\/?page_id=243\">KAURI KARJUS<\/a><\/p>\n<p class=\"MsoNormal\" style=\"text-align: justify; line-height: 150%;\">\n<p class=\"MsoNormal\" style=\"text-align: justify; line-height: 150%;\"><strong><span style=\"font-family: Tahoma;\">Aare Karjus<\/span><\/strong><span style=\"font-family: Tahoma;\"> s\u00fcndis 8. mail 1958, ta lapsep\u00f5lv m\u00f6\u00f6dus Soometsa k\u00fclas Kalda talus. Aare \u00f5ppis Soometsa Algkoolis, Uulu 8-klassilises koolis ja H\u00e4\u00e4demeeste Keskkoolis. 1975 \u2013 1978 \u00f5ppis ta Kehtna N\u00e4idissovhoostehnikumis maaparanduse tehnik-mehaanikuks.<\/span><\/p>\n<p class=\"MsoNormal\" style=\"text-align: justify; line-height: 150%;\"><span style=\"font-family: Tahoma;\">Aare t\u00f6\u00f6tas 1978 \u2013 1979 P\u00e4rnu EPT-s lukksepana. 1979 \u2013 1981 oli ta s\u00f5jav\u00e4es Astrahani oblastis. 1981 \u2013 1994 t\u00f6\u00f6tas ta Rapla EPT LEMK k\u00fclmutusseadmete mehaanikuna. 1994 \u2013 1999 H\u00e4\u00e4demeeste P\u00f5llumajandus\u00fchistu farmimehaanikuna. Alates 1999. aastast t\u00f6\u00f6tab Aare H\u00e4\u00e4demeeste kergkruusa- ja plokitehases mehaanikuna (praegu ABB Maxit).<\/span><\/p>\n<p class=\"MsoNormal\" style=\"text-align: justify; line-height: 150%;\"><a title=\"Aare Karjus\" href=\"http:\/\/fotod.orav.ee\/aarekarjus.jpg\" rel=\"lightbox[242]\"><img loading=\"lazy\" decoding=\"async\" class=\"alignright\" style=\"border: 1px solid black; margin-top: 20px; margin-bottom: 20px;\" title=\"Aare Karjus\" src=\"http:\/\/fotod.orav.ee\/aarekarjussmall.jpg\" alt=\"\" width=\"166\" height=\"242\" align=\"right\" border=\"1\" vspace=\"20\" \/><\/a><\/p>\n","protected":false},"excerpt":{"rendered":"<p>vanemad: \u00f5ed \/ vennad: abikaasa: MAAJA KARJUS lapsed: ANNIKA LEPIK ja KAURI KARJUS Aare Karjus s\u00fcndis 8. mail 1958, ta lapsep\u00f5lv m\u00f6\u00f6dus Soometsa k\u00fclas Kalda talus. Aare \u00f5ppis Soometsa Algkoolis, Uulu 8-klassilises koolis ja H\u00e4\u00e4demeeste Keskkoolis. 1975 \u2013 1978 \u00f5ppis ta Kehtna N\u00e4idissovhoostehnikumis maaparanduse tehnik-mehaanikuks. Aare t\u00f6\u00f6tas 1978 \u2013 1979 P\u00e4rnu EPT-s lukksepana. 1979 \u2013&hellip;<a href=\"https:\/\/orav.ee\/?page_id=242\" class=\"button\">Read more <span class=\"screen-reader-text\">aare karjus<\/span><\/a><\/p>\n","protected":false},"author":1,"featured_media":0,"parent":23,"menu_order":0,"comment_status":"open","ping_status":"closed","template":"templates\/portfolio-page.php","meta":{"_acf_changed":false,"footnotes":""},"class_list":["post-242","page","type-page","status-publish","hentry"],"acf":[],"_links":{"self":[{"href":"https:\/\/orav.ee\/index.php?rest_route=\/wp\/v2\/pages\/242","targetHints":{"allow":["GET"]}}],"collection":[{"href":"https:\/\/orav.ee\/index.php?rest_route=\/wp\/v2\/pages"}],"about":[{"href":"https:\/\/orav.ee\/index.php?rest_route=\/wp\/v2\/types\/page"}],"author":[{"embeddable":true,"href":"https:\/\/orav.ee\/index.php?rest_route=\/wp\/v2\/users\/1"}],"replies":[{"embeddable":true,"href":"https:\/\/orav.ee\/index.php?rest_route=%2Fwp%2Fv2%2Fcomments&post=242"}],"version-history":[{"count":7,"href":"https:\/\/orav.ee\/index.php?rest_route=\/wp\/v2\/pages\/242\/revisions"}],"predecessor-version":[{"id":2972,"href":"https:\/\/orav.ee\/index.php?rest_route=\/wp\/v2\/pages\/242\/revisions\/2972"}],"up":[{"embeddable":true,"href":"https:\/\/orav.ee\/index.php?rest_route=\/wp\/v2\/pages\/23"}],"wp:attachment":[{"href":"https:\/\/orav.ee\/index.php?rest_route=%2Fwp%2Fv2%2Fmedia&parent=242"}],"curies":[{"name":"wp","href":"https:\/\/api.w.org\/{rel}","templated":true}]}}