{"id":241,"date":"2008-07-25T19:39:57","date_gmt":"2008-07-25T16:39:57","guid":{"rendered":"http:\/\/raino.orav.ee\/?page_id=241"},"modified":"2009-10-31T17:29:14","modified_gmt":"2009-10-31T15:29:14","slug":"maaja-karjus","status":"publish","type":"page","link":"https:\/\/orav.ee\/?page_id=241","title":{"rendered":"maaja karjus"},"content":{"rendered":"<p class=\"MsoNormal\" style=\"text-align: justify; line-height: 50%\">\n<p class=\"MsoNormal\" style=\"text-align: justify; line-height: 50%\">vanemad: <a style=\"font-size: 11px; font-weight: bold\" title=\"Johannes Orav\" href=\"http:\/\/www.orav.ee\/?page_id=222\">JOHANNES ORAV<\/a> ja <a style=\"font-size: 11px; font-weight: bold\" title=\"Miia Orav\" href=\"http:\/\/www.orav.ee\/?page_id=221\">MIIA ORAV<\/a><\/p>\n<p class=\"MsoNormal\" style=\"text-align: justify; line-height: 50%\">\u00f5ed \/ vennad: <strong>JAAN ORAV<\/strong>, <strong>ELGO ORAV<\/strong>, <strong>PILLE ORAV<\/strong>, <a style=\"font-size: 11px; font-weight: bold\" title=\"Meeli Jakk\" href=\"http:\/\/www.orav.ee\/?page_id=215\">MEELI JAKK<\/a> ja <a style=\"font-size: 11px; font-weight: bold\" title=\"Kalle Orav\" href=\"http:\/\/www.orav.ee\/?page_id=210\">KALLE ORAV<\/a><\/p>\n<p class=\"MsoNormal\" style=\"text-align: justify; line-height: 50%\">abikaasa: <a style=\"font-size: 11px; font-weight: bold\" title=\"Aare Karjus\" href=\"http:\/\/www.orav.ee\/?page_id=242\">AARE KARJUS<\/a><\/p>\n<p class=\"MsoNormal\" style=\"text-align: justify; line-height: 50%\">lapsed: <a style=\"font-size: 11px; font-weight: bold\" title=\"Annika Lepik\" href=\"http:\/\/www.orav.ee\/?page_id=244\">ANNIKA LEPIK<\/a> ja <a style=\"font-size: 11px; font-weight: bold\" title=\"Kauri Karjus\" href=\"http:\/\/www.orav.ee\/?page_id=243\">KAURI KARJUS<\/a><\/p>\n<p class=\"MsoNormal\" style=\"text-align: justify; line-height: 150%\">\n<p class=\"MsoNormal\" style=\"text-align: justify; line-height: 150%\"><strong><span style=\"font-family: Tahoma;\">Maaja Karjus<\/span><\/strong><span style=\"font-family: Tahoma;\"> (Orav) s\u00fcndis 11. detsembril 1957. aastal H\u00e4\u00e4demeestel. Lapsep\u00f5lv m\u00f6\u00f6dus Papisilla k\u00fclas Allikivi talus. Maaja \u00f5ppis aastatel 1965 \u2013 1976 H\u00e4\u00e4demeeste Keskkoolis, 1976 \u2013 1979 T\u00fcri N\u00e4idissovhoostehnikumis zootehnikuks. Aastatel 1984 \u2013 1990 omandas ta k\u00f5rghariduse Eesti P\u00f5llumajandusakadeemias.<\/span><\/p>\n<p class=\"MsoNormal\" style=\"text-align: justify; line-height: 150%\"><span style=\"font-family: Tahoma;\">Maaja abiellus Aare Karjusega 28. aprillil 1979. Perre s\u00fcndis 2 last: Annika (1980) ja Kauri (1992).<\/span><\/p>\n<p class=\"MsoNormal\" style=\"text-align: justify; line-height: 150%\"><span style=\"font-family: Tahoma;\">Maaja ja Aare asusid 1979. aastal elama Kehtnassse, kus Maaja t\u00f6\u00f6tas 1979 \u2013 1992 Kehtna KS Jaamas, alustades tehnikuna ja l\u00f5petades labori juhataja kohuset\u00e4itjana. 1992. aastal s\u00fcndis Kauri ja Maaja j\u00e4i koju. 1994 \u2013 2000 t\u00f6\u00f6tas Maaja V\u00f5idu P\u00f5llumajandus\u00fchistu selektsion\u00e4\u00e4ri-kassapidaja ja raamatupidajana. Alates 2001. aastast t\u00f6\u00f6tab Maaja FIE-na koduses talupidamises ja pakkudes Eesti Postile postiljoni teenust.<\/span><\/p>\n<p class=\"MsoNormal\" style=\"text-align: justify; line-height: 150%\"><em><span style=\"font-family: Tahoma;\"><strong>Kui Maaja oli 3-4 aastane, elas ta m\u00f5nda aega H\u00e4\u00e4demeestel onu Mati juures. Onu Mati ja Leili elasid toona H\u00e4\u00e4demeeste kultuurimaja teisel korrusel. Koos k\u00e4idi ka n\u00e4dalavahetustel koolijuhataja S\u00f5rmuse Peetri juures saunas. Maaja ei osanud veel \u201eR\u201c t\u00e4hte \u00f6elda ja nii ta teataski \u00fckskord t\u00e4htsalt: \u201eOnu Mati, sul on samasugune lipats kui minu isal!\u201c<\/strong><\/span><\/em><\/p>\n<p><a title=\"Maaja Karjus\" href=\"http:\/\/fotod.orav.ee\/maajakarjus.jpg\" rel=\"lightbox[241]\"><img loading=\"lazy\" decoding=\"async\" class=\"alignright\" style=\"border: 1px solid black; margin-top: 20px; margin-bottom: 20px;\" title=\"Maaja Karjus\" src=\"http:\/\/fotod.orav.ee\/maajakarjussmall.jpg\" border=\"1\" alt=\"\" vspace=\"20\" width=\"166\" height=\"242\" align=\"right\" \/><\/a><\/p>\n","protected":false},"excerpt":{"rendered":"<p>vanemad: JOHANNES ORAV ja MIIA ORAV \u00f5ed \/ vennad: JAAN ORAV, ELGO ORAV, PILLE ORAV, MEELI JAKK ja KALLE ORAV abikaasa: AARE KARJUS lapsed: ANNIKA LEPIK ja KAURI KARJUS Maaja Karjus (Orav) s\u00fcndis 11. detsembril 1957. aastal H\u00e4\u00e4demeestel. Lapsep\u00f5lv m\u00f6\u00f6dus Papisilla k\u00fclas Allikivi talus. Maaja \u00f5ppis aastatel 1965 \u2013 1976 H\u00e4\u00e4demeeste Keskkoolis, 1976 \u2013 1979&hellip;<a href=\"https:\/\/orav.ee\/?page_id=241\" class=\"button\">Read more <span class=\"screen-reader-text\">maaja karjus<\/span><\/a><\/p>\n","protected":false},"author":1,"featured_media":0,"parent":23,"menu_order":0,"comment_status":"open","ping_status":"open","template":"","meta":{"_acf_changed":false,"footnotes":""},"class_list":["post-241","page","type-page","status-publish","hentry"],"acf":[],"_links":{"self":[{"href":"https:\/\/orav.ee\/index.php?rest_route=\/wp\/v2\/pages\/241","targetHints":{"allow":["GET"]}}],"collection":[{"href":"https:\/\/orav.ee\/index.php?rest_route=\/wp\/v2\/pages"}],"about":[{"href":"https:\/\/orav.ee\/index.php?rest_route=\/wp\/v2\/types\/page"}],"author":[{"embeddable":true,"href":"https:\/\/orav.ee\/index.php?rest_route=\/wp\/v2\/users\/1"}],"replies":[{"embeddable":true,"href":"https:\/\/orav.ee\/index.php?rest_route=%2Fwp%2Fv2%2Fcomments&post=241"}],"version-history":[{"count":3,"href":"https:\/\/orav.ee\/index.php?rest_route=\/wp\/v2\/pages\/241\/revisions"}],"predecessor-version":[{"id":348,"href":"https:\/\/orav.ee\/index.php?rest_route=\/wp\/v2\/pages\/241\/revisions\/348"}],"up":[{"embeddable":true,"href":"https:\/\/orav.ee\/index.php?rest_route=\/wp\/v2\/pages\/23"}],"wp:attachment":[{"href":"https:\/\/orav.ee\/index.php?rest_route=%2Fwp%2Fv2%2Fmedia&parent=241"}],"curies":[{"name":"wp","href":"https:\/\/api.w.org\/{rel}","templated":true}]}}