{"id":238,"date":"2008-07-25T19:26:16","date_gmt":"2008-07-25T16:26:16","guid":{"rendered":"http:\/\/raino.orav.ee\/?page_id=238"},"modified":"2015-03-06T21:02:13","modified_gmt":"2015-03-06T19:02:13","slug":"miia-eliise-pors","status":"publish","type":"page","link":"https:\/\/orav.ee\/?page_id=238","title":{"rendered":"miia- eliise pors"},"content":{"rendered":"<p class=\"MsoNormal\" style=\"text-align: justify; line-height: 50%;\">\n<p class=\"MsoNormal\" style=\"text-align: justify; line-height: 50%;\">vanemad: <a style=\"font-size: 11px; font-weight: bold;\" title=\"Riho Pors\" href=\"http:\/\/www.orav.ee\/?page_id=238\">RIHO RORS<\/a> ja <a style=\"font-size: 11px; font-weight: bold;\" title=\"Marjana Pors\" href=\"http:\/\/www.orav.ee\/?page_id=233\">MARJANA PORS<\/a><\/p>\n<p class=\"MsoNormal\" style=\"text-align: justify; line-height: 50%;\">\u00f5ed \/ vennad: <a style=\"font-size: 11px; font-weight: bold;\" title=\"Johannes Orav\" href=\"http:\/\/www.orav.ee\/?page_id=235\">JOHANNES PORS<\/a>, <a style=\"font-size: 11px; font-weight: bold;\" title=\"Marie- Susanna Pors\" href=\"http:\/\/www.orav.ee\/?page_id=236\">MARIE- SUSANNA PORS<\/a>, <a style=\"font-size: 11px; font-weight: bold;\" title=\"Sara Pors\" href=\"http:\/\/www.orav.ee\/?page_id=237\">SAARA PORS<\/a> ja <a style=\"font-size: 11px; font-weight: bold;\" title=\"Jesse Pors\" href=\"http:\/\/www.orav.ee\/?page_id=239\">JESSE PORS<\/a><\/p>\n<p class=\"MsoNormal\" style=\"text-align: justify; line-height: 150%;\">\n<p class=\"MsoNormal\" style=\"text-align: justify; line-height: 150%;\"><strong><span style=\"font-family: Tahoma;\">Miia Eliise Pors<\/span><\/strong><span style=\"font-family: Tahoma;\"> s\u00fcndis 11. detsembril 2002. aastal Tallinnas. 2005. aasta s\u00fcgisest l\u00e4ks\u00a0Kiili lasteaias. Hetkel \u00f5pib Kiili G\u00fcmnaasiumis.<\/span><\/p>\n<p class=\"MsoNormal\" style=\"text-align: justify; line-height: 150%;\">\n<p class=\"MsoNormal\" style=\"text-align: right; line-height: 150%;\"><a title=\"Miia- Eliise Pors\" href=\"http:\/\/fotod.orav.ee\/miiaeliisepors.jpg\" rel=\"lightbox[238]\"><img loading=\"lazy\" decoding=\"async\" class=\"alignright\" style=\"border: 1px solid black;\" title=\"Miia- Eliise Pors\" src=\"http:\/\/fotod.orav.ee\/miiaeliiseporssmall.jpg\" alt=\"\" width=\"162\" height=\"242\" \/><\/a><\/p>\n","protected":false},"excerpt":{"rendered":"<p>vanemad: RIHO RORS ja MARJANA PORS \u00f5ed \/ vennad: JOHANNES PORS, MARIE- SUSANNA PORS, SAARA PORS ja JESSE PORS Miia Eliise Pors s\u00fcndis 11. detsembril 2002. aastal Tallinnas. 2005. aasta s\u00fcgisest l\u00e4ks\u00a0Kiili lasteaias. Hetkel \u00f5pib Kiili G\u00fcmnaasiumis.<\/p>\n","protected":false},"author":1,"featured_media":0,"parent":23,"menu_order":0,"comment_status":"open","ping_status":"open","template":"","meta":{"_acf_changed":false,"footnotes":""},"class_list":["post-238","page","type-page","status-publish","hentry"],"acf":[],"_links":{"self":[{"href":"https:\/\/orav.ee\/index.php?rest_route=\/wp\/v2\/pages\/238","targetHints":{"allow":["GET"]}}],"collection":[{"href":"https:\/\/orav.ee\/index.php?rest_route=\/wp\/v2\/pages"}],"about":[{"href":"https:\/\/orav.ee\/index.php?rest_route=\/wp\/v2\/types\/page"}],"author":[{"embeddable":true,"href":"https:\/\/orav.ee\/index.php?rest_route=\/wp\/v2\/users\/1"}],"replies":[{"embeddable":true,"href":"https:\/\/orav.ee\/index.php?rest_route=%2Fwp%2Fv2%2Fcomments&post=238"}],"version-history":[{"count":10,"href":"https:\/\/orav.ee\/index.php?rest_route=\/wp\/v2\/pages\/238\/revisions"}],"predecessor-version":[{"id":2770,"href":"https:\/\/orav.ee\/index.php?rest_route=\/wp\/v2\/pages\/238\/revisions\/2770"}],"up":[{"embeddable":true,"href":"https:\/\/orav.ee\/index.php?rest_route=\/wp\/v2\/pages\/23"}],"wp:attachment":[{"href":"https:\/\/orav.ee\/index.php?rest_route=%2Fwp%2Fv2%2Fmedia&parent=238"}],"curies":[{"name":"wp","href":"https:\/\/api.w.org\/{rel}","templated":true}]}}