{"id":237,"date":"2008-07-25T19:25:06","date_gmt":"2008-07-25T16:25:06","guid":{"rendered":"http:\/\/raino.orav.ee\/?page_id=237"},"modified":"2015-03-06T21:08:00","modified_gmt":"2015-03-06T19:08:00","slug":"sara-pors","status":"publish","type":"page","link":"https:\/\/orav.ee\/?page_id=237","title":{"rendered":"saara pors"},"content":{"rendered":"<p class=\"MsoNormal\" style=\"text-align: justify; line-height: 50%;\">\n<p class=\"MsoNormal\" style=\"text-align: justify; line-height: 50%;\">vanemad: <a style=\"font-size: 11px; font-weight: bold;\" title=\"Riho Pors\" href=\"http:\/\/www.orav.ee\/\/?page_id=234\">RIHO RORS<\/a> ja <a style=\"font-size: 11px; font-weight: bold;\" title=\"Marjana Pors\" href=\"http:\/\/www.orav.ee\/\/?page_id=233\">MARJANA PORS<\/a><\/p>\n<p class=\"MsoNormal\" style=\"text-align: justify; line-height: 50%;\">\u00f5ed \/ vennad: <a style=\"font-size: 11px; font-weight: bold;\" title=\"Johannes Pors\" href=\"http:\/\/www.orav.ee\/\/?page_id=235\">JOHANNES PORS<\/a>, <a style=\"font-size: 11px; font-weight: bold;\" title=\"Marie- Susanna Pors\" href=\"http:\/\/www.orav.ee\/\/?page_id=236\">MARIA- SUSANNA PORS<\/a>, <a style=\"font-size: 11px; font-weight: bold;\" title=\"Miia- Eliise Pors\" href=\"http:\/\/www.orav.ee\/\/?page_id=238\">MIIA- ELIISE PORS<\/a> ja <a style=\"font-size: 11px; font-weight: bold;\" title=\"Jesse Pors\" href=\"http:\/\/www.orav.ee\/\/?page_id=239\">JESSE PORS<\/a><\/p>\n<p class=\"MsoNormal\" style=\"text-align: justify; line-height: 150%;\">\n<p class=\"MsoNormal\" style=\"text-align: justify; line-height: 150%;\"><strong><span style=\"font-family: Tahoma;\">Saara Pors<\/span><\/strong><span style=\"font-family: Tahoma;\"> s\u00fcndis 31. juulil 2001 aastal Tallinnas. Kolme aastasena l\u00e4ks ta Kiili lasteaeda. Hetkel \u00f5pib Kiili G\u00fcmnaasiumis.<br \/>\n<\/span><\/p>\n<p class=\"MsoNormal\" style=\"text-align: justify; line-height: 150%;\">\n<p class=\"MsoNormal\" style=\"text-align: right; line-height: 150%;\"><a title=\"Saara Pors\" href=\"http:\/\/fotod.orav.ee\/saarapors.jpg\" rel=\"lightbox[237]\"><img loading=\"lazy\" decoding=\"async\" class=\"alignright\" style=\"border: 1px solid black;\" title=\"Saara Pors\" src=\"http:\/\/fotod.orav.ee\/saaraporssmall.jpg\" alt=\"\" width=\"162\" height=\"242\" \/><\/a><\/p>\n","protected":false},"excerpt":{"rendered":"<p>vanemad: RIHO RORS ja MARJANA PORS \u00f5ed \/ vennad: JOHANNES PORS, MARIA- SUSANNA PORS, MIIA- ELIISE PORS ja JESSE PORS Saara Pors s\u00fcndis 31. juulil 2001 aastal Tallinnas. Kolme aastasena l\u00e4ks ta Kiili lasteaeda. Hetkel \u00f5pib Kiili G\u00fcmnaasiumis.<\/p>\n","protected":false},"author":1,"featured_media":0,"parent":23,"menu_order":0,"comment_status":"open","ping_status":"open","template":"","meta":{"_acf_changed":false,"footnotes":""},"class_list":["post-237","page","type-page","status-publish","hentry"],"acf":[],"_links":{"self":[{"href":"https:\/\/orav.ee\/index.php?rest_route=\/wp\/v2\/pages\/237","targetHints":{"allow":["GET"]}}],"collection":[{"href":"https:\/\/orav.ee\/index.php?rest_route=\/wp\/v2\/pages"}],"about":[{"href":"https:\/\/orav.ee\/index.php?rest_route=\/wp\/v2\/types\/page"}],"author":[{"embeddable":true,"href":"https:\/\/orav.ee\/index.php?rest_route=\/wp\/v2\/users\/1"}],"replies":[{"embeddable":true,"href":"https:\/\/orav.ee\/index.php?rest_route=%2Fwp%2Fv2%2Fcomments&post=237"}],"version-history":[{"count":7,"href":"https:\/\/orav.ee\/index.php?rest_route=\/wp\/v2\/pages\/237\/revisions"}],"predecessor-version":[{"id":2773,"href":"https:\/\/orav.ee\/index.php?rest_route=\/wp\/v2\/pages\/237\/revisions\/2773"}],"up":[{"embeddable":true,"href":"https:\/\/orav.ee\/index.php?rest_route=\/wp\/v2\/pages\/23"}],"wp:attachment":[{"href":"https:\/\/orav.ee\/index.php?rest_route=%2Fwp%2Fv2%2Fmedia&parent=237"}],"curies":[{"name":"wp","href":"https:\/\/api.w.org\/{rel}","templated":true}]}}