{"id":236,"date":"2008-07-25T19:23:21","date_gmt":"2008-07-25T16:23:21","guid":{"rendered":"http:\/\/raino.orav.ee\/?page_id=236"},"modified":"2013-11-04T14:17:52","modified_gmt":"2013-11-04T12:17:52","slug":"marie-susanna-pors","status":"publish","type":"page","link":"https:\/\/orav.ee\/?page_id=236","title":{"rendered":"marie- susanna pors"},"content":{"rendered":"<p class=\"MsoNormal\" style=\"text-align: justify; line-height: 50%;\">\n<p class=\"MsoNormal\" style=\"text-align: justify; line-height: 50%;\">vanemad: <a style=\"font-size: 11px; font-weight: bold;\" title=\"Riho Pors\" href=\"http:\/\/www.orav.ee\/?page_id=234\">RIHO PORS<\/a> ja <a style=\"font-size: 11px; font-weight: bold;\" title=\"Marjana Pors\" href=\"http:\/\/www.orav.ee\/?page_id=233\">MARJANA PORS<\/a><\/p>\n<p class=\"MsoNormal\" style=\"text-align: justify; line-height: 50%;\">\u00f5ed \/ vennad: <a style=\"font-size: 11px; font-weight: bold;\" title=\"Johannes Pors\" href=\"http:\/\/www.orav.ee\/?page_id=235\">JOHANNES PORS<\/a>, <a style=\"font-size: 11px; font-weight: bold;\" title=\"Sara Pors\" href=\"http:\/\/www.orav.ee\/?page_id=237\">SAARA PORS<\/a>, <a style=\"font-size: 11px; font-weight: bold;\" title=\"Miia- Eliise Pors\" href=\"http:\/\/www.orav.ee\/?page_id=238\">MIIA- ELIISE PORS<\/a> ja <a style=\"font-size: 11px; font-weight: bold;\" title=\"Jesse Pors\" href=\"http:\/\/www.orav.ee\/?page_id=239\">JESSE PORS<\/a><\/p>\n<p class=\"MsoNormal\" style=\"text-align: justify; line-height: 150%;\">\n<p class=\"MsoNormal\" style=\"text-align: justify; line-height: 150%;\"><strong><span style=\"font-family: Tahoma;\">Marie- Susanna Pors<\/span><\/strong><span style=\"font-family: Tahoma;\"> s\u00fcndis 17. juunil 2000. aastal Tallinnas. Kolme aastasena l\u00e4ks ta Kiili lasteaeda. 2007. aasta s\u00fcgisest hakkab Marie Susanna \u00f5ppima Kiili G\u00fcmnaasiumis.<\/span><\/p>\n<p class=\"MsoNormal\" style=\"text-align: justify; line-height: 150%;\"><a title=\"Marie- Susanna Pors\" href=\"http:\/\/fotod.orav.ee\/mariesusannapors.jpg\" rel=\"lightbox[236]\"><img loading=\"lazy\" decoding=\"async\" style=\"border: 1px solid black; margin-top: 20px; margin-bottom: 20px;\" title=\"Marie- Susanna Pors\" alt=\"\" src=\"http:\/\/fotod.orav.ee\/mariesusannaporssmall.jpg\" width=\"166\" height=\"242\" align=\"right\" border=\"1\" vspace=\"20\" \/><\/a><\/p>\n","protected":false},"excerpt":{"rendered":"<p>vanemad: RIHO PORS ja MARJANA PORS \u00f5ed \/ vennad: JOHANNES PORS, SAARA PORS, MIIA- ELIISE PORS ja JESSE PORS Marie- Susanna Pors s\u00fcndis 17. juunil 2000. aastal Tallinnas. Kolme aastasena l\u00e4ks ta Kiili lasteaeda. 2007. aasta s\u00fcgisest hakkab Marie Susanna \u00f5ppima Kiili G\u00fcmnaasiumis.<\/p>\n","protected":false},"author":1,"featured_media":0,"parent":23,"menu_order":0,"comment_status":"open","ping_status":"open","template":"","meta":{"_acf_changed":false,"footnotes":""},"class_list":["post-236","page","type-page","status-publish","hentry"],"acf":[],"_links":{"self":[{"href":"https:\/\/orav.ee\/index.php?rest_route=\/wp\/v2\/pages\/236","targetHints":{"allow":["GET"]}}],"collection":[{"href":"https:\/\/orav.ee\/index.php?rest_route=\/wp\/v2\/pages"}],"about":[{"href":"https:\/\/orav.ee\/index.php?rest_route=\/wp\/v2\/types\/page"}],"author":[{"embeddable":true,"href":"https:\/\/orav.ee\/index.php?rest_route=\/wp\/v2\/users\/1"}],"replies":[{"embeddable":true,"href":"https:\/\/orav.ee\/index.php?rest_route=%2Fwp%2Fv2%2Fcomments&post=236"}],"version-history":[{"count":7,"href":"https:\/\/orav.ee\/index.php?rest_route=\/wp\/v2\/pages\/236\/revisions"}],"predecessor-version":[{"id":2677,"href":"https:\/\/orav.ee\/index.php?rest_route=\/wp\/v2\/pages\/236\/revisions\/2677"}],"up":[{"embeddable":true,"href":"https:\/\/orav.ee\/index.php?rest_route=\/wp\/v2\/pages\/23"}],"wp:attachment":[{"href":"https:\/\/orav.ee\/index.php?rest_route=%2Fwp%2Fv2%2Fmedia&parent=236"}],"curies":[{"name":"wp","href":"https:\/\/api.w.org\/{rel}","templated":true}]}}