{"id":234,"date":"2008-07-25T19:17:28","date_gmt":"2008-07-25T16:17:28","guid":{"rendered":"http:\/\/raino.orav.ee\/?page_id=234"},"modified":"2013-11-04T14:16:18","modified_gmt":"2013-11-04T12:16:18","slug":"riho-pors","status":"publish","type":"page","link":"https:\/\/orav.ee\/?page_id=234","title":{"rendered":"riho pors"},"content":{"rendered":"<p class=\"MsoNormal\" style=\"text-align: justify; line-height: 50%;\">\n<p class=\"MsoNormal\" style=\"text-align: justify; line-height: 50%;\">vanemad:<\/p>\n<p class=\"MsoNormal\" style=\"text-align: justify; line-height: 50%;\">\u00f5ed \/ vennad:<\/p>\n<p class=\"MsoNormal\" style=\"text-align: justify; line-height: 50%;\">abikaasa: <a style=\"font-size: 11px; font-weight: bold;\" title=\"Marjana Pors\" href=\"http:\/\/www.orav.ee\/?page_id=233\">MARJANA PORS<\/a><\/p>\n<p class=\"MsoNormal\" style=\"text-align: justify; line-height: 50%;\">lapsed: <a style=\"font-size: 11px; font-weight: bold;\" title=\"Johannes Pors\" href=\"http:\/\/www.orav.ee\/?page_id=235\">JOHANNES PORS<\/a>, <a style=\"font-size: 11px; font-weight: bold;\" title=\"Marie- Susanna Pors\" href=\"http:\/\/www.orav.ee\/?page_id=236\">MARIE- SUSANNA PORS<\/a>, <a style=\"font-size: 11px; font-weight: bold;\" title=\"Sara Pors\" href=\"http:\/\/www.orav.ee\/?page_id=237\">SAARA PORS<\/a>, <a style=\"font-size: 11px; font-weight: bold;\" title=\"Miia- Eliise Pors\" href=\"http:\/\/www.orav.ee\/\/?page_id=238\">MIIA- ELIISE PORS<\/a> ja <a style=\"font-size: 11px; font-weight: bold;\" title=\"Jesse Pors\" href=\"http:\/\/www.orav.ee\/?page_id=239\">JESSE PORS<\/a><\/p>\n<p class=\"MsoNormal\" style=\"text-align: justify; line-height: 150%;\">\n<p class=\"MsoNormal\" style=\"text-align: justify; line-height: 150%;\"><strong><span style=\"font-family: Tahoma;\">Riho Pors<\/span><\/strong><span style=\"font-family: Tahoma;\"> s\u00fcndis 29. oktoobril 1964. aastal Tallinnas. Keskkooli l\u00f5petas Riho Saaremaal Leisis. Ta \u00f5ppis Tallinna 2. tehnikakoolis kinomehaanikuks. Riho on \u00f5ppinud 3 aastat Tallinna Pedagoogika \u00dclikoolis (praegu Tallinna \u00dclikool) ja l\u00f5petanud Nelip\u00fchi Kiriku Piiblikooli.<br \/>\n<\/span><\/p>\n<p class=\"MsoNormal\" style=\"text-align: justify; line-height: 150%;\"><span style=\"font-family: Tahoma;\"><img loading=\"lazy\" decoding=\"async\" class=\"alignright\" style=\"border: 1px solid black; margin-top: 20px; margin-bottom: 20px;\" title=\"Riho Pors\" alt=\"\" src=\"http:\/\/fotod.orav.ee\/rihoporssmall.jpg\" width=\"162\" height=\"242\" \/><br \/>\n<\/span><\/p>\n","protected":false},"excerpt":{"rendered":"<p>vanemad: \u00f5ed \/ vennad: abikaasa: MARJANA PORS lapsed: JOHANNES PORS, MARIE- SUSANNA PORS, SAARA PORS, MIIA- ELIISE PORS ja JESSE PORS Riho Pors s\u00fcndis 29. oktoobril 1964. aastal Tallinnas. Keskkooli l\u00f5petas Riho Saaremaal Leisis. Ta \u00f5ppis Tallinna 2. tehnikakoolis kinomehaanikuks. Riho on \u00f5ppinud 3 aastat Tallinna Pedagoogika \u00dclikoolis (praegu Tallinna \u00dclikool) ja l\u00f5petanud Nelip\u00fchi Kiriku&hellip;<a href=\"https:\/\/orav.ee\/?page_id=234\" class=\"button\">Read more <span class=\"screen-reader-text\">riho pors<\/span><\/a><\/p>\n","protected":false},"author":1,"featured_media":0,"parent":23,"menu_order":0,"comment_status":"open","ping_status":"open","template":"","meta":{"_acf_changed":false,"footnotes":""},"class_list":["post-234","page","type-page","status-publish","hentry"],"acf":[],"_links":{"self":[{"href":"https:\/\/orav.ee\/index.php?rest_route=\/wp\/v2\/pages\/234","targetHints":{"allow":["GET"]}}],"collection":[{"href":"https:\/\/orav.ee\/index.php?rest_route=\/wp\/v2\/pages"}],"about":[{"href":"https:\/\/orav.ee\/index.php?rest_route=\/wp\/v2\/types\/page"}],"author":[{"embeddable":true,"href":"https:\/\/orav.ee\/index.php?rest_route=\/wp\/v2\/users\/1"}],"replies":[{"embeddable":true,"href":"https:\/\/orav.ee\/index.php?rest_route=%2Fwp%2Fv2%2Fcomments&post=234"}],"version-history":[{"count":10,"href":"https:\/\/orav.ee\/index.php?rest_route=\/wp\/v2\/pages\/234\/revisions"}],"predecessor-version":[{"id":2671,"href":"https:\/\/orav.ee\/index.php?rest_route=\/wp\/v2\/pages\/234\/revisions\/2671"}],"up":[{"embeddable":true,"href":"https:\/\/orav.ee\/index.php?rest_route=\/wp\/v2\/pages\/23"}],"wp:attachment":[{"href":"https:\/\/orav.ee\/index.php?rest_route=%2Fwp%2Fv2%2Fmedia&parent=234"}],"curies":[{"name":"wp","href":"https:\/\/api.w.org\/{rel}","templated":true}]}}