{"id":233,"date":"2008-07-25T19:15:50","date_gmt":"2008-07-25T16:15:50","guid":{"rendered":"http:\/\/raino.orav.ee\/?page_id=233"},"modified":"2013-11-04T14:17:19","modified_gmt":"2013-11-04T12:17:19","slug":"marjana-pors","status":"publish","type":"page","link":"https:\/\/orav.ee\/?page_id=233","title":{"rendered":"marjana pors"},"content":{"rendered":"<p class=\"MsoNormal\" style=\"text-align: justify; line-height: 50%;\">\n<p class=\"MsoNormal\" style=\"text-align: justify; line-height: 50%;\">vanemad: <strong>JAAK JAKK<\/strong> ja <a style=\"font-size: 11px; font-weight: bold;\" title=\"Meeli Jakk\" href=\"http:\/\/www.orav.ee\/?page_id=215\">MEELI JAKK<\/a><\/p>\n<p class=\"MsoNormal\" style=\"text-align: justify; line-height: 50%;\">\u00f5ed \/ vennad: <a style=\"font-size: 11px; font-weight: bold;\" title=\"Janek Jakk\" href=\"http:\/\/www.orav.ee\/?page_id=227\">JANEK JAKK<\/a>, <a style=\"font-size: 11px; font-weight: bold;\" title=\"Jaan Sildoja\" href=\"http:\/\/www.orav.ee\/?page_id=224\">JAAN SILDOJA<\/a> ja <a style=\"font-size: 11px; font-weight: bold;\" title=\"Raido Sildoja\" href=\"http:\/\/www.orav.ee\/?page_id=225\">RAIDO SILDOJA<\/a><\/p>\n<p class=\"MsoNormal\" style=\"text-align: justify; line-height: 50%;\">abikaasa: <a style=\"font-size: 11px; font-weight: bold;\" title=\"Riho Pors\" href=\"http:\/\/www.orav.ee\/?page_id=234\">RIHO PORS<\/a><\/p>\n<p class=\"MsoNormal\" style=\"text-align: justify; line-height: 50%;\">lapsed: <a style=\"font-size: 11px; font-weight: bold;\" title=\"Johannes Pors\" href=\"http:\/\/www.orav.ee\/?page_id=235\">JOHANNES PORS<\/a>, <a style=\"font-size: 11px; font-weight: bold;\" title=\"Marie- Susanna Pors\" href=\"http:\/\/www.orav.ee\/?page_id=236\">MARIE- SUSANNA PORS<\/a>, <a style=\"font-size: 11px; font-weight: bold;\" title=\"Sara Pors\" href=\"http:\/\/www.orav.ee\/?page_id=237\">SAARA PORS<\/a>, <a style=\"font-size: 11px; font-weight: bold;\" title=\"Miia- Eliise Pors\" href=\"http:\/\/www.orav.ee\/?page_id=238\">MIIA- ELIISE PORS<\/a> ja <a style=\"font-size: 11px; font-weight: bold;\" title=\"Jesse Pors\" href=\"http:\/\/www.orav.ee\/?page_id=239\">JESSE PORS<\/a><\/p>\n<p class=\"MsoNormal\" style=\"text-align: justify; line-height: 150%;\">\n<p class=\"MsoNormal\" style=\"text-align: justify; line-height: 150%;\"><strong><span style=\"font-family: Tahoma;\">Marjana Pors<\/span><\/strong><span style=\"font-family: Tahoma;\"> (Jakk) s\u00fcndis 19. juulil 1973 P\u00e4rnus. Lapsep\u00f5lv m\u00f6\u00f6dus p\u00f5hiliselt Kehtna alevikus Raplamaal. V\u00e4ga sageli sai \u00f5htuti koos vanematega olla kasuisa vanematekodus. K\u00f5ige enam sai oldud aga P\u00e4rnumaa vanaema-vanaisa juures. P\u00e4rnumaal V\u00f5iduk\u00fclas veedetud aeg andis Marjanale v\u00e4ga palju eluks kaasa. K\u00f5ik vanaema \u00f5petused t\u00f6\u00f6st ja elust on tal siiani s\u00fcdames.<\/span><\/p>\n<p class=\"MsoNormal\" style=\"text-align: justify; line-height: 150%;\"><span style=\"font-family: Tahoma;\">Marjana \u00f5ppis Kehtna 8-klassilises koolis ja Rapla 2. Keskkoolis, mille l\u00f5petas 1991. 1992 \u2013 1993 \u00f5ppis ta Tartu Piiblikoolis ja 1994 \u2013 1995 Tallinna Piiblikoolis. \u00dche aasta \u00f5ppis ta ka Kehtna K\u00f5rgemas P\u00f5llumajanduskoolis kodumajandus\u00f5petaja erialal.<\/span><\/p>\n<p class=\"MsoNormal\" style=\"text-align: justify; line-height: 150%;\"><span style=\"font-family: Tahoma;\">T\u00f6\u00f6tanud on Marjana aastatel 1992 \u2013 97 erinevatel ametikohtadel: tantsu\u00f5petajana Kehtna lasteaias, koolis ja tehnikumis; koristajana, \u00f5mblejana. 1998. aastal asus ta t\u00f6\u00f6le Tallinna \u201eK\u00e4o\u201c p\u00e4evakeskuses, mis on m\u00f5eldud puuetega lastele.<\/span><\/p>\n<p class=\"MsoNormal\" style=\"text-align: justify; line-height: 150%;\"><span style=\"font-family: Tahoma;\">1998. aasta 15. m\u00e4rtsil kihlus Marjana Rihoga ja abiellus sama aasta 30. mail. Marjana ja Riho on kristlased ja elavad s\u00fcgavas usus Jumalasse. Perre on s\u00fcndinud 5 last: Johannes, Marie Susanna, Saara, Miia Eliise ja Jesse.<\/span><\/p>\n<p class=\"MsoNormal\" style=\"text-align: justify; line-height: 150%;\"><a title=\"Marjana Pors\" href=\"http:\/\/fotod.orav.ee\/marjanapors.jpg\" rel=\"lightbox[233]\"><img loading=\"lazy\" decoding=\"async\" class=\"alignright\" style=\"border: 1px solid black; margin-top: 20px; margin-bottom: 20px;\" title=\"Marjana Pors\" alt=\"\" src=\"http:\/\/fotod.orav.ee\/marjanaporssmall.jpg\" width=\"166\" height=\"242\" align=\"right\" border=\"1\" vspace=\"20\" \/><\/a><\/p>\n","protected":false},"excerpt":{"rendered":"<p>vanemad: JAAK JAKK ja MEELI JAKK \u00f5ed \/ vennad: JANEK JAKK, JAAN SILDOJA ja RAIDO SILDOJA abikaasa: RIHO PORS lapsed: JOHANNES PORS, MARIE- SUSANNA PORS, SAARA PORS, MIIA- ELIISE PORS ja JESSE PORS Marjana Pors (Jakk) s\u00fcndis 19. juulil 1973 P\u00e4rnus. Lapsep\u00f5lv m\u00f6\u00f6dus p\u00f5hiliselt Kehtna alevikus Raplamaal. V\u00e4ga sageli sai \u00f5htuti koos vanematega olla kasuisa&hellip;<a href=\"https:\/\/orav.ee\/?page_id=233\" class=\"button\">Read more <span class=\"screen-reader-text\">marjana pors<\/span><\/a><\/p>\n","protected":false},"author":1,"featured_media":0,"parent":23,"menu_order":0,"comment_status":"open","ping_status":"open","template":"","meta":{"_acf_changed":false,"footnotes":""},"class_list":["post-233","page","type-page","status-publish","hentry"],"acf":[],"_links":{"self":[{"href":"https:\/\/orav.ee\/index.php?rest_route=\/wp\/v2\/pages\/233","targetHints":{"allow":["GET"]}}],"collection":[{"href":"https:\/\/orav.ee\/index.php?rest_route=\/wp\/v2\/pages"}],"about":[{"href":"https:\/\/orav.ee\/index.php?rest_route=\/wp\/v2\/types\/page"}],"author":[{"embeddable":true,"href":"https:\/\/orav.ee\/index.php?rest_route=\/wp\/v2\/users\/1"}],"replies":[{"embeddable":true,"href":"https:\/\/orav.ee\/index.php?rest_route=%2Fwp%2Fv2%2Fcomments&post=233"}],"version-history":[{"count":6,"href":"https:\/\/orav.ee\/index.php?rest_route=\/wp\/v2\/pages\/233\/revisions"}],"predecessor-version":[{"id":2675,"href":"https:\/\/orav.ee\/index.php?rest_route=\/wp\/v2\/pages\/233\/revisions\/2675"}],"up":[{"embeddable":true,"href":"https:\/\/orav.ee\/index.php?rest_route=\/wp\/v2\/pages\/23"}],"wp:attachment":[{"href":"https:\/\/orav.ee\/index.php?rest_route=%2Fwp%2Fv2%2Fmedia&parent=233"}],"curies":[{"name":"wp","href":"https:\/\/api.w.org\/{rel}","templated":true}]}}