{"id":231,"date":"2008-07-25T19:12:19","date_gmt":"2008-07-25T16:12:19","guid":{"rendered":"http:\/\/raino.orav.ee\/?page_id=231"},"modified":"2009-10-31T16:49:18","modified_gmt":"2009-10-31T14:49:18","slug":"helliki-jakk","status":"publish","type":"page","link":"https:\/\/orav.ee\/?page_id=231","title":{"rendered":"helliki jakk"},"content":{"rendered":"<p class=\"MsoNormal\" style=\"text-align: justify; line-height: 50%\" align=\"justify\">\n<p class=\"MsoNormal\" style=\"text-align: justify; line-height: 50%\" align=\"justify\">vanemad: <a style=\"font-size: 11px; font-weight: bold\" title=\"Janek Jakk\" href=\"http:\/\/www.orav.ee\/?page_id=227\">JANEK JAKK<\/a> ja <a style=\"font-size: 11px; font-weight: bold\" title=\"Merike Muldmaa\" href=\"http:\/\/www.orav.ee\/?page_id=230\">MERIKE MULDMAA<\/a><\/p>\n<p class=\"MsoNormal\" style=\"text-align: justify; line-height: 50%\" align=\"justify\">\u00f5ed \/ vennad: <a style=\"font-size: 11px; font-weight: bold\" title=\"Rasmus Jakk\" href=\"http:\/\/www.orav.ee\/?page_id=232\">RASMUS JAKK<\/a><\/p>\n<p class=\"MsoNormal\" style=\"text-align: justify; line-height: 150%\" align=\"justify\">\n<p class=\"MsoNormal\" style=\"text-align: justify; line-height: 150%\" align=\"justify\"><strong><span style=\"font-family: Tahoma;\">Helliki Jakk<\/span><\/strong><span style=\"font-family: Tahoma;\"> s\u00fcndis 27. juunil 1996. aastal Raplas. Helliki on k\u00e4inud Rapla Naksitrallide lasteaias. Alates 2003. aasta s\u00fcgisest \u00f5pib Helliki Rapla Vesiroosi G\u00fcmnaasiumis.<\/span><\/p>\n<p class=\"MsoNormal\" style=\"text-align: justify; line-height: 150%\"><a title=\"Helliki Jakk\" href=\"http:\/\/fotod.orav.ee\/hellikijakk.jpg\" rel=\"lightbox[231]\"><img loading=\"lazy\" decoding=\"async\" class=\"alignright\" style=\"border: 1px solid black; margin-top: 20px; margin-bottom: 20px;\" title=\"Helliki Jakk\" src=\"http:\/\/fotod.orav.ee\/hellikijakksmall.jpg\" border=\"1\" alt=\"\" vspace=\"20\" width=\"166\" height=\"242\" align=\"right\" \/><\/a><\/p>\n","protected":false},"excerpt":{"rendered":"<p>vanemad: JANEK JAKK ja MERIKE MULDMAA \u00f5ed \/ vennad: RASMUS JAKK Helliki Jakk s\u00fcndis 27. juunil 1996. aastal Raplas. Helliki on k\u00e4inud Rapla Naksitrallide lasteaias. Alates 2003. aasta s\u00fcgisest \u00f5pib Helliki Rapla Vesiroosi G\u00fcmnaasiumis.<\/p>\n","protected":false},"author":1,"featured_media":0,"parent":23,"menu_order":0,"comment_status":"open","ping_status":"open","template":"","meta":{"_acf_changed":false,"footnotes":""},"class_list":["post-231","page","type-page","status-publish","hentry"],"acf":[],"_links":{"self":[{"href":"https:\/\/orav.ee\/index.php?rest_route=\/wp\/v2\/pages\/231","targetHints":{"allow":["GET"]}}],"collection":[{"href":"https:\/\/orav.ee\/index.php?rest_route=\/wp\/v2\/pages"}],"about":[{"href":"https:\/\/orav.ee\/index.php?rest_route=\/wp\/v2\/types\/page"}],"author":[{"embeddable":true,"href":"https:\/\/orav.ee\/index.php?rest_route=\/wp\/v2\/users\/1"}],"replies":[{"embeddable":true,"href":"https:\/\/orav.ee\/index.php?rest_route=%2Fwp%2Fv2%2Fcomments&post=231"}],"version-history":[{"count":3,"href":"https:\/\/orav.ee\/index.php?rest_route=\/wp\/v2\/pages\/231\/revisions"}],"predecessor-version":[{"id":331,"href":"https:\/\/orav.ee\/index.php?rest_route=\/wp\/v2\/pages\/231\/revisions\/331"}],"up":[{"embeddable":true,"href":"https:\/\/orav.ee\/index.php?rest_route=\/wp\/v2\/pages\/23"}],"wp:attachment":[{"href":"https:\/\/orav.ee\/index.php?rest_route=%2Fwp%2Fv2%2Fmedia&parent=231"}],"curies":[{"name":"wp","href":"https:\/\/api.w.org\/{rel}","templated":true}]}}