{"id":230,"date":"2008-07-25T19:10:43","date_gmt":"2008-07-25T16:10:43","guid":{"rendered":"http:\/\/raino.orav.ee\/?page_id=230"},"modified":"2009-10-31T17:31:09","modified_gmt":"2009-10-31T15:31:09","slug":"merike-muldmaa","status":"publish","type":"page","link":"https:\/\/orav.ee\/?page_id=230","title":{"rendered":"merike muldmaa"},"content":{"rendered":"<p class=\"MsoNormal\" style=\"text-align: justify; line-height: 50%\">\n<p class=\"MsoNormal\" style=\"text-align: justify; line-height: 50%\">vanemad:<\/p>\n<p class=\"MsoNormal\" style=\"text-align: justify; line-height: 50%\">\u00f5ed \/ vennad:<\/p>\n<p class=\"MsoNormal\" style=\"text-align: justify; line-height: 50%\">elukaaslane: <a style=\"font-size: 11px; font-weight: bold\" title=\"Janek Jakk\" href=\"http:\/\/www.orav.ee\/?page_id=227\">JANEK JAKK<\/a><\/p>\n<p class=\"MsoNormal\" style=\"text-align: justify; line-height: 50%\">lapsed: <a style=\"font-size: 11px; font-weight: bold\" title=\"Helliki Jakk\" href=\"http:\/\/www.orav.ee\/?page_id=231\">HELLIKI JAKK<\/a> ja <a style=\"font-size: 11px; font-weight: bold\" title=\"Rasmus Jakk\" href=\"http:\/\/www.orav.ee\/?page_id=232\">RASMUS JAKK<\/a><\/p>\n<p class=\"MsoNormal\" style=\"text-align: justify; line-height: 150%\">\n<p class=\"MsoNormal\" style=\"text-align: justify; line-height: 150%\"><strong><span style=\"font-family: Tahoma;\">Merike Muldmaa<\/span><\/strong><span style=\"font-family: Tahoma;\"> s\u00fcndis 13. jaanuaril 1975 P\u00e4rnus. Lapsep\u00f5lv m\u00f6\u00f6dus Raplas, seal l\u00f5petas Merike 1993. aastal ka keskkooli. Merike on t\u00f6\u00f6tanud Eesti Valvekoondises (hiljem ESS) operaatorina. Alates koondise \u00fcmberstruktureerimisest t\u00f6\u00f6tab Merike spordipoes m\u00fc\u00fcjana. Olles alates 2005. aastast lastega kodus, teeb Merike ehitusfirmadele raamatupidamist ja aitab muu paberimajandusega.<\/span><\/p>\n<p class=\"MsoNormal\" style=\"text-align: justify; line-height: 150%\"><a title=\"Merike Muldmaa\" href=\"http:\/\/fotod.orav.ee\/merikemuldmaa.jpg\" rel=\"lightbox[230]\"><img loading=\"lazy\" decoding=\"async\" class=\"alignright\" style=\"border: 1px solid black; margin-top: 35px; margin-bottom: 35px;\" title=\"Merike Muldmaa\" src=\"http:\/\/fotod.orav.ee\/merikemuldmaasmall.jpg\" border=\"1\" alt=\"\" vspace=\"35\" width=\"166\" height=\"242\" align=\"right\" \/><\/a><\/p>\n","protected":false},"excerpt":{"rendered":"<p>vanemad: \u00f5ed \/ vennad: elukaaslane: JANEK JAKK lapsed: HELLIKI JAKK ja RASMUS JAKK Merike Muldmaa s\u00fcndis 13. jaanuaril 1975 P\u00e4rnus. Lapsep\u00f5lv m\u00f6\u00f6dus Raplas, seal l\u00f5petas Merike 1993. aastal ka keskkooli. Merike on t\u00f6\u00f6tanud Eesti Valvekoondises (hiljem ESS) operaatorina. Alates koondise \u00fcmberstruktureerimisest t\u00f6\u00f6tab Merike spordipoes m\u00fc\u00fcjana. Olles alates 2005. aastast lastega kodus, teeb Merike ehitusfirmadele raamatupidamist&hellip;<a href=\"https:\/\/orav.ee\/?page_id=230\" class=\"button\">Read more <span class=\"screen-reader-text\">merike muldmaa<\/span><\/a><\/p>\n","protected":false},"author":1,"featured_media":0,"parent":23,"menu_order":0,"comment_status":"open","ping_status":"open","template":"","meta":{"_acf_changed":false,"footnotes":""},"class_list":["post-230","page","type-page","status-publish","hentry"],"acf":[],"_links":{"self":[{"href":"https:\/\/orav.ee\/index.php?rest_route=\/wp\/v2\/pages\/230","targetHints":{"allow":["GET"]}}],"collection":[{"href":"https:\/\/orav.ee\/index.php?rest_route=\/wp\/v2\/pages"}],"about":[{"href":"https:\/\/orav.ee\/index.php?rest_route=\/wp\/v2\/types\/page"}],"author":[{"embeddable":true,"href":"https:\/\/orav.ee\/index.php?rest_route=\/wp\/v2\/users\/1"}],"replies":[{"embeddable":true,"href":"https:\/\/orav.ee\/index.php?rest_route=%2Fwp%2Fv2%2Fcomments&post=230"}],"version-history":[{"count":4,"href":"https:\/\/orav.ee\/index.php?rest_route=\/wp\/v2\/pages\/230\/revisions"}],"predecessor-version":[{"id":353,"href":"https:\/\/orav.ee\/index.php?rest_route=\/wp\/v2\/pages\/230\/revisions\/353"}],"up":[{"embeddable":true,"href":"https:\/\/orav.ee\/index.php?rest_route=\/wp\/v2\/pages\/23"}],"wp:attachment":[{"href":"https:\/\/orav.ee\/index.php?rest_route=%2Fwp%2Fv2%2Fmedia&parent=230"}],"curies":[{"name":"wp","href":"https:\/\/api.w.org\/{rel}","templated":true}]}}