{"id":227,"date":"2008-07-25T18:43:11","date_gmt":"2008-07-25T15:43:11","guid":{"rendered":"http:\/\/raino.orav.ee\/?page_id=227"},"modified":"2009-10-31T17:14:05","modified_gmt":"2009-10-31T15:14:05","slug":"janek-jakk","status":"publish","type":"page","link":"https:\/\/orav.ee\/?page_id=227","title":{"rendered":"janek jakk"},"content":{"rendered":"<p class=\"MsoNormal\" style=\"text-align: justify; line-height: 50%\">\n<p class=\"MsoNormal\" style=\"text-align: justify; line-height: 50%\">vanemad: <strong>JAAK JAKK<\/strong> ja <a style=\"font-size: 11px; font-weight: bold\" title=\"Meeli Jakk\" href=\"http:\/\/www.orav.ee\/?page_id=215\">MEELI JAKK<\/a><\/p>\n<p class=\"MsoNormal\" style=\"text-align: justify; line-height: 50%\">\u00f5ed \/ vennad: <a style=\"font-size: 11px; font-weight: bold\" title=\"Marjana Pors\" href=\"http:\/\/www.orav.ee\/?page_id=233\">MARJANA PORS<\/a>, <a style=\"font-size: 11px; font-weight: bold\" title=\"Jaan Sildoja\" href=\"http:\/\/www.orav.ee\/?page_id=224\">JAAN SILDOJA<\/a> ja <a style=\"font-size: 11px; font-weight: bold\" title=\"Raido Sildoja\" href=\"http:\/\/www.orav.ee\/?page_id=225\">RAIDO SILDOJA<\/a><\/p>\n<p class=\"MsoNormal\" style=\"text-align: justify; line-height: 50%\">elukaaslane: <a style=\"font-size: 11px; font-weight: bold\" title=\"Merike Muldmaa\" href=\"http:\/\/www.orav.ee\/?page_id=230\">MERIKE MULDMAA<\/a><\/p>\n<p class=\"MsoNormal\" style=\"text-align: justify; line-height: 50%\">lapsed: <a style=\"font-size: 11px; font-weight: bold\" title=\"Helliki Jakk\" href=\"http:\/\/www.orav.ee\/?page_id=231\">HELLIKI JAKK<\/a>, <a style=\"font-size: 11px; font-weight: bold\" title=\"Rasmus Jakk\" href=\"http:\/\/www.orav.ee\/?page_id=232\">RASMUS JAKK<\/a><\/p>\n<p class=\"MsoNormal\" style=\"text-align: justify; line-height: 150%\">\n<p class=\"MsoNormal\" style=\"text-align: justify; line-height: 150%\"><strong><span style=\"font-family: Tahoma;\">Janek Jakk<\/span><\/strong><span style=\"font-family: Tahoma;\"> s\u00fcndis Raplas 21. mail 1972. aastal. Esimesed kolm eluaastat m\u00f6\u00f6dusid Kehtnas, seej\u00e4rel elas Janek vanaema Miia ja vanaisa Jussi juures V\u00f5iduk\u00fclas Allikivi talus. P\u00f5hikooli l\u00f5petas Janek H\u00e4\u00e4demeestel ning seej\u00e4rel \u00f5ppis Tihemetsa Tehnikumis ja Kehtna K\u00f5rgemas P\u00f5llumajanduskoolis. Keskhariduse omandas Rapla \u00d5htukeskkoolis 1998. aastal.<\/span><\/p>\n<p class=\"MsoNormal\" style=\"text-align: justify; line-height: 150%\"><span style=\"font-family: Tahoma;\">Alates 1995. aastast elab Janek Raplas. Ta t\u00f6\u00f6tas Raplamaa P\u00e4\u00e4steteenistuses t\u00f5rjujana, vahtkonnavanemana ja v\u00e4lja\u00f5ppe instruktorina. Alates 1997. aastast teenib Janek leiba ehitust\u00f6\u00f6del.<\/span><\/p>\n<p class=\"MsoNormal\" style=\"text-align: justify; line-height: 150%\"><span style=\"font-family: Tahoma;\">Janeki elukaaslane on Merike Muldmaa, peres on 2 last: Helliki (1996) ja Rasmus (2005).<\/span><\/p>\n<p class=\"MsoNormal\" style=\"text-align: justify; line-height: 150%\"><a title=\"Janek Jakk\" href=\"http:\/\/fotod.orav.ee\/janekjakk.jpg\" rel=\"lightbox[227]\"><img loading=\"lazy\" decoding=\"async\" class=\"alignright\" style=\"border: 1px solid black; margin-top: 20px; margin-bottom: 20px;\" title=\"Janek Jakk\" src=\"http:\/\/fotod.orav.ee\/janekjakk.jpg\" border=\"1\" alt=\"\" vspace=\"20\" width=\"166\" height=\"242\" align=\"right\" \/><\/a><\/p>\n","protected":false},"excerpt":{"rendered":"<p>vanemad: JAAK JAKK ja MEELI JAKK \u00f5ed \/ vennad: MARJANA PORS, JAAN SILDOJA ja RAIDO SILDOJA elukaaslane: MERIKE MULDMAA lapsed: HELLIKI JAKK, RASMUS JAKK Janek Jakk s\u00fcndis Raplas 21. mail 1972. aastal. Esimesed kolm eluaastat m\u00f6\u00f6dusid Kehtnas, seej\u00e4rel elas Janek vanaema Miia ja vanaisa Jussi juures V\u00f5iduk\u00fclas Allikivi talus. P\u00f5hikooli l\u00f5petas Janek H\u00e4\u00e4demeestel ning seej\u00e4rel&hellip;<a href=\"https:\/\/orav.ee\/?page_id=227\" class=\"button\">Read more <span class=\"screen-reader-text\">janek jakk<\/span><\/a><\/p>\n","protected":false},"author":1,"featured_media":0,"parent":23,"menu_order":0,"comment_status":"open","ping_status":"open","template":"","meta":{"_acf_changed":false,"footnotes":""},"class_list":["post-227","page","type-page","status-publish","hentry"],"acf":[],"_links":{"self":[{"href":"https:\/\/orav.ee\/index.php?rest_route=\/wp\/v2\/pages\/227","targetHints":{"allow":["GET"]}}],"collection":[{"href":"https:\/\/orav.ee\/index.php?rest_route=\/wp\/v2\/pages"}],"about":[{"href":"https:\/\/orav.ee\/index.php?rest_route=\/wp\/v2\/types\/page"}],"author":[{"embeddable":true,"href":"https:\/\/orav.ee\/index.php?rest_route=\/wp\/v2\/users\/1"}],"replies":[{"embeddable":true,"href":"https:\/\/orav.ee\/index.php?rest_route=%2Fwp%2Fv2%2Fcomments&post=227"}],"version-history":[{"count":2,"href":"https:\/\/orav.ee\/index.php?rest_route=\/wp\/v2\/pages\/227\/revisions"}],"predecessor-version":[{"id":338,"href":"https:\/\/orav.ee\/index.php?rest_route=\/wp\/v2\/pages\/227\/revisions\/338"}],"up":[{"embeddable":true,"href":"https:\/\/orav.ee\/index.php?rest_route=\/wp\/v2\/pages\/23"}],"wp:attachment":[{"href":"https:\/\/orav.ee\/index.php?rest_route=%2Fwp%2Fv2%2Fmedia&parent=227"}],"curies":[{"name":"wp","href":"https:\/\/api.w.org\/{rel}","templated":true}]}}