{"id":225,"date":"2008-07-25T18:37:22","date_gmt":"2008-07-25T15:37:22","guid":{"rendered":"http:\/\/raino.orav.ee\/?page_id=225"},"modified":"2009-10-31T17:32:27","modified_gmt":"2009-10-31T15:32:27","slug":"raido-sildoja","status":"publish","type":"page","link":"https:\/\/orav.ee\/?page_id=225","title":{"rendered":"raido sildoja"},"content":{"rendered":"<p class=\"MsoNormal\" style=\"text-align: justify; line-height: 50%\">\n<p class=\"MsoNormal\" style=\"text-align: justify; line-height: 50%\">vanemad: <a style=\"font-size: 11px; font-weight: bold\" title=\"Rein Sildoja\" href=\"http:\/\/www.orav.ee\/?page_id=223\">REIN SILDOJA<\/a> ja <a style=\"font-size: 11px; font-weight: bold\" title=\"Meeli Jakk\" href=\"http:\/\/www.orav.ee\/?page_id=215\">MEELI JAKK<\/a><\/p>\n<p class=\"MsoNormal\" style=\"text-align: justify; line-height: 50%\">\u00f5ed \/ vennad: <a style=\"font-size: 11px; font-weight: bold\" title=\"Janek Jakk\" href=\"http:\/\/www.orav.ee\/?page_id=227\">JANEK JAKK<\/a>, <a style=\"font-size: 11px; font-weight: bold\" title=\"Marjana Pors\" href=\"http:\/\/www.orav.ee\/?page_id=233\">MARJANA PORS<\/a> ja <a style=\"font-size: 11px; font-weight: bold\" title=\"Jaan Sildoja\" href=\"http:\/\/www.orav.ee\/?page_id=224\">JAAN SILDOJA<\/a><\/p>\n<p class=\"MsoNormal\" style=\"text-align: justify; line-height: 150%\" align=\"justify\">\n<p class=\"MsoNormal\" style=\"text-align: justify; line-height: 150%\" align=\"justify\"><strong><span style=\"font-family: Tahoma;\">Raido Sildoja<\/span><\/strong><span style=\"font-family: Tahoma;\"> s\u00fcndis 14. mail 1987. aastal Kehtnas. Lapsep\u00f5lv m\u00f6\u00f6duski Kehtnas, samuti k\u00e4is Raido Kehtna P\u00f5hikoolis. P\u00e4rast Rapla Vesiroosi G\u00fcmnaasiumi l\u00f5petamist asus Raido 2006. aastal \u00f5ppima Tallinna Tehnikak\u00f5rgkooli (<a href=\"http:\/\/www.tktk.ee\/\" target=\"_blank\">www.tktk.ee<\/a>) ehitusinseneriks.<\/span><\/p>\n<p class=\"MsoNormal\" style=\"text-align: justify; line-height: 150%\" align=\"justify\"><span style=\"font-family: Tahoma;\">S\u00f5brad on Tema kohta \u00f6elnud aga j\u00e4rgmist. V\u00e4ga ilusate lokkide ja silmadega naljamees. V\u00f5tab metsikuid tantsupoognaid ja m\u00f5nikord serveerib p\u00e4ris mahlakaid lauseid. Hobideks sport (jalgpall, suusamaratonid) ja muusika. Hoolimata kalduvusest k\u00f5ike naljaks p\u00f6\u00f6rata, pidavat v\u00f5tma m\u00f5ningaid tegevusi siiski ka t\u00e4ie t\u00f5sidusega.<\/span><\/p>\n<p class=\"MsoNormal\" style=\"text-align: justify; line-height: 150%\" align=\"justify\">\n<p class=\"MsoNormal\" style=\"text-align: justify; line-height: 50%\" align=\"right\"><strong>REELIKA:<\/strong> <em>tore s\u00f5ber oled!<\/em><\/p>\n<p class=\"MsoNormal\" style=\"text-align: justify; line-height: 50%\" align=\"right\"><strong>LIISU:<\/strong> <em>jumala kipa poiss.<\/em><\/p>\n<p class=\"MsoNormal\" style=\"text-align: justify; line-height: 50%\" align=\"right\"><strong>AGE:<\/strong> <em>jaa Raido passiooni mees, nu ei ole hetke kui temaga nalja ei saaks toredake!<\/em><\/p>\n<p class=\"MsoNormal\" style=\"text-align: justify; line-height: 50%\" align=\"right\"><em> <\/em><strong>TOOMAS:<\/strong> <em>Raidoga saab alati nalja, koguaeg on nii jube naljakas lihtsal.<\/em><\/p>\n<p class=\"MsoNormal\" style=\"text-align: justify; line-height: 50%\" align=\"right\"><strong>NELE:<\/strong> <em>s\u00f5bralik ja tore inimene.<\/em><\/p>\n<p class=\"MsoNormal\" style=\"text-align: justify; line-height: 150%\"><a title=\"Raido Sildoja\" href=\"http:\/\/fotod.orav.ee\/raidosildoja.jpg\" rel=\"lightbox[225]\"><img loading=\"lazy\" decoding=\"async\" style=\"border: 1px solid black; margin-top: 20px; margin-bottom: 20px;\" title=\"Raido Sildoja\" src=\"http:\/\/fotod.orav.ee\/raidosildojasmall.jpg\" border=\"1\" alt=\"\" vspace=\"20\" width=\"242\" height=\"166\" align=\"right\" \/><\/a><\/p>\n","protected":false},"excerpt":{"rendered":"<p>vanemad: REIN SILDOJA ja MEELI JAKK \u00f5ed \/ vennad: JANEK JAKK, MARJANA PORS ja JAAN SILDOJA Raido Sildoja s\u00fcndis 14. mail 1987. aastal Kehtnas. Lapsep\u00f5lv m\u00f6\u00f6duski Kehtnas, samuti k\u00e4is Raido Kehtna P\u00f5hikoolis. P\u00e4rast Rapla Vesiroosi G\u00fcmnaasiumi l\u00f5petamist asus Raido 2006. aastal \u00f5ppima Tallinna Tehnikak\u00f5rgkooli (www.tktk.ee) ehitusinseneriks. S\u00f5brad on Tema kohta \u00f6elnud aga j\u00e4rgmist. V\u00e4ga ilusate&hellip;<a href=\"https:\/\/orav.ee\/?page_id=225\" class=\"button\">Read more <span class=\"screen-reader-text\">raido sildoja<\/span><\/a><\/p>\n","protected":false},"author":1,"featured_media":0,"parent":23,"menu_order":0,"comment_status":"open","ping_status":"open","template":"","meta":{"_acf_changed":false,"footnotes":""},"class_list":["post-225","page","type-page","status-publish","hentry"],"acf":[],"_links":{"self":[{"href":"https:\/\/orav.ee\/index.php?rest_route=\/wp\/v2\/pages\/225","targetHints":{"allow":["GET"]}}],"collection":[{"href":"https:\/\/orav.ee\/index.php?rest_route=\/wp\/v2\/pages"}],"about":[{"href":"https:\/\/orav.ee\/index.php?rest_route=\/wp\/v2\/types\/page"}],"author":[{"embeddable":true,"href":"https:\/\/orav.ee\/index.php?rest_route=\/wp\/v2\/users\/1"}],"replies":[{"embeddable":true,"href":"https:\/\/orav.ee\/index.php?rest_route=%2Fwp%2Fv2%2Fcomments&post=225"}],"version-history":[{"count":3,"href":"https:\/\/orav.ee\/index.php?rest_route=\/wp\/v2\/pages\/225\/revisions"}],"predecessor-version":[{"id":226,"href":"https:\/\/orav.ee\/index.php?rest_route=\/wp\/v2\/pages\/225\/revisions\/226"}],"up":[{"embeddable":true,"href":"https:\/\/orav.ee\/index.php?rest_route=\/wp\/v2\/pages\/23"}],"wp:attachment":[{"href":"https:\/\/orav.ee\/index.php?rest_route=%2Fwp%2Fv2%2Fmedia&parent=225"}],"curies":[{"name":"wp","href":"https:\/\/api.w.org\/{rel}","templated":true}]}}