{"id":224,"date":"2008-07-25T18:34:38","date_gmt":"2008-07-25T15:34:38","guid":{"rendered":"http:\/\/raino.orav.ee\/?page_id=224"},"modified":"2015-05-19T12:11:32","modified_gmt":"2015-05-19T10:11:32","slug":"jaan-sildoja","status":"publish","type":"page","link":"https:\/\/orav.ee\/?page_id=224","title":{"rendered":"jaan sildoja"},"content":{"rendered":"<p class=\"MsoNormal\" style=\"text-align: justify; line-height: 50%;\" align=\"justify\">\n<p class=\"MsoNormal\" style=\"text-align: justify; line-height: 50%;\" align=\"justify\">vanemad: <a style=\"font-size: 11px; font-weight: bold;\" title=\"Meeli Jakk\" href=\"http:\/\/www.orav.ee\/?page_id=215\">MEELI JAKK<\/a> ja <a style=\"font-size: 11px; font-weight: bold;\" title=\"Rein Sildoja\" href=\"http:\/\/www.orav.ee\/?page_id=223\">REIN SILDOJA<\/a><\/p>\n<p class=\"MsoNormal\" style=\"text-align: justify; line-height: 50%;\" align=\"justify\">\u00f5ed \/ vennad: <a style=\"font-size: 11px; font-weight: bold;\" title=\"Raido Sildoja\" href=\"http:\/\/www.orav.ee\/?page_id=225\">RAIDO SILDOJA<\/a>, <a style=\"font-size: 11px; font-weight: bold;\" title=\"Janek Jakk\" href=\"http:\/\/www.orav.ee\/?page_id=227\">JANEK JAKK<\/a> ja <a style=\"font-size: 11px; font-weight: bold;\" title=\"Marjana Pors\" href=\"http:\/\/www.orav.ee\/?page_id=233\">MARJANA PORS<\/a><\/p>\n<p class=\"MsoNormal\" style=\"text-align: justify; line-height: 50%;\" align=\"justify\">elukaaslane: <strong>TRIIN T\u00c4HTLA<\/strong><\/p>\n<p class=\"MsoNormal\" style=\"text-align: justify; line-height: 50%;\" align=\"justify\">lapsed: <strong>JASPER SILDOJA<\/strong> ja <strong>JAKO SILDOJA<\/strong><\/p>\n<p class=\"MsoNormal\" style=\"text-align: justify; line-height: 150%;\" align=\"justify\"><strong><span style=\"font-family: Tahoma;\">Jaan Sildoja<\/span><\/strong><span style=\"font-family: Tahoma;\"> s\u00fcndis 8. juunil 1985. aastal Kehtnas. Lapsep\u00f5lv m\u00f6\u00f6dus Kehtnas, samuti k\u00e4is Jaan Kehtna P\u00f5hikoolis. Keskhariduse sai Jaan Rapla Vesiroosi G\u00fcmnaasiumis. Ametit l\u00e4ks Jaan \u00f5ppima Sisekaitse Akadeemia Politseikolled\u017eisse, kust l\u00e4ks edasi \u00f5ppima Sisekaitse Akadeemia korrakaitse suunale. Seal \u00f5pin Jaan ka aastal 2007.<\/span><\/p>\n<p class=\"MsoNormal\" style=\"text-align: justify; line-height: 150%;\" align=\"justify\"><a title=\"Jaan Sildoja\" href=\"http:\/\/fotod.orav.ee\/jaansildoja.jpg\" rel=\"lightbox[224]\"><img loading=\"lazy\" decoding=\"async\" class=\"alignright\" style=\"border: 1px solid black; margin-top: 20px; margin-bottom: 20px;\" title=\"Jaan Sildoja\" src=\"http:\/\/fotod.orav.ee\/jaansildojasmall.jpg\" alt=\"\" width=\"242\" height=\"166\" align=\"right\" border=\"1\" vspace=\"20\" \/><\/a><\/p>\n","protected":false},"excerpt":{"rendered":"<p>vanemad: MEELI JAKK ja REIN SILDOJA \u00f5ed \/ vennad: RAIDO SILDOJA, JANEK JAKK ja MARJANA PORS elukaaslane: TRIIN T\u00c4HTLA lapsed: JASPER SILDOJA ja JAKO SILDOJA Jaan Sildoja s\u00fcndis 8. juunil 1985. aastal Kehtnas. Lapsep\u00f5lv m\u00f6\u00f6dus Kehtnas, samuti k\u00e4is Jaan Kehtna P\u00f5hikoolis. Keskhariduse sai Jaan Rapla Vesiroosi G\u00fcmnaasiumis. Ametit l\u00e4ks Jaan \u00f5ppima Sisekaitse Akadeemia Politseikolled\u017eisse, kust&hellip;<a href=\"https:\/\/orav.ee\/?page_id=224\" class=\"button\">Read more <span class=\"screen-reader-text\">jaan sildoja<\/span><\/a><\/p>\n","protected":false},"author":1,"featured_media":0,"parent":23,"menu_order":0,"comment_status":"open","ping_status":"open","template":"","meta":{"_acf_changed":false,"footnotes":""},"class_list":["post-224","page","type-page","status-publish","hentry"],"acf":[],"_links":{"self":[{"href":"https:\/\/orav.ee\/index.php?rest_route=\/wp\/v2\/pages\/224","targetHints":{"allow":["GET"]}}],"collection":[{"href":"https:\/\/orav.ee\/index.php?rest_route=\/wp\/v2\/pages"}],"about":[{"href":"https:\/\/orav.ee\/index.php?rest_route=\/wp\/v2\/types\/page"}],"author":[{"embeddable":true,"href":"https:\/\/orav.ee\/index.php?rest_route=\/wp\/v2\/users\/1"}],"replies":[{"embeddable":true,"href":"https:\/\/orav.ee\/index.php?rest_route=%2Fwp%2Fv2%2Fcomments&post=224"}],"version-history":[{"count":9,"href":"https:\/\/orav.ee\/index.php?rest_route=\/wp\/v2\/pages\/224\/revisions"}],"predecessor-version":[{"id":2841,"href":"https:\/\/orav.ee\/index.php?rest_route=\/wp\/v2\/pages\/224\/revisions\/2841"}],"up":[{"embeddable":true,"href":"https:\/\/orav.ee\/index.php?rest_route=\/wp\/v2\/pages\/23"}],"wp:attachment":[{"href":"https:\/\/orav.ee\/index.php?rest_route=%2Fwp%2Fv2%2Fmedia&parent=224"}],"curies":[{"name":"wp","href":"https:\/\/api.w.org\/{rel}","templated":true}]}}