{"id":223,"date":"2008-07-25T18:27:45","date_gmt":"2008-07-25T15:27:45","guid":{"rendered":"http:\/\/raino.orav.ee\/?page_id=223"},"modified":"2009-10-31T17:33:18","modified_gmt":"2009-10-31T15:33:18","slug":"rein-sildoja","status":"publish","type":"page","link":"https:\/\/orav.ee\/?page_id=223","title":{"rendered":"rein sildoja"},"content":{"rendered":"<p class=\"MsoNormal\" style=\"text-align: justify; line-height: 50%\">\n<p class=\"MsoNormal\" style=\"text-align: justify; line-height: 50%\">vanemad:<\/p>\n<p class=\"MsoNormal\" style=\"text-align: justify; line-height: 50%\">\u00f5ed \/ vennad:<\/p>\n<p class=\"MsoNormal\" style=\"text-align: justify; line-height: 50%\">elukaaslane: <a style=\"font-size: 11px; font-weight: bold\" title=\"Meeli Jakk\" href=\"http:\/\/www.orav.ee\/?page_id=215\">MEELI JAKK<\/a><\/p>\n<p class=\"MsoNormal\" style=\"text-align: justify; line-height: 150%\">lapsed: <a style=\"font-size: 11px; font-weight: bold\" title=\"Jaan Sildoja\" href=\"http:\/\/www.orav.ee\/?page_id=224\">JAAN SILDOJA<\/a> ja <a style=\"font-size: 11px; font-weight: bold\" title=\"Raido Sildoja\" href=\"http:\/\/www.orav.ee\/?page_id=225\">RAIDO SILDOJA<\/a><\/p>\n<p class=\"MsoNormal\" style=\"text-align: justify; line-height: 50%\">\n<p class=\"MsoNormal\" style=\"text-align: justify; line-height: 150%\"><strong><span style=\"font-family: Tahoma;\">Rein Sildoja<\/span><\/strong><span style=\"font-family: Tahoma;\"> s\u00fcndis 6. augustil 1953. aastal Kehtnas ja kasvas Kehtna l\u00e4hedal Kokamardi talus. Koolis k\u00e4is Rein Kehtna p\u00f5hikoolis ja Olustvere sovhoostehnikumis, kus \u00f5ppis agronoomiks. Alates 1975. aastast t\u00f6\u00f6tab Rein Eesti T\u00f5uloomakasvatajate \u00dchistus autojuhina. Muuhulgas on Rein k\u00f5va jahimees.<\/span><\/p>\n<p class=\"MsoNormal\" style=\"text-align: justify; line-height: 150%\"><a title=\"Rein Sildoja\" href=\"http:\/\/fotod.orav.ee\/reinsildoja.jpg\" rel=\"lightbox[223]\"><img loading=\"lazy\" decoding=\"async\" class=\"alignright\" style=\"border: 1px solid black; margin-top: 20px; margin-bottom: 20px;\" title=\"Rein Sildoja\" src=\"http:\/\/fotod.orav.ee\/reinsildoja.jpg\" border=\"1\" alt=\"\" vspace=\"20\" width=\"166\" height=\"242\" align=\"right\" \/><\/a><\/p>\n","protected":false},"excerpt":{"rendered":"<p>vanemad: \u00f5ed \/ vennad: elukaaslane: MEELI JAKK lapsed: JAAN SILDOJA ja RAIDO SILDOJA Rein Sildoja s\u00fcndis 6. augustil 1953. aastal Kehtnas ja kasvas Kehtna l\u00e4hedal Kokamardi talus. Koolis k\u00e4is Rein Kehtna p\u00f5hikoolis ja Olustvere sovhoostehnikumis, kus \u00f5ppis agronoomiks. Alates 1975. aastast t\u00f6\u00f6tab Rein Eesti T\u00f5uloomakasvatajate \u00dchistus autojuhina. Muuhulgas on Rein k\u00f5va jahimees.<\/p>\n","protected":false},"author":1,"featured_media":0,"parent":23,"menu_order":0,"comment_status":"open","ping_status":"open","template":"","meta":{"_acf_changed":false,"footnotes":""},"class_list":["post-223","page","type-page","status-publish","hentry"],"acf":[],"_links":{"self":[{"href":"https:\/\/orav.ee\/index.php?rest_route=\/wp\/v2\/pages\/223","targetHints":{"allow":["GET"]}}],"collection":[{"href":"https:\/\/orav.ee\/index.php?rest_route=\/wp\/v2\/pages"}],"about":[{"href":"https:\/\/orav.ee\/index.php?rest_route=\/wp\/v2\/types\/page"}],"author":[{"embeddable":true,"href":"https:\/\/orav.ee\/index.php?rest_route=\/wp\/v2\/users\/1"}],"replies":[{"embeddable":true,"href":"https:\/\/orav.ee\/index.php?rest_route=%2Fwp%2Fv2%2Fcomments&post=223"}],"version-history":[{"count":2,"href":"https:\/\/orav.ee\/index.php?rest_route=\/wp\/v2\/pages\/223\/revisions"}],"predecessor-version":[{"id":360,"href":"https:\/\/orav.ee\/index.php?rest_route=\/wp\/v2\/pages\/223\/revisions\/360"}],"up":[{"embeddable":true,"href":"https:\/\/orav.ee\/index.php?rest_route=\/wp\/v2\/pages\/23"}],"wp:attachment":[{"href":"https:\/\/orav.ee\/index.php?rest_route=%2Fwp%2Fv2%2Fmedia&parent=223"}],"curies":[{"name":"wp","href":"https:\/\/api.w.org\/{rel}","templated":true}]}}