{"id":222,"date":"2008-07-25T18:25:39","date_gmt":"2008-07-25T15:25:39","guid":{"rendered":"http:\/\/raino.orav.ee\/?page_id=222"},"modified":"2009-10-31T17:18:44","modified_gmt":"2009-10-31T15:18:44","slug":"johannes-orav","status":"publish","type":"page","link":"https:\/\/orav.ee\/?page_id=222","title":{"rendered":"johannes orav"},"content":{"rendered":"<p class=\"MsoNormal\" style=\"text-align: justify; line-height: 50%\">\n<p class=\"MsoNormal\" style=\"text-align: justify; line-height: 50%\" align=\"justify\">vanemad:<\/p>\n<p class=\"MsoNormal\" style=\"text-align: justify; line-height: 50%\" align=\"justify\">\u00f5ed \/ vennad:<\/p>\n<p class=\"MsoNormal\" style=\"text-align: justify; line-height: 50%\" align=\"justify\">abikaasa: <a style=\"font-size: 11px; font-weight: bold\" title=\"Miia Orav\" href=\"http:\/\/www.orav.ee\/?page_id=221\">MIIA ORAV<\/a><\/p>\n<p class=\"MsoNormal\" style=\"text-align: justify; line-height: 50%\" align=\"justify\">lapsed: <strong>JAAN ORAV<\/strong>, <strong>ELGO ORAV<\/strong>, <strong>PILLE ORAV<\/strong>, <a style=\"font-size: 11px; font-weight: bold\" title=\"Meeli Jakk\" href=\"http:\/\/www.orav.ee\/?page_id=215\">MEELI JAKK<\/a>, <a style=\"font-size: 11px; font-weight: bold\" title=\"Maaja Karjus\" href=\"http:\/\/www.orav.ee\/?page_id=241\">MAAJA KARJUS<\/a> ja <a style=\"font-size: 11px; font-weight: bold\" title=\"Kalle Orav\" href=\"http:\/\/www.orav.ee\/?page_id=210\">KALLE ORAV<\/a><\/p>\n<p class=\"MsoNormal\" style=\"text-align: justify; line-height: 150%\" align=\"justify\">\n<p class=\"MsoNormal\" style=\"text-align: justify; line-height: 150%\" align=\"justify\"><strong><span style=\"font-family: Tahoma;\">Johannes Orav<\/span><\/strong><span style=\"font-family: Tahoma;\"> s\u00fcndis 27. novembril 1922 H\u00e4\u00e4demeeste vallas Sook\u00fclas Allikivi talus. Koolis k\u00e4is 4 klassi. Johannest kutsuti terve elu Jussiks.<\/span><\/p>\n<p class=\"MsoNormal\" style=\"text-align: justify; line-height: 150%\" align=\"justify\"><span style=\"font-family: Tahoma;\">Kolhoosi algusaastatel valiti Juss kolhoosi esimeheks. Hiljem t\u00f6\u00f6tas ta p\u00f5llut\u00f6\u00f6del ja keeras traktorirooli.<\/span><\/p>\n<p class=\"MsoNormal\" style=\"text-align: justify; line-height: 150%\" align=\"justify\"><span style=\"font-family: Tahoma;\">Miia ja Juss pidasid <span style=\"color: #ffcc00;\"><strong>KULDPULMI<\/strong><\/span> 1996. aasta j\u00f5ulude ajal. Juss suri 3. septembril 1997. aastal ja Miia j\u00e4rgnes talle 11. detsembril 2002.<\/span><\/p>\n<p class=\"MsoNormal\" style=\"text-align: justify; line-height: 150%\" align=\"justify\"><span style=\"font-family: Tahoma;\"><strong><em>Miia ja Juss armastasid oma vana \u201eMoskvit\u0161iga\u201c palju ringi s\u00f5ita. Kui Kalle oli L\u00e4tis Sigulda kandis s\u00f5jav\u00e4es, s\u00f5ideti koos Meeli ja Leiliga teda vaatama. Vana auto mootor oli aga nii n\u00f5rk, et ei j\u00f5udnud reisiseltskonda m\u00e4est \u00fcles vedada. Juss kamandas siis naised autot tagant l\u00fckkama ja ise istus roolis. Kui auto m\u00e4kke sai, said naised j\u00e4lle autosse, et \u00fcheskoos m\u00e4est alla s\u00f5ita. J\u00e4rgmise m\u00e4e juures kordus sama lugu. L\u00f5bus reis oli.<\/em><\/strong><\/span><\/p>\n<p align=\"justify\"><a title=\"Johannes Orav\" href=\"http:\/\/fotod.orav.ee\/johannesorav.jpg\" rel=\"lightbox[222]\"><img loading=\"lazy\" decoding=\"async\" class=\"alignright\" style=\"border: 1px solid black; margin-top: 20px; margin-bottom: 20px;\" title=\"Johannes Orav\" src=\"http:\/\/fotod.orav.ee\/johannesorav.jpg\" border=\"1\" alt=\"\" vspace=\"20\" width=\"166\" height=\"242\" align=\"right\" \/><\/a><\/p>\n","protected":false},"excerpt":{"rendered":"<p>vanemad: \u00f5ed \/ vennad: abikaasa: MIIA ORAV lapsed: JAAN ORAV, ELGO ORAV, PILLE ORAV, MEELI JAKK, MAAJA KARJUS ja KALLE ORAV Johannes Orav s\u00fcndis 27. novembril 1922 H\u00e4\u00e4demeeste vallas Sook\u00fclas Allikivi talus. Koolis k\u00e4is 4 klassi. Johannest kutsuti terve elu Jussiks. Kolhoosi algusaastatel valiti Juss kolhoosi esimeheks. Hiljem t\u00f6\u00f6tas ta p\u00f5llut\u00f6\u00f6del ja keeras traktorirooli. Miia&hellip;<a href=\"https:\/\/orav.ee\/?page_id=222\" class=\"button\">Read more <span class=\"screen-reader-text\">johannes orav<\/span><\/a><\/p>\n","protected":false},"author":1,"featured_media":0,"parent":23,"menu_order":0,"comment_status":"open","ping_status":"open","template":"","meta":{"_acf_changed":false,"footnotes":""},"class_list":["post-222","page","type-page","status-publish","hentry"],"acf":[],"_links":{"self":[{"href":"https:\/\/orav.ee\/index.php?rest_route=\/wp\/v2\/pages\/222","targetHints":{"allow":["GET"]}}],"collection":[{"href":"https:\/\/orav.ee\/index.php?rest_route=\/wp\/v2\/pages"}],"about":[{"href":"https:\/\/orav.ee\/index.php?rest_route=\/wp\/v2\/types\/page"}],"author":[{"embeddable":true,"href":"https:\/\/orav.ee\/index.php?rest_route=\/wp\/v2\/users\/1"}],"replies":[{"embeddable":true,"href":"https:\/\/orav.ee\/index.php?rest_route=%2Fwp%2Fv2%2Fcomments&post=222"}],"version-history":[{"count":2,"href":"https:\/\/orav.ee\/index.php?rest_route=\/wp\/v2\/pages\/222\/revisions"}],"predecessor-version":[{"id":340,"href":"https:\/\/orav.ee\/index.php?rest_route=\/wp\/v2\/pages\/222\/revisions\/340"}],"up":[{"embeddable":true,"href":"https:\/\/orav.ee\/index.php?rest_route=\/wp\/v2\/pages\/23"}],"wp:attachment":[{"href":"https:\/\/orav.ee\/index.php?rest_route=%2Fwp%2Fv2%2Fmedia&parent=222"}],"curies":[{"name":"wp","href":"https:\/\/api.w.org\/{rel}","templated":true}]}}