{"id":221,"date":"2008-07-25T18:21:32","date_gmt":"2008-07-25T15:21:32","guid":{"rendered":"http:\/\/raino.orav.ee\/?page_id=221"},"modified":"2009-11-01T23:44:16","modified_gmt":"2009-11-01T21:44:16","slug":"miia-orav","status":"publish","type":"page","link":"https:\/\/orav.ee\/?page_id=221","title":{"rendered":"miia orav"},"content":{"rendered":"<p class=\"MsoNormal\" style=\"text-align: justify; line-height: 50%\">\n<p class=\"MsoNormal\" style=\"text-align: justify; line-height: 50%\" align=\"justify\">vanemad: <a style=\"font-size: 11px; font-weight: bold\" title=\"Mihkel (Mihael) Tali\" href=\"http:\/\/www.orav.ee\/?page_id=305\">MIHKEL (MIHAEL) TALI<\/a> ja <a style=\"font-size: 11px; font-weight: bold\" title=\"Anastasia M\u00e4ngel\" href=\"http:\/\/www.orav.ee\/?page_id=306\">ANASTASIA M\u00c4NGEL<\/a><\/p>\n<p class=\"MsoNormal\" style=\"text-align: justify; line-height: 50%\" align=\"justify\">\u00f5ed \/ vennad: <a style=\"font-size: 11px; font-weight: bold\" title=\"Agnia Tali\" href=\"http:\/\/www.orav.ee\/?page_id=216\">AGNIA TALI<\/a>, <a style=\"font-size: 11px; font-weight: bold\" title=\"Mati Tali\" href=\"http:\/\/www.orav.ee\/?page_id=248\">MATI TALI<\/a> ja <a style=\"font-size: 11px; font-weight: bold\" title=\"Jaan Tali\" href=\"http:\/\/www.orav.ee\/?page_id=301\">JAAN TALI<\/a><\/p>\n<p class=\"MsoNormal\" style=\"text-align: justify; line-height: 50%\" align=\"justify\">abikaasa: <a style=\"font-size: 11px; font-weight: bold\" title=\"Johannes Orav\" href=\"http:\/\/www.orav.ee\/?page_id=222\">JOHANNES ORAV<\/a><\/p>\n<p class=\"MsoNormal\" style=\"text-align: justify; line-height: 50%\" align=\"justify\">lapsed: <strong>JAAN ORAV<\/strong>, <strong>ELGO ORAV<\/strong>, <strong>PILLE ORAV<\/strong>, <a style=\"font-size: 11px; font-weight: bold\" title=\"Meeli Jakk\" href=\"http:\/\/www.orav.ee\/?page_id=215\">MEELI JAKK<\/a>, <a style=\"font-size: 11px; font-weight: bold\" title=\"Maaja Karjus\" href=\"http:\/\/www.orav.ee\/?page_id=241\">MAAJA KARJUS<\/a> ja <a style=\"font-size: 11px; font-weight: bold\" title=\"Kalle Orav\" href=\"http:\/\/www.orav.ee\/?page_id=210\">KALLE ORAV<\/a><\/p>\n<p class=\"MsoNormal\" style=\"text-align: justify; line-height: 150%\" align=\"justify\">\n<p class=\"MsoNormal\" style=\"text-align: justify; line-height: 150%\" align=\"justify\"><strong><span style=\"font-family: Tahoma;\">Miia Orav (Tali)<\/span><\/strong><span style=\"font-family: Tahoma;\"> s\u00fcndis 13.m\u00e4rtsil 1925 H\u00e4\u00e4demeeste vallas V\u00f5iduk\u00fclas. Miia k\u00e4is V\u00f5iduk\u00fcla koolis 6 klassi ja seej\u00e4rel l\u00e4ks \u00f5ppima kodut\u00fctarde kooli, mis j\u00e4i s\u00f5ja t\u00f5ttu pooleli.<\/span><\/p>\n<p align=\"justify\"><span style=\"font-family: Tahoma;\">Miia abiellus Johannes Orava\u2019ga 24. detsembril 1946. aastal. Miia ja Jussi perre s\u00fcndis 6 last: Jaan (1946-1946), Elgo (1947 \u2013 1967), Meeli (1949), Kalle (1950), Pille (1952-1965), Maaja (1957).<\/span><\/p>\n<p class=\"MsoNormal\" style=\"text-align: justify; line-height: 150%\" align=\"justify\"><span style=\"font-family: Tahoma;\">Miia tegi terve elu p\u00f5liseid talut\u00f6id. Allikivi talus tahtsid loomad talitamist ning p\u00f5llu- ja heinamaad korrahoidmist. P\u00f5llut\u00f6\u00f6del k\u00e4is ta ka H\u00e4\u00e4demeeste kolhoosis. Miia armastas laulda ja n\u00e4put\u00f6\u00f6d teha. Mitu korda n\u00e4dalas, ka raskete t\u00f6\u00f6p\u00e4evade \u00f5htuti, s\u00f5idutas Juss Miia H\u00e4\u00e4demeestele lauluproovi. Miia laulis nii \u00d5igeusu kiriku kooris ja naisansamblis aastak\u00fcmneid.<\/span><\/p>\n<p class=\"MsoNormal\" style=\"text-align: justify; line-height: 150%\" align=\"justify\"><em><span style=\"font-family: Tahoma;\"><strong>Miiaga juhtus alailma igasuguseid naljakaid juhtumisi. Kord kui Miia ja Juss Jaanil V\u00f5rus k\u00fclas olid, j\u00e4i Miia kempsu kinni. Sisenedes lukustas ukse, aga lahti teha enam ei osanud. Eks Jaanil oli ukse sulguriks selline vigur, mida Miia enne n\u00e4inud polnud. V\u00e4ljastpoolt ei saanud aga keegi teine teda muudmoodi aidata kui ainult juhendades. L\u00e4ks v\u00e4hemalt tunnikene l\u00e4bi ukse seletamist, enne kui Miia l\u00f5puks vangistusest v\u00e4lja sai. M\u00f5istetavalt ei saanud senikaua keegi teine ka oma loomulikke vajadusi rahuldada.<\/strong><\/span><\/em><\/p>\n<p class=\"MsoNormal\" style=\"text-align: justify; line-height: 150%\" align=\"justify\"><a title=\"Miia Orav\" href=\"http:\/\/fotod.orav.ee\/miiaorav.jpg\" rel=\"lightbox[221]\"><img loading=\"lazy\" decoding=\"async\" class=\"alignright\" style=\"border: 1px solid black; margin-top: 20px; margin-bottom: 20px;\" title=\"Miia Orav\" src=\"http:\/\/fotod.orav.ee\/miiaoravsmall.jpg\" border=\"1\" alt=\"\" vspace=\"20\" width=\"166\" height=\"242\" align=\"right\" \/><\/a><\/p>\n","protected":false},"excerpt":{"rendered":"<p>vanemad: MIHKEL (MIHAEL) TALI ja ANASTASIA M\u00c4NGEL \u00f5ed \/ vennad: AGNIA TALI, MATI TALI ja JAAN TALI abikaasa: JOHANNES ORAV lapsed: JAAN ORAV, ELGO ORAV, PILLE ORAV, MEELI JAKK, MAAJA KARJUS ja KALLE ORAV Miia Orav (Tali) s\u00fcndis 13.m\u00e4rtsil 1925 H\u00e4\u00e4demeeste vallas V\u00f5iduk\u00fclas. Miia k\u00e4is V\u00f5iduk\u00fcla koolis 6 klassi ja seej\u00e4rel l\u00e4ks \u00f5ppima kodut\u00fctarde kooli,&hellip;<a href=\"https:\/\/orav.ee\/?page_id=221\" class=\"button\">Read more <span class=\"screen-reader-text\">miia orav<\/span><\/a><\/p>\n","protected":false},"author":1,"featured_media":0,"parent":23,"menu_order":0,"comment_status":"open","ping_status":"open","template":"","meta":{"_acf_changed":false,"footnotes":""},"class_list":["post-221","page","type-page","status-publish","hentry"],"acf":[],"_links":{"self":[{"href":"https:\/\/orav.ee\/index.php?rest_route=\/wp\/v2\/pages\/221","targetHints":{"allow":["GET"]}}],"collection":[{"href":"https:\/\/orav.ee\/index.php?rest_route=\/wp\/v2\/pages"}],"about":[{"href":"https:\/\/orav.ee\/index.php?rest_route=\/wp\/v2\/types\/page"}],"author":[{"embeddable":true,"href":"https:\/\/orav.ee\/index.php?rest_route=\/wp\/v2\/users\/1"}],"replies":[{"embeddable":true,"href":"https:\/\/orav.ee\/index.php?rest_route=%2Fwp%2Fv2%2Fcomments&post=221"}],"version-history":[{"count":4,"href":"https:\/\/orav.ee\/index.php?rest_route=\/wp\/v2\/pages\/221\/revisions"}],"predecessor-version":[{"id":356,"href":"https:\/\/orav.ee\/index.php?rest_route=\/wp\/v2\/pages\/221\/revisions\/356"}],"up":[{"embeddable":true,"href":"https:\/\/orav.ee\/index.php?rest_route=\/wp\/v2\/pages\/23"}],"wp:attachment":[{"href":"https:\/\/orav.ee\/index.php?rest_route=%2Fwp%2Fv2%2Fmedia&parent=221"}],"curies":[{"name":"wp","href":"https:\/\/api.w.org\/{rel}","templated":true}]}}