{"id":216,"date":"2008-07-25T18:04:11","date_gmt":"2008-07-25T15:04:11","guid":{"rendered":"http:\/\/raino.orav.ee\/?page_id=216"},"modified":"2009-10-31T17:07:27","modified_gmt":"2009-10-31T15:07:27","slug":"agnia-tali","status":"publish","type":"page","link":"https:\/\/orav.ee\/?page_id=216","title":{"rendered":"agnia tali"},"content":{"rendered":"<p class=\"MsoNormal\" style=\"text-align: justify; line-height: 50%\">\n<p class=\"MsoNormal\" style=\"text-align: justify; line-height: 50%\" align=\"justify\">vanemad: <a style=\"font-size: 11px; font-weight: bold\" title=\"Mihkel (Mihael) Tali\" href=\"http:\/\/www.orav.ee\/?page_id=305\">MIHKEL (MIHAEL) TALI<\/a> ja <a style=\"font-size: 11px; font-weight: bold\" title=\"Anastasia M\u00e4ngel\" href=\"http:\/\/www.orav.ee\/?page_id=306\">ANASTASIA M\u00c4NGEL<\/a><\/p>\n<p class=\"MsoNormal\" style=\"text-align: justify; line-height: 50%\" align=\"justify\">\u00f5ed \/ vennad: <a style=\"font-size: 11px; font-weight: bold\" title=\"Miia Orav\" href=\"http:\/\/www.orav.ee\/?page_id=221\">MIIA ORAV<\/a>, <a style=\"font-size: 11px; font-weight: bold\" title=\"Mati Tali\" href=\"http:\/\/www.orav.ee\/?page_id=248\">MATI TALI<\/a> ja <a style=\"font-size: 11px; font-weight: bold\" title=\"Jaan Tali\" href=\"http:\/\/www.orav.ee\/?page_id=301\">JAAN TALI<\/a><\/p>\n<p class=\"MsoNormal\" style=\"text-align: justify; line-height: 150%\" align=\"justify\">\n<p class=\"MsoNormal\" style=\"line-height: 150%; text-align: justify;\"><strong><span style=\"font-family: Tahoma;\">Agnia Tali<\/span><\/strong><span style=\"font-family: Tahoma;\"> s\u00fcndis 26. juunil 1921. Agnia t\u00f6\u00f6tas Tartu \u00d5petajate Seminari l\u00f5petamise j\u00e4rel H\u00e4\u00e4demeestel kooli\u00f5petajana. Elas samas vana postkontori teisel korrusel.<\/span><\/p>\n<p style=\"text-align: justify;\"><span style=\"font-family: Tahoma;\">Agnia \u00f5petas ka v\u00e4ikevenda Matit kodus. \u00d5petus oli nii hea, et kui Matil koolimineku aeg k\u00e4tte j\u00f5udis, sai ta I klassis ainult \u00fche kuu k\u00e4ia. Oktoobris viidi ta p\u00e4rast p\u00f5hjalikku \u201e\u00fclekatsumist\u201c \u00fcle II klassi.<\/span><\/p>\n<p class=\"MsoNormal\" style=\"line-height: 150%; text-align: justify;\"><span style=\"font-family: Tahoma;\">Agnia suri v\u00e4ga noorelt \u2013 25 aastasena, 1946. aastal haigestumise tagaj\u00e4rjel.<\/span><\/p>\n<p style=\"text-align: justify;\"><span style=\"font-family: Tahoma;\"><strong><em>Kauaaegne H\u00e4\u00e4demeeste koolijuhataja Peeter S\u00f5rmus on Agniat hiljem meenutanud kui \u00f5petajaks s\u00fcndinud t\u00fcdrukut.<\/em><\/strong><\/span><\/p>\n<p class=\"MsoNormal\" style=\"text-align: justify; line-height: 150%\"><a title=\"Agnia Tali\" href=\"http:\/\/fotod.orav.ee\/agniatali.jpg\" rel=\"lightbox[216]\"><img loading=\"lazy\" decoding=\"async\" class=\"alignright\" style=\"border: 1px solid black; margin-top: 20px; margin-bottom: 20px;\" title=\"Agnia Tali\" src=\"http:\/\/fotod.orav.ee\/agniatali.jpg\" border=\"1\" alt=\"\" vspace=\"20\" width=\"166\" height=\"242\" align=\"right\" \/><\/a><\/p>\n","protected":false},"excerpt":{"rendered":"<p>vanemad: MIHKEL (MIHAEL) TALI ja ANASTASIA M\u00c4NGEL \u00f5ed \/ vennad: MIIA ORAV, MATI TALI ja JAAN TALI Agnia Tali s\u00fcndis 26. juunil 1921. Agnia t\u00f6\u00f6tas Tartu \u00d5petajate Seminari l\u00f5petamise j\u00e4rel H\u00e4\u00e4demeestel kooli\u00f5petajana. Elas samas vana postkontori teisel korrusel. Agnia \u00f5petas ka v\u00e4ikevenda Matit kodus. \u00d5petus oli nii hea, et kui Matil koolimineku aeg k\u00e4tte j\u00f5udis,&hellip;<a href=\"https:\/\/orav.ee\/?page_id=216\" class=\"button\">Read more <span class=\"screen-reader-text\">agnia tali<\/span><\/a><\/p>\n","protected":false},"author":1,"featured_media":0,"parent":23,"menu_order":0,"comment_status":"open","ping_status":"open","template":"","meta":{"_acf_changed":false,"footnotes":""},"class_list":["post-216","page","type-page","status-publish","hentry"],"acf":[],"_links":{"self":[{"href":"https:\/\/orav.ee\/index.php?rest_route=\/wp\/v2\/pages\/216","targetHints":{"allow":["GET"]}}],"collection":[{"href":"https:\/\/orav.ee\/index.php?rest_route=\/wp\/v2\/pages"}],"about":[{"href":"https:\/\/orav.ee\/index.php?rest_route=\/wp\/v2\/types\/page"}],"author":[{"embeddable":true,"href":"https:\/\/orav.ee\/index.php?rest_route=\/wp\/v2\/users\/1"}],"replies":[{"embeddable":true,"href":"https:\/\/orav.ee\/index.php?rest_route=%2Fwp%2Fv2%2Fcomments&post=216"}],"version-history":[{"count":3,"href":"https:\/\/orav.ee\/index.php?rest_route=\/wp\/v2\/pages\/216\/revisions"}],"predecessor-version":[{"id":328,"href":"https:\/\/orav.ee\/index.php?rest_route=\/wp\/v2\/pages\/216\/revisions\/328"}],"up":[{"embeddable":true,"href":"https:\/\/orav.ee\/index.php?rest_route=\/wp\/v2\/pages\/23"}],"wp:attachment":[{"href":"https:\/\/orav.ee\/index.php?rest_route=%2Fwp%2Fv2%2Fmedia&parent=216"}],"curies":[{"name":"wp","href":"https:\/\/api.w.org\/{rel}","templated":true}]}}