{"id":214,"date":"2008-07-25T17:59:33","date_gmt":"2008-07-25T14:59:33","guid":{"rendered":"http:\/\/raino.orav.ee\/?page_id=214"},"modified":"2009-10-31T12:10:26","modified_gmt":"2009-10-31T10:10:26","slug":"ketriin-orav","status":"publish","type":"page","link":"https:\/\/orav.ee\/?page_id=214","title":{"rendered":"ketriin orav"},"content":{"rendered":"<p class=\"MsoNormal\" style=\"text-align: justify; line-height: 50%\">\n<p class=\"MsoNormal\" style=\"text-align: justify; line-height: 50%\">vanemad: <a style=\"font-size: 11px; font-weight: bold\" title=\"Tarmo Orav\" href=\"http:\/\/www.orav.ee\/?page_id=184\">TARMO ORAV<\/a> ja <a style=\"font-size: 11px; font-weight: bold\" title=\"Anu Veemees\" href=\"http:\/\/www.orav.ee\/?page_id=213\">ANU VEEMEES<\/a><\/p>\n<p class=\"MsoNormal\" style=\"text-align: justify; line-height: 50%\">isapoolsed vanavanemad: <a style=\"font-size: 11px; font-weight: bold\" title=\"Kalle Orav\" href=\"http:\/\/www.orav.ee\/?page_id=210\">KALLE ORAV<\/a> ja <a style=\"font-size: 11px; font-weight: bold\" title=\"Sirje Orav\" href=\"http:\/\/www.orav.ee\/?page_id=211\">SIRJE ORAV<\/a><\/p>\n<p class=\"MsoNormal\" style=\"text-align: justify; line-height: 50%\">emapoolsed vanavanemad: <strong>MIHKEL VEEMEES<\/strong> ja <strong>LAINE VEEMEES<\/strong><\/p>\n<p class=\"MsoNormal\" style=\"text-align: justify; line-height: 150%\">\n<p class=\"MsoNormal\" style=\"text-align: justify; line-height: 150%\"><strong><span style=\"font-family: Tahoma;\">Ketriin Orav<\/span><\/strong><span style=\"font-family: Tahoma;\"> s\u00fcndis 21. augustil 2005 P\u00e4rnus ja elab koos ema-isaga Paikusel. 2007 aasta septembrist k\u00e4ib Ketriin Paikuse Mesimumm lasteaias (<a href=\"http:\/\/www.paikusemesimumm.ee\" target=\"_blank\">www.paikusemesimumm.ee<\/a>), kus talle v\u00e4ga meeldib.<\/span><\/p>\n<p class=\"MsoNormal\" style=\"text-align: justify; line-height: 150%\"><a title=\"Ketriin Orav\" href=\"http:\/\/fotod.orav.ee\/ketriinorav.jpg\" rel=\"lightbox[214]\"><img loading=\"lazy\" decoding=\"async\" style=\"border: 1px solid black; margin-top: 20px; margin-bottom: 20px;\" title=\"Ketriin Orav\" src=\"http:\/\/fotod.orav.ee\/ketriinoravsmall.jpg\" border=\"1\" alt=\"\" vspace=\"20\" width=\"242\" height=\"166\" align=\"right\" \/><\/a><\/p>\n","protected":false},"excerpt":{"rendered":"<p>vanemad: TARMO ORAV ja ANU VEEMEES isapoolsed vanavanemad: KALLE ORAV ja SIRJE ORAV emapoolsed vanavanemad: MIHKEL VEEMEES ja LAINE VEEMEES Ketriin Orav s\u00fcndis 21. augustil 2005 P\u00e4rnus ja elab koos ema-isaga Paikusel. 2007 aasta septembrist k\u00e4ib Ketriin Paikuse Mesimumm lasteaias (www.paikusemesimumm.ee), kus talle v\u00e4ga meeldib.<\/p>\n","protected":false},"author":1,"featured_media":0,"parent":23,"menu_order":0,"comment_status":"open","ping_status":"open","template":"","meta":{"_acf_changed":false,"footnotes":""},"class_list":["post-214","page","type-page","status-publish","hentry"],"acf":[],"_links":{"self":[{"href":"https:\/\/orav.ee\/index.php?rest_route=\/wp\/v2\/pages\/214","targetHints":{"allow":["GET"]}}],"collection":[{"href":"https:\/\/orav.ee\/index.php?rest_route=\/wp\/v2\/pages"}],"about":[{"href":"https:\/\/orav.ee\/index.php?rest_route=\/wp\/v2\/types\/page"}],"author":[{"embeddable":true,"href":"https:\/\/orav.ee\/index.php?rest_route=\/wp\/v2\/users\/1"}],"replies":[{"embeddable":true,"href":"https:\/\/orav.ee\/index.php?rest_route=%2Fwp%2Fv2%2Fcomments&post=214"}],"version-history":[{"count":3,"href":"https:\/\/orav.ee\/index.php?rest_route=\/wp\/v2\/pages\/214\/revisions"}],"predecessor-version":[{"id":346,"href":"https:\/\/orav.ee\/index.php?rest_route=\/wp\/v2\/pages\/214\/revisions\/346"}],"up":[{"embeddable":true,"href":"https:\/\/orav.ee\/index.php?rest_route=\/wp\/v2\/pages\/23"}],"wp:attachment":[{"href":"https:\/\/orav.ee\/index.php?rest_route=%2Fwp%2Fv2%2Fmedia&parent=214"}],"curies":[{"name":"wp","href":"https:\/\/api.w.org\/{rel}","templated":true}]}}